{"id":1832,"date":"2024-02-13T01:56:53","date_gmt":"2024-02-13T04:56:53","guid":{"rendered":"https:\/\/bemfeitos.com.br\/?post_type=product&#038;p=1832"},"modified":"2025-01-24T00:43:00","modified_gmt":"2025-01-24T03:43:00","slug":"cad-col-tilidisco-soho-10m-160","status":"publish","type":"product","link":"https:\/\/bemfeitos.com.br\/index.php\/product\/cad-col-tilidisco-soho-10m-160\/","title":{"rendered":"Caderno Tilidisco CD Colegial Soho 10M 160 FLS"},"content":{"rendered":"<p>O Caderno Tilidisco Capa Dura Colegial 10 Mat\u00e9rias Soho 160 Folhas garante a liberdade para voc\u00ea se organizar como bem entender. O produto \u00e9 desenvolvido com capa dura remov\u00edvel, 9 discos coloridos, bolsa pl\u00e1stica, \u00edndice, separador de mat\u00e9rias, adesivos para decorar e miolo pautado com 160 folhas, de 90 g\/m\u00b2, soltas que podem ser tiradas e adicionadas quantas vezes quiser.<\/p>\n<p>Detalhes<\/p>\n<p>Acess\u00f3rios<\/p>\n<p>Bolsa pl\u00e1stica<\/p>\n<p>Capa acabamento<\/p>\n<p>Capa e Contracapa<\/p>\n<p>Discos<\/p>\n<p>Folha de adesivos<\/p>\n<p>Folhas: pautadas decoradas<\/p>\n<p>\u00cdndice\/separador de mat\u00e9rias decorados<\/p>\n<p>N\u00famero de mat\u00e9rias: 10 mat\u00e9rias<\/p>\n<p>Parte interna da capa decorada<\/p>\n<p>Produto certificado: FSC<\/p>\n<p>Formato: 177mm x 240mm<\/p>\n<p>Gramatura: 90 g\/m\u00b2<\/p>\n<p>N\u00famero de folhas: 160 folhas<\/p>\n","protected":false},"excerpt":{"rendered":"<p>O Caderno Tilidisco Capa Dura Colegial 10 Mat\u00e9rias Soho 160 Folhas garante a liberdade para voc\u00ea se organizar como bem entender.<\/p>\n","protected":false},"featured_media":1960,"comment_status":"open","ping_status":"closed","template":"","meta":{"_monsterinsights_skip_tracking":false,"_monsterinsights_sitenote_active":false,"_monsterinsights_sitenote_note":"","_monsterinsights_sitenote_category":0,"site-sidebar-layout":"default","site-content-layout":"","ast-site-content-layout":"default","site-content-style":"default","site-sidebar-style":"default","ast-global-header-display":"","ast-banner-title-visibility":"","ast-main-header-display":"","ast-hfb-above-header-display":"","ast-hfb-below-header-display":"","ast-hfb-mobile-header-display":"","site-post-title":"","ast-breadcrumbs-content":"","ast-featured-img":"","footer-sml-layout":"","theme-transparent-header-meta":"default","adv-header-id-meta":"","stick-header-meta":"","header-above-stick-meta":"","header-main-stick-meta":"","header-below-stick-meta":"","astra-migrate-meta-layouts":"set"},"product_cat":[142],"product_tag":[102,60,103],"class_list":{"0":"post-1832","1":"product","2":"type-product","3":"status-publish","4":"has-post-thumbnail","6":"product_cat-caderno","7":"product_tag-caderno","8":"product_tag-tilibra","9":"product_tag-tilidisco","10":"desktop-align-left","11":"tablet-align-left","12":"mobile-align-left","14":"first","15":"instock","16":"purchasable","17":"product-type-simple"},"aioseo_notices":[],"_links":{"self":[{"href":"https:\/\/bemfeitos.com.br\/index.php\/wp-json\/wp\/v2\/product\/1832"}],"collection":[{"href":"https:\/\/bemfeitos.com.br\/index.php\/wp-json\/wp\/v2\/product"}],"about":[{"href":"https:\/\/bemfeitos.com.br\/index.php\/wp-json\/wp\/v2\/types\/product"}],"replies":[{"embeddable":true,"href":"https:\/\/bemfeitos.com.br\/index.php\/wp-json\/wp\/v2\/comments?post=1832"}],"version-history":[{"count":1,"href":"https:\/\/bemfeitos.com.br\/index.php\/wp-json\/wp\/v2\/product\/1832\/revisions"}],"predecessor-version":[{"id":2849,"href":"https:\/\/bemfeitos.com.br\/index.php\/wp-json\/wp\/v2\/product\/1832\/revisions\/2849"}],"wp:featuredmedia":[{"embeddable":true,"href":"https:\/\/bemfeitos.com.br\/index.php\/wp-json\/wp\/v2\/media\/1960"}],"wp:attachment":[{"href":"https:\/\/bemfeitos.com.br\/index.php\/wp-json\/wp\/v2\/media?parent=1832"}],"wp:term":[{"taxonomy":"product_cat","embeddable":true,"href":"https:\/\/bemfeitos.com.br\/index.php\/wp-json\/wp\/v2\/product_cat?post=1832"},{"taxonomy":"product_tag","embeddable":true,"href":"https:\/\/bemfeitos.com.br\/index.php\/wp-json\/wp\/v2\/product_tag?post=1832"}],"curies":[{"name":"wp","href":"https:\/\/api.w.org\/{rel}","templated":true}]}}