{"id":1835,"date":"2024-02-13T01:56:53","date_gmt":"2024-02-13T04:56:53","guid":{"rendered":"https:\/\/bemfeitos.com.br\/?post_type=product&#038;p=1835"},"modified":"2025-01-15T00:41:47","modified_gmt":"2025-01-15T03:41:47","slug":"cad-un-tilid-conn-snoopy10m160","status":"publish","type":"product","link":"https:\/\/bemfeitos.com.br\/index.php\/product\/cad-un-tilid-conn-snoopy10m160\/","title":{"rendered":"Caderno Tilidisco CD Universit\u00e1rio Snoopy 10M 160 Fls"},"content":{"rendered":"<p>O Caderno Tilidisco Capa Dura Universit\u00e1rio 10 Mat\u00e9rias Snoopy 160 Folhas garante a liberdade para voc\u00ea se organizar como bem entender. O produto \u00e9 desenvolvido com capa dura remov\u00edvel, 11 discos coloridos, bolsa pl\u00e1stica, \u00edndice, separador de mat\u00e9rias, adesivos para decorar e miolo pautado com 160 folhas, de 90 g\/m\u00b2, soltas que podem ser tiradas e adicionadas quantas vezes quiser. Al\u00e9m disso, as folhas desse caderno s\u00e3o compat\u00edveis com o aplicativo Tilibra Connect, dispon\u00edvel gratuitamente na Apple Store e Google Play. Com esse app voc\u00ea consegue digitalizar suas anota\u00e7\u00f5es com mais agilidade, elaborar perguntas e respostas com o conte\u00fado escaneado, criar e revisar fichas. Mais praticidade para estudar em qualquer hora e lugar!<br \/>\nBolsa: pl\u00e1stica<br \/>\nCapa acabamento: com detalhe metalizado<br \/>\nCapa e Contracapa: duras, costuradas, com acabamento pl\u00e1stico para encaixe dos discos<br \/>\nDiscos: 11 unidades com 33 mm de di\u00e2metro<br \/>\nFormato: 200mm x 275mm<br \/>\nGramatura: 90 g\/m\u00b2<br \/>\n\u00cdndice\/separador de mat\u00e9rias decorados: Sim<br \/>\nN\u00famero de folhas: 160 folhas<br \/>\nN\u00famero de mat\u00e9rias: 10 mat\u00e9rias<br \/>\nParte interna da capa decorada: Sim<br \/>\nProduto certificado: FSC<\/p>\n","protected":false},"excerpt":{"rendered":"<p>O Caderno Tilidisco Capa Dura Universit\u00e1rio 10 Mat\u00e9rias Snoopy 160 Folhas garante a liberdade para voc\u00ea se organizar como bem entender. <\/p>\n","protected":false},"featured_media":1953,"comment_status":"open","ping_status":"closed","template":"","meta":{"_monsterinsights_skip_tracking":false,"_monsterinsights_sitenote_active":false,"_monsterinsights_sitenote_note":"","_monsterinsights_sitenote_category":0,"site-sidebar-layout":"default","site-content-layout":"","ast-site-content-layout":"default","site-content-style":"default","site-sidebar-style":"default","ast-global-header-display":"","ast-banner-title-visibility":"","ast-main-header-display":"","ast-hfb-above-header-display":"","ast-hfb-below-header-display":"","ast-hfb-mobile-header-display":"","site-post-title":"","ast-breadcrumbs-content":"","ast-featured-img":"","footer-sml-layout":"","theme-transparent-header-meta":"default","adv-header-id-meta":"","stick-header-meta":"","header-above-stick-meta":"","header-main-stick-meta":"","header-below-stick-meta":"","astra-migrate-meta-layouts":"set"},"product_cat":[142],"product_tag":[102,60,103],"class_list":{"0":"post-1835","1":"product","2":"type-product","3":"status-publish","4":"has-post-thumbnail","6":"product_cat-caderno","7":"product_tag-caderno","8":"product_tag-tilibra","9":"product_tag-tilidisco","10":"desktop-align-left","11":"tablet-align-left","12":"mobile-align-left","14":"first","15":"outofstock","16":"purchasable","17":"product-type-simple"},"aioseo_notices":[],"_links":{"self":[{"href":"https:\/\/bemfeitos.com.br\/index.php\/wp-json\/wp\/v2\/product\/1835"}],"collection":[{"href":"https:\/\/bemfeitos.com.br\/index.php\/wp-json\/wp\/v2\/product"}],"about":[{"href":"https:\/\/bemfeitos.com.br\/index.php\/wp-json\/wp\/v2\/types\/product"}],"replies":[{"embeddable":true,"href":"https:\/\/bemfeitos.com.br\/index.php\/wp-json\/wp\/v2\/comments?post=1835"}],"version-history":[{"count":1,"href":"https:\/\/bemfeitos.com.br\/index.php\/wp-json\/wp\/v2\/product\/1835\/revisions"}],"predecessor-version":[{"id":2858,"href":"https:\/\/bemfeitos.com.br\/index.php\/wp-json\/wp\/v2\/product\/1835\/revisions\/2858"}],"wp:featuredmedia":[{"embeddable":true,"href":"https:\/\/bemfeitos.com.br\/index.php\/wp-json\/wp\/v2\/media\/1953"}],"wp:attachment":[{"href":"https:\/\/bemfeitos.com.br\/index.php\/wp-json\/wp\/v2\/media?parent=1835"}],"wp:term":[{"taxonomy":"product_cat","embeddable":true,"href":"https:\/\/bemfeitos.com.br\/index.php\/wp-json\/wp\/v2\/product_cat?post=1835"},{"taxonomy":"product_tag","embeddable":true,"href":"https:\/\/bemfeitos.com.br\/index.php\/wp-json\/wp\/v2\/product_tag?post=1835"}],"curies":[{"name":"wp","href":"https:\/\/api.w.org\/{rel}","templated":true}]}}