{"id":1836,"date":"2024-02-13T01:56:53","date_gmt":"2024-02-13T04:56:53","guid":{"rendered":"https:\/\/bemfeitos.com.br\/?post_type=product&#038;p=1836"},"modified":"2025-02-02T15:03:57","modified_gmt":"2025-02-02T18:03:57","slug":"caderno-tilidisco-capa-dura-universitario-10-materias-soho-160-folhas","status":"publish","type":"product","link":"https:\/\/bemfeitos.com.br\/index.php\/product\/caderno-tilidisco-capa-dura-universitario-10-materias-soho-160-folhas\/","title":{"rendered":"Caderno Tilidisco Capa Dura Universit\u00e1rio Soho 10M 160 Fls"},"content":{"rendered":"<p>O Caderno Tilidisco Capa Dura Universit\u00e1rio 10 Mat\u00e9rias Soho garante a liberdade para voc\u00ea se organizar como bem entender. O produto \u00e9 desenvolvido com capa dura remov\u00edvel, 9 discos coloridos, bolsa pl\u00e1stica, \u00edndice, separador de mat\u00e9rias, adesivos para decorar e miolo pautado com 160 folhas, de 90 g\/m\u00b2, soltas que podem ser tiradas e adicionadas quantas vezes quiser.<br \/>\nAcess\u00f3rios: 11 discos com 33 mm de di\u00e2metro<br \/>\nBolsa: pl\u00e1stica<br \/>\nCapa acabamento: com detalhe metalizado<br \/>\nCapa e Contracapa: duras, costuradas, com acabamento pl\u00e1stico para encaixe dos discos<br \/>\nDiscos: 11 unidades com 33 mm de di\u00e2metro<br \/>\nFolhas: pautadas decoradas<br \/>\nFormato: 200mm x 275mm<br \/>\nGramatura: 90 g\/m\u00b2<br \/>\n\u00cdndice: decorado<br \/>\nN\u00famero de folhas: 160 folhas<br \/>\nN\u00famero de mat\u00e9rias: 10 mat\u00e9rias<br \/>\nParte interna da capa decorada: Sim<br \/>\nProduto certificado: FSC<\/p>\n","protected":false},"excerpt":{"rendered":"<p>O Caderno Tilidisco Capa Dura Universit\u00e1rio 10 Mat\u00e9rias Soho garante a liberdade para voc\u00ea se organizar como bem entender.<\/p>\n","protected":false},"featured_media":1950,"comment_status":"open","ping_status":"closed","template":"","meta":{"_monsterinsights_skip_tracking":false,"_monsterinsights_sitenote_active":false,"_monsterinsights_sitenote_note":"","_monsterinsights_sitenote_category":0,"site-sidebar-layout":"default","site-content-layout":"","ast-site-content-layout":"default","site-content-style":"default","site-sidebar-style":"default","ast-global-header-display":"","ast-banner-title-visibility":"","ast-main-header-display":"","ast-hfb-above-header-display":"","ast-hfb-below-header-display":"","ast-hfb-mobile-header-display":"","site-post-title":"","ast-breadcrumbs-content":"","ast-featured-img":"","footer-sml-layout":"","theme-transparent-header-meta":"default","adv-header-id-meta":"","stick-header-meta":"","header-above-stick-meta":"","header-main-stick-meta":"","header-below-stick-meta":"","astra-migrate-meta-layouts":"set"},"product_cat":[142,52],"product_tag":[102,151,60,103],"class_list":{"0":"post-1836","1":"product","2":"type-product","3":"status-publish","4":"has-post-thumbnail","6":"product_cat-caderno","7":"product_cat-cadernos","8":"product_tag-caderno","9":"product_tag-promocao","10":"product_tag-tilibra","11":"product_tag-tilidisco","12":"desktop-align-left","13":"tablet-align-left","14":"mobile-align-left","16":"first","17":"outofstock","18":"featured","19":"purchasable","20":"product-type-simple"},"aioseo_notices":[],"_links":{"self":[{"href":"https:\/\/bemfeitos.com.br\/index.php\/wp-json\/wp\/v2\/product\/1836"}],"collection":[{"href":"https:\/\/bemfeitos.com.br\/index.php\/wp-json\/wp\/v2\/product"}],"about":[{"href":"https:\/\/bemfeitos.com.br\/index.php\/wp-json\/wp\/v2\/types\/product"}],"replies":[{"embeddable":true,"href":"https:\/\/bemfeitos.com.br\/index.php\/wp-json\/wp\/v2\/comments?post=1836"}],"version-history":[{"count":1,"href":"https:\/\/bemfeitos.com.br\/index.php\/wp-json\/wp\/v2\/product\/1836\/revisions"}],"predecessor-version":[{"id":2848,"href":"https:\/\/bemfeitos.com.br\/index.php\/wp-json\/wp\/v2\/product\/1836\/revisions\/2848"}],"wp:featuredmedia":[{"embeddable":true,"href":"https:\/\/bemfeitos.com.br\/index.php\/wp-json\/wp\/v2\/media\/1950"}],"wp:attachment":[{"href":"https:\/\/bemfeitos.com.br\/index.php\/wp-json\/wp\/v2\/media?parent=1836"}],"wp:term":[{"taxonomy":"product_cat","embeddable":true,"href":"https:\/\/bemfeitos.com.br\/index.php\/wp-json\/wp\/v2\/product_cat?post=1836"},{"taxonomy":"product_tag","embeddable":true,"href":"https:\/\/bemfeitos.com.br\/index.php\/wp-json\/wp\/v2\/product_tag?post=1836"}],"curies":[{"name":"wp","href":"https:\/\/api.w.org\/{rel}","templated":true}]}}