{"id":1837,"date":"2024-02-13T01:56:53","date_gmt":"2024-02-13T04:56:53","guid":{"rendered":"https:\/\/bemfeitos.com.br\/?post_type=product&#038;p=1837"},"modified":"2025-01-24T00:41:50","modified_gmt":"2025-01-24T03:41:50","slug":"cad-arg-cart-coleg-s-l-snoopy","status":"publish","type":"product","link":"https:\/\/bemfeitos.com.br\/index.php\/product\/cad-arg-cart-coleg-s-l-snoopy\/","title":{"rendered":"Caderno Argolado Cartonado Colegial Snoopy 160 Folhas"},"content":{"rendered":"<p>O Caderno Argolado Cartonado Colegial Snoopy 160 Folhas possui formato compacto, \u00e9 leve e bastante funcional. Vem jogo de 6 divis\u00f3rias decoradas, folhas pautadas decoradas e bolsa pl\u00e1stica para guardar trabalhos e anota\u00e7\u00f5es.<br \/>\nO Caderno Argolado Colegial Snoopy \u00e9 uma vers\u00e3o mais moderna e clean do cl\u00e1ssico fich\u00e1rio. Este modelo, com 6 divis\u00f3rias decoradas, 160 folhas pautadas e bolsa pl\u00e1stica, \u00e9 estampado pelo c\u00e3ozinho que nasceu das hist\u00f3rias em quadrinhos e hoje est\u00e1 presente em todos os lugares, inclusive nos cadernos Tilibra.<\/p>\n<p>Por que escolher um caderno argolado colegial?<\/p>\n<p>A facilidade de incluir e tirar folhas \u00e9 o grande diferencial do caderno argolado. Por exemplo, voc\u00ea pode selecionar apenas os blocos que ir\u00e1 usar no dia e fazer uma limpa entre os bimestres para carregar menos peso. Ou, pode deix\u00e1-lo bem completo, arquivando tudo para turbinar seus estudos.<\/p>\n<p>Como escolher entre caderno argolado colegial e universit\u00e1rio?<\/p>\n<p>Se voc\u00ea gosta de praticidade, com certeza optar\u00e1 pelo formato colegial. O produto \u00e9 mais compacto, cabe em bolsas e mochilas. J\u00e1 o tamanho universit\u00e1rio \u00e9 maior, ideal para quem precisa de mais espa\u00e7o para escrita.<\/p>\n<p>Nunca acaba<\/p>\n<p>Outra vantagem do caderno argolado, independentemente do tamanho escolhido, \u00e9 que ele n\u00e3o tem fim como um caderno convencional. \u00c9 poss\u00edvel incluir diferentes tipos de refis.<\/p>\n","protected":false},"excerpt":{"rendered":"<p>O Caderno Argolado Cartonado Colegial Snoopy 160 Folhas \u00e9 compacto, leve e bastante funcional. Vindo 6 divis\u00f3rias decoradas, folhas pautadas decoradas.<\/p>\n","protected":false},"featured_media":1946,"comment_status":"open","ping_status":"closed","template":"","meta":{"_monsterinsights_skip_tracking":false,"_monsterinsights_sitenote_active":false,"_monsterinsights_sitenote_note":"","_monsterinsights_sitenote_category":0,"site-sidebar-layout":"default","site-content-layout":"","ast-site-content-layout":"default","site-content-style":"default","site-sidebar-style":"default","ast-global-header-display":"","ast-banner-title-visibility":"","ast-main-header-display":"","ast-hfb-above-header-display":"","ast-hfb-below-header-display":"","ast-hfb-mobile-header-display":"","site-post-title":"","ast-breadcrumbs-content":"","ast-featured-img":"","footer-sml-layout":"","theme-transparent-header-meta":"default","adv-header-id-meta":"","stick-header-meta":"","header-above-stick-meta":"","header-main-stick-meta":"","header-below-stick-meta":"","astra-migrate-meta-layouts":"set"},"product_cat":[142,52],"product_tag":[102,60],"class_list":{"0":"post-1837","1":"product","2":"type-product","3":"status-publish","4":"has-post-thumbnail","6":"product_cat-caderno","7":"product_cat-cadernos","8":"product_tag-caderno","9":"product_tag-tilibra","10":"desktop-align-left","11":"tablet-align-left","12":"mobile-align-left","14":"first","15":"outofstock","16":"purchasable","17":"product-type-simple"},"aioseo_notices":[],"_links":{"self":[{"href":"https:\/\/bemfeitos.com.br\/index.php\/wp-json\/wp\/v2\/product\/1837"}],"collection":[{"href":"https:\/\/bemfeitos.com.br\/index.php\/wp-json\/wp\/v2\/product"}],"about":[{"href":"https:\/\/bemfeitos.com.br\/index.php\/wp-json\/wp\/v2\/types\/product"}],"replies":[{"embeddable":true,"href":"https:\/\/bemfeitos.com.br\/index.php\/wp-json\/wp\/v2\/comments?post=1837"}],"version-history":[{"count":2,"href":"https:\/\/bemfeitos.com.br\/index.php\/wp-json\/wp\/v2\/product\/1837\/revisions"}],"predecessor-version":[{"id":2844,"href":"https:\/\/bemfeitos.com.br\/index.php\/wp-json\/wp\/v2\/product\/1837\/revisions\/2844"}],"wp:featuredmedia":[{"embeddable":true,"href":"https:\/\/bemfeitos.com.br\/index.php\/wp-json\/wp\/v2\/media\/1946"}],"wp:attachment":[{"href":"https:\/\/bemfeitos.com.br\/index.php\/wp-json\/wp\/v2\/media?parent=1837"}],"wp:term":[{"taxonomy":"product_cat","embeddable":true,"href":"https:\/\/bemfeitos.com.br\/index.php\/wp-json\/wp\/v2\/product_cat?post=1837"},{"taxonomy":"product_tag","embeddable":true,"href":"https:\/\/bemfeitos.com.br\/index.php\/wp-json\/wp\/v2\/product_tag?post=1837"}],"curies":[{"name":"wp","href":"https:\/\/api.w.org\/{rel}","templated":true}]}}