{"id":1838,"date":"2024-02-13T01:56:53","date_gmt":"2024-02-13T04:56:53","guid":{"rendered":"https:\/\/bemfeitos.com.br\/?post_type=product&#038;p=1838"},"modified":"2026-01-16T15:58:59","modified_gmt":"2026-01-16T18:58:59","slug":"cad-arg-cart-coleg-s-l-pooh","status":"publish","type":"product","link":"https:\/\/bemfeitos.com.br\/index.php\/product\/cad-arg-cart-coleg-s-l-pooh\/","title":{"rendered":"O Caderno Argolado Cartonado Colegial Pooh 160 Folhas"},"content":{"rendered":"<p>O Caderno Argolado Cartonado Colegial Pooh 160 Folhas possui formato compacto, \u00e9 leve e bastante funcional. Vem com capa dura com detalhe metalizado e parte interna decorada, divis\u00f3rias, folha adesiva, folhas pautadas decoradas e bolsa pl\u00e1stica para guardar trabalhos e anota\u00e7\u00f5es.<br \/>\nDetalhes:<\/p>\n<p>Bolsa pl\u00e1stica<\/p>\n<p>Capa: dura<\/p>\n<p>Capa acabamento: com material metalizado<\/p>\n<p>Divis\u00f3rias: decoradas<\/p>\n<p>Ferragem<\/p>\n<p>Folhas: pautadas decoradas<\/p>\n<p>Parte interna da capa decorada<\/p>\n<p>Produto certificado: FSC<\/p>\n<p>Formato: 177mm x 240mm<\/p>\n<p>Gramatura: 63 g\/m2<\/p>\n<p>N\u00famero de folhas: 160 folhas<\/p>\n","protected":false},"excerpt":{"rendered":"<p>O Caderno Argolado Cartonado Colegial Pooh 160 Folhas possui formato compacto, \u00e9 leve e bastante funcional. <\/p>\n","protected":false},"featured_media":1873,"comment_status":"open","ping_status":"closed","template":"","meta":{"_monsterinsights_skip_tracking":false,"_monsterinsights_sitenote_active":false,"_monsterinsights_sitenote_note":"","_monsterinsights_sitenote_category":0,"site-sidebar-layout":"default","site-content-layout":"","ast-site-content-layout":"default","site-content-style":"default","site-sidebar-style":"default","ast-global-header-display":"","ast-banner-title-visibility":"","ast-main-header-display":"","ast-hfb-above-header-display":"","ast-hfb-below-header-display":"","ast-hfb-mobile-header-display":"","site-post-title":"","ast-breadcrumbs-content":"","ast-featured-img":"","footer-sml-layout":"","theme-transparent-header-meta":"default","adv-header-id-meta":"","stick-header-meta":"","header-above-stick-meta":"","header-main-stick-meta":"","header-below-stick-meta":"","astra-migrate-meta-layouts":"set"},"product_cat":[142,52],"product_tag":[102,60],"class_list":{"0":"post-1838","1":"product","2":"type-product","3":"status-publish","4":"has-post-thumbnail","6":"product_cat-caderno","7":"product_cat-cadernos","8":"product_tag-caderno","9":"product_tag-tilibra","10":"desktop-align-left","11":"tablet-align-left","12":"mobile-align-left","14":"first","15":"outofstock","16":"purchasable","17":"product-type-simple"},"aioseo_notices":[],"_links":{"self":[{"href":"https:\/\/bemfeitos.com.br\/index.php\/wp-json\/wp\/v2\/product\/1838"}],"collection":[{"href":"https:\/\/bemfeitos.com.br\/index.php\/wp-json\/wp\/v2\/product"}],"about":[{"href":"https:\/\/bemfeitos.com.br\/index.php\/wp-json\/wp\/v2\/types\/product"}],"replies":[{"embeddable":true,"href":"https:\/\/bemfeitos.com.br\/index.php\/wp-json\/wp\/v2\/comments?post=1838"}],"version-history":[{"count":2,"href":"https:\/\/bemfeitos.com.br\/index.php\/wp-json\/wp\/v2\/product\/1838\/revisions"}],"predecessor-version":[{"id":2845,"href":"https:\/\/bemfeitos.com.br\/index.php\/wp-json\/wp\/v2\/product\/1838\/revisions\/2845"}],"wp:featuredmedia":[{"embeddable":true,"href":"https:\/\/bemfeitos.com.br\/index.php\/wp-json\/wp\/v2\/media\/1873"}],"wp:attachment":[{"href":"https:\/\/bemfeitos.com.br\/index.php\/wp-json\/wp\/v2\/media?parent=1838"}],"wp:term":[{"taxonomy":"product_cat","embeddable":true,"href":"https:\/\/bemfeitos.com.br\/index.php\/wp-json\/wp\/v2\/product_cat?post=1838"},{"taxonomy":"product_tag","embeddable":true,"href":"https:\/\/bemfeitos.com.br\/index.php\/wp-json\/wp\/v2\/product_tag?post=1838"}],"curies":[{"name":"wp","href":"https:\/\/api.w.org\/{rel}","templated":true}]}}