{"id":189,"date":"2023-08-27T00:54:00","date_gmt":"2023-08-27T03:54:00","guid":{"rendered":"https:\/\/bemfeitos.com.br\/?post_type=product&#038;p=189"},"modified":"2024-03-07T13:29:40","modified_gmt":"2024-03-07T16:29:40","slug":"ecolapis-supersoft-tons-de-pele-faber-castell","status":"publish","type":"product","link":"https:\/\/bemfeitos.com.br\/index.php\/product\/ecolapis-supersoft-tons-de-pele-faber-castell\/","title":{"rendered":"EcoL\u00e1pis de cor SuperSoft Tons de Pele Faber-Castell"},"content":{"rendered":"<div id=\"dvInmetro\" class=\"descricaoproduto__inmetro dvInmetro\"><\/div>\n<div id=\"descricaoPadrao\" class=\"descricaoproduto__item descricaoPadrao\">\n<p>Com o EcoL\u00e1pis de cor SuperSoft Faber-Castell voc\u00ea ter\u00e1 a melhor qualidade e uma linda apar\u00eancia em seus trabalhos! Eles possuem cores mais vivas e com \u00f3tima cobertura.<\/p>\n<hr \/>\n<p><strong><u>Especifica\u00e7\u00f5es<\/u><\/strong><\/p>\n<ul>\n<li>L\u00e1pis de cor em tons de pele<\/li>\n<li>Mina supermacia exclusiva, garantindo o m\u00e1ximo de conforto ao pintar<\/li>\n<li>Cores mais vivas e excelente cobertura, sobre pap\u00e9is claros e escuros<\/li>\n<li>Produzido com madeira 100% reflorestada e certificada pelo FSC\u00ae\u00a0: respeito ao meio ambiente<\/li>\n<\/ul>\n<\/div>\n<p>&nbsp;<\/p>\n<p><a href=\"https:\/\/bemfeitos.com.br\">Bem-Feito Presentes e Papelaria<\/a><\/p>\n","protected":false},"excerpt":{"rendered":"<p>Com o EcoL\u00e1pis de cor SuperSoft Faber-Castell voc\u00ea ter\u00e1 a melhor qualidade e uma linda apar\u00eancia em seus trabalhos com cores mais vivas e com \u00f3tima cobertura.<\/p>\n","protected":false},"featured_media":190,"comment_status":"open","ping_status":"closed","template":"","meta":{"_monsterinsights_skip_tracking":false,"_monsterinsights_sitenote_active":false,"_monsterinsights_sitenote_note":"","_monsterinsights_sitenote_category":0,"site-sidebar-layout":"default","site-content-layout":"","ast-site-content-layout":"default","site-content-style":"default","site-sidebar-style":"default","ast-global-header-display":"","ast-banner-title-visibility":"","ast-main-header-display":"","ast-hfb-above-header-display":"","ast-hfb-below-header-display":"","ast-hfb-mobile-header-display":"","site-post-title":"","ast-breadcrumbs-content":"","ast-featured-img":"","footer-sml-layout":"","theme-transparent-header-meta":"default","adv-header-id-meta":"","stick-header-meta":"","header-above-stick-meta":"","header-main-stick-meta":"","header-below-stick-meta":"","astra-migrate-meta-layouts":"set"},"product_cat":[21],"product_tag":[47],"class_list":{"0":"post-189","1":"product","2":"type-product","3":"status-publish","4":"has-post-thumbnail","6":"product_cat-lapis-de-cor","7":"product_tag-faber-castell","8":"desktop-align-left","9":"tablet-align-left","10":"mobile-align-left","12":"first","13":"instock","14":"purchasable","15":"product-type-simple"},"aioseo_notices":[],"_links":{"self":[{"href":"https:\/\/bemfeitos.com.br\/index.php\/wp-json\/wp\/v2\/product\/189"}],"collection":[{"href":"https:\/\/bemfeitos.com.br\/index.php\/wp-json\/wp\/v2\/product"}],"about":[{"href":"https:\/\/bemfeitos.com.br\/index.php\/wp-json\/wp\/v2\/types\/product"}],"replies":[{"embeddable":true,"href":"https:\/\/bemfeitos.com.br\/index.php\/wp-json\/wp\/v2\/comments?post=189"}],"version-history":[{"count":3,"href":"https:\/\/bemfeitos.com.br\/index.php\/wp-json\/wp\/v2\/product\/189\/revisions"}],"predecessor-version":[{"id":1202,"href":"https:\/\/bemfeitos.com.br\/index.php\/wp-json\/wp\/v2\/product\/189\/revisions\/1202"}],"wp:featuredmedia":[{"embeddable":true,"href":"https:\/\/bemfeitos.com.br\/index.php\/wp-json\/wp\/v2\/media\/190"}],"wp:attachment":[{"href":"https:\/\/bemfeitos.com.br\/index.php\/wp-json\/wp\/v2\/media?parent=189"}],"wp:term":[{"taxonomy":"product_cat","embeddable":true,"href":"https:\/\/bemfeitos.com.br\/index.php\/wp-json\/wp\/v2\/product_cat?post=189"},{"taxonomy":"product_tag","embeddable":true,"href":"https:\/\/bemfeitos.com.br\/index.php\/wp-json\/wp\/v2\/product_tag?post=189"}],"curies":[{"name":"wp","href":"https:\/\/api.w.org\/{rel}","templated":true}]}}