{"id":1977,"date":"2024-02-15T02:11:25","date_gmt":"2024-02-15T05:11:25","guid":{"rendered":"https:\/\/bemfeitos.com.br\/?post_type=product&#038;p=1977"},"modified":"2025-11-05T07:29:04","modified_gmt":"2025-11-05T10:29:04","slug":"caderno-tilibra-connect-universitario-minnie-1m-80-fls","status":"publish","type":"product","link":"https:\/\/bemfeitos.com.br\/index.php\/product\/caderno-tilibra-connect-universitario-minnie-1m-80-fls\/","title":{"rendered":"Caderno Tilibra Connect Universit\u00e1rio Minnie 1M 80 Fls"},"content":{"rendered":"<p>O Caderno Tilibra Connect 1 Mat\u00e9ria Minnie 80 Folhas possui capa dura com a parte interna decorada, bolsa de papel decorada para guardar trabalhos e anota\u00e7\u00f5es, folha com adesivos funcionais, folhas pautadas e espiral colorido. Ideal para o dia a dia na escola ou na faculdade.<br \/>\nAl\u00e9m disso, as folhas desse caderno s\u00e3o compat\u00edveis com o aplicativo Tilibra Connect, dispon\u00edvel gratuitamente na Apple Store e Google Play. Com esse app voc\u00ea consegue digitalizar suas anota\u00e7\u00f5es com mais agilidade, elaborar perguntas e respostas com o conte\u00fado escaneado, ciar e revisar fichas. Mais praticidade para estudar em qualquer hora e lugar!<\/p>\n<p>Item sortido: n\u00e3o garantimos a entrega de todas as estampas\/cores mostradas<\/p>\n<p>Bolsa: de papel decorada<br \/>\nCapa: dura<br \/>\nCapa acabamento: com detalhe metalizado<br \/>\nEspiral: colorido<br \/>\nFolhas: pautadas decoradas<br \/>\nFormato: 200mm x 275mm<br \/>\nGramatura: 56 g\/m\u00b2<br \/>\n\u00cdndice: decorado<br \/>\nN\u00famero de folhas: 80 folhas<br \/>\nN\u00famero de mat\u00e9rias: 1 mat\u00e9ria<br \/>\nParte interna da capa decorada: Sim<br \/>\nProduto certificado: FSC<\/p>\n","protected":false},"excerpt":{"rendered":"<p>Com o Caderno Tilibra Connect voc\u00ea consegue digitalizar suas anota\u00e7\u00f5es com mais agilidade, elaborar perguntas e respostas, criar e revisar fichas.<\/p>\n","protected":false},"featured_media":1980,"comment_status":"open","ping_status":"closed","template":"","meta":{"_monsterinsights_skip_tracking":false,"_monsterinsights_sitenote_active":false,"_monsterinsights_sitenote_note":"","_monsterinsights_sitenote_category":0,"site-sidebar-layout":"default","site-content-layout":"","ast-site-content-layout":"default","site-content-style":"default","site-sidebar-style":"default","ast-global-header-display":"","ast-banner-title-visibility":"","ast-main-header-display":"","ast-hfb-above-header-display":"","ast-hfb-below-header-display":"","ast-hfb-mobile-header-display":"","site-post-title":"","ast-breadcrumbs-content":"","ast-featured-img":"","footer-sml-layout":"","theme-transparent-header-meta":"default","adv-header-id-meta":"","stick-header-meta":"","header-above-stick-meta":"","header-main-stick-meta":"","header-below-stick-meta":"","astra-migrate-meta-layouts":"set"},"product_cat":[142],"product_tag":[102,60],"class_list":{"0":"post-1977","1":"product","2":"type-product","3":"status-publish","4":"has-post-thumbnail","6":"product_cat-caderno","7":"product_tag-caderno","8":"product_tag-tilibra","9":"desktop-align-left","10":"tablet-align-left","11":"mobile-align-left","13":"first","14":"instock","15":"purchasable","16":"product-type-simple"},"aioseo_notices":[],"_links":{"self":[{"href":"https:\/\/bemfeitos.com.br\/index.php\/wp-json\/wp\/v2\/product\/1977"}],"collection":[{"href":"https:\/\/bemfeitos.com.br\/index.php\/wp-json\/wp\/v2\/product"}],"about":[{"href":"https:\/\/bemfeitos.com.br\/index.php\/wp-json\/wp\/v2\/types\/product"}],"replies":[{"embeddable":true,"href":"https:\/\/bemfeitos.com.br\/index.php\/wp-json\/wp\/v2\/comments?post=1977"}],"version-history":[{"count":1,"href":"https:\/\/bemfeitos.com.br\/index.php\/wp-json\/wp\/v2\/product\/1977\/revisions"}],"predecessor-version":[{"id":2859,"href":"https:\/\/bemfeitos.com.br\/index.php\/wp-json\/wp\/v2\/product\/1977\/revisions\/2859"}],"wp:featuredmedia":[{"embeddable":true,"href":"https:\/\/bemfeitos.com.br\/index.php\/wp-json\/wp\/v2\/media\/1980"}],"wp:attachment":[{"href":"https:\/\/bemfeitos.com.br\/index.php\/wp-json\/wp\/v2\/media?parent=1977"}],"wp:term":[{"taxonomy":"product_cat","embeddable":true,"href":"https:\/\/bemfeitos.com.br\/index.php\/wp-json\/wp\/v2\/product_cat?post=1977"},{"taxonomy":"product_tag","embeddable":true,"href":"https:\/\/bemfeitos.com.br\/index.php\/wp-json\/wp\/v2\/product_tag?post=1977"}],"curies":[{"name":"wp","href":"https:\/\/api.w.org\/{rel}","templated":true}]}}