{"id":2003,"date":"2024-02-17T09:01:26","date_gmt":"2024-02-17T12:01:26","guid":{"rendered":"https:\/\/bemfeitos.com.br\/?post_type=product&#038;p=2003"},"modified":"2024-02-17T17:17:30","modified_gmt":"2024-02-17T20:17:30","slug":"grafite-escolar-polymer-0-5","status":"publish","type":"product","link":"https:\/\/bemfeitos.com.br\/index.php\/product\/grafite-escolar-polymer-0-5\/","title":{"rendered":"Grafite Escolar Polymer 0.5"},"content":{"rendered":"<p>O Grafite Escolar Polymer 0.5 da Faber-Castell possui 0.5mm de di\u00e2metro, sua gradua\u00e7\u00e3o \u00e9 HB e possui a tecnologia MAX resistente: menos quebra na mina e maior maciez e apagabilidade.<\/p>\n","protected":false},"excerpt":{"rendered":"<p>O Grafite Escolar Polymer possui 0.5mm de di\u00e2metro, sua gradua\u00e7\u00e3o \u00e9 HB, possui a tecnologia MAX resistente: menos quebra na mina,maior maciez e apagabilidade.<\/p>\n","protected":false},"featured_media":2375,"comment_status":"open","ping_status":"closed","template":"","meta":{"_monsterinsights_skip_tracking":false,"_monsterinsights_sitenote_active":false,"_monsterinsights_sitenote_note":"","_monsterinsights_sitenote_category":0,"site-sidebar-layout":"default","site-content-layout":"","ast-site-content-layout":"default","site-content-style":"default","site-sidebar-style":"default","ast-global-header-display":"","ast-banner-title-visibility":"","ast-main-header-display":"","ast-hfb-above-header-display":"","ast-hfb-below-header-display":"","ast-hfb-mobile-header-display":"","site-post-title":"","ast-breadcrumbs-content":"","ast-featured-img":"","footer-sml-layout":"","theme-transparent-header-meta":"default","adv-header-id-meta":"","stick-header-meta":"","header-above-stick-meta":"","header-main-stick-meta":"","header-below-stick-meta":"","astra-migrate-meta-layouts":"set"},"product_cat":[17,92],"product_tag":[116,47,87],"class_list":{"0":"post-2003","1":"product","2":"type-product","3":"status-publish","4":"has-post-thumbnail","6":"product_cat-acessorios","7":"product_cat-lapiseira","8":"product_tag-0-5","9":"product_tag-faber-castell","10":"product_tag-grafite","11":"desktop-align-left","12":"tablet-align-left","13":"mobile-align-left","15":"first","16":"instock","17":"purchasable","18":"product-type-simple"},"aioseo_notices":[],"_links":{"self":[{"href":"https:\/\/bemfeitos.com.br\/index.php\/wp-json\/wp\/v2\/product\/2003"}],"collection":[{"href":"https:\/\/bemfeitos.com.br\/index.php\/wp-json\/wp\/v2\/product"}],"about":[{"href":"https:\/\/bemfeitos.com.br\/index.php\/wp-json\/wp\/v2\/types\/product"}],"replies":[{"embeddable":true,"href":"https:\/\/bemfeitos.com.br\/index.php\/wp-json\/wp\/v2\/comments?post=2003"}],"version-history":[{"count":0,"href":"https:\/\/bemfeitos.com.br\/index.php\/wp-json\/wp\/v2\/product\/2003\/revisions"}],"wp:featuredmedia":[{"embeddable":true,"href":"https:\/\/bemfeitos.com.br\/index.php\/wp-json\/wp\/v2\/media\/2375"}],"wp:attachment":[{"href":"https:\/\/bemfeitos.com.br\/index.php\/wp-json\/wp\/v2\/media?parent=2003"}],"wp:term":[{"taxonomy":"product_cat","embeddable":true,"href":"https:\/\/bemfeitos.com.br\/index.php\/wp-json\/wp\/v2\/product_cat?post=2003"},{"taxonomy":"product_tag","embeddable":true,"href":"https:\/\/bemfeitos.com.br\/index.php\/wp-json\/wp\/v2\/product_tag?post=2003"}],"curies":[{"name":"wp","href":"https:\/\/api.w.org\/{rel}","templated":true}]}}