{"id":2011,"date":"2024-02-17T09:01:26","date_gmt":"2024-02-17T12:01:26","guid":{"rendered":"https:\/\/bemfeitos.com.br\/?post_type=product&#038;p=2011"},"modified":"2024-02-17T17:24:52","modified_gmt":"2024-02-17T20:24:52","slug":"lapiseira-bubble","status":"publish","type":"product","link":"https:\/\/bemfeitos.com.br\/index.php\/product\/lapiseira-bubble\/","title":{"rendered":"Lapiseira Bubble"},"content":{"rendered":"<p>A Lapiseira Bubble da Faber-Castell possui cores super divertidas e o acionamento superior da mina de grafite. Seu corpo possui grip emborrachado para maior conforto na escrita e n\u00e3o deixa a lapiseira escorregar da m\u00e3o. Possui borracha colorida no topo da lapiseira. Dispon\u00edvel para utilizar o grafite 0.5mm ou 0.7mm.<\/p>\n<p>Diferenciadores:<\/p>\n<p>Ponta 0.7mm<\/p>\n<p>Grip Emborrachado: n\u00e3o escorrega da m\u00e3o<\/p>\n<p>Borracha colorida no topo<\/p>\n<p>Dispon\u00edvel nas cores rosa e azul<\/p>\n","protected":false},"excerpt":{"rendered":"<p>A Lapiseira Bubble da Faber-Castell possui cores super divertidas e o acionamento superior da mina de grafite. <\/p>\n","protected":false},"featured_media":2391,"comment_status":"open","ping_status":"closed","template":"","meta":{"_monsterinsights_skip_tracking":false,"_monsterinsights_sitenote_active":false,"_monsterinsights_sitenote_note":"","_monsterinsights_sitenote_category":0,"site-sidebar-layout":"default","site-content-layout":"","ast-site-content-layout":"default","site-content-style":"default","site-sidebar-style":"default","ast-global-header-display":"","ast-banner-title-visibility":"","ast-main-header-display":"","ast-hfb-above-header-display":"","ast-hfb-below-header-display":"","ast-hfb-mobile-header-display":"","site-post-title":"","ast-breadcrumbs-content":"","ast-featured-img":"","footer-sml-layout":"","theme-transparent-header-meta":"default","adv-header-id-meta":"","stick-header-meta":"","header-above-stick-meta":"","header-main-stick-meta":"","header-below-stick-meta":"","astra-migrate-meta-layouts":"set"},"product_cat":[92],"product_tag":[47,118],"class_list":{"0":"post-2011","1":"product","2":"type-product","3":"status-publish","4":"has-post-thumbnail","6":"product_cat-lapiseira","7":"product_tag-faber-castell","8":"product_tag-lapiseira","9":"desktop-align-left","10":"tablet-align-left","11":"mobile-align-left","13":"first","14":"instock","15":"purchasable","16":"product-type-simple"},"aioseo_notices":[],"_links":{"self":[{"href":"https:\/\/bemfeitos.com.br\/index.php\/wp-json\/wp\/v2\/product\/2011"}],"collection":[{"href":"https:\/\/bemfeitos.com.br\/index.php\/wp-json\/wp\/v2\/product"}],"about":[{"href":"https:\/\/bemfeitos.com.br\/index.php\/wp-json\/wp\/v2\/types\/product"}],"replies":[{"embeddable":true,"href":"https:\/\/bemfeitos.com.br\/index.php\/wp-json\/wp\/v2\/comments?post=2011"}],"version-history":[{"count":0,"href":"https:\/\/bemfeitos.com.br\/index.php\/wp-json\/wp\/v2\/product\/2011\/revisions"}],"wp:featuredmedia":[{"embeddable":true,"href":"https:\/\/bemfeitos.com.br\/index.php\/wp-json\/wp\/v2\/media\/2391"}],"wp:attachment":[{"href":"https:\/\/bemfeitos.com.br\/index.php\/wp-json\/wp\/v2\/media?parent=2011"}],"wp:term":[{"taxonomy":"product_cat","embeddable":true,"href":"https:\/\/bemfeitos.com.br\/index.php\/wp-json\/wp\/v2\/product_cat?post=2011"},{"taxonomy":"product_tag","embeddable":true,"href":"https:\/\/bemfeitos.com.br\/index.php\/wp-json\/wp\/v2\/product_tag?post=2011"}],"curies":[{"name":"wp","href":"https:\/\/api.w.org\/{rel}","templated":true}]}}