{"id":215,"date":"2023-08-27T01:20:47","date_gmt":"2023-08-27T04:20:47","guid":{"rendered":"https:\/\/bemfeitos.com.br\/?post_type=product&#038;p=215"},"modified":"2024-03-07T13:27:26","modified_gmt":"2024-03-07T16:27:26","slug":"canetinha-hidrografica-2-pontas-super-duo-faber-castell","status":"publish","type":"product","link":"https:\/\/bemfeitos.com.br\/index.php\/product\/canetinha-hidrografica-2-pontas-super-duo-faber-castell\/","title":{"rendered":"Canetinha hidrogr\u00e1fica 2 pontas super duo Faber-Castell"},"content":{"rendered":"<div id=\"descricao-produto\" class=\"descricaoproduto collapse show\" aria-labelledby=\"Descri\u00e7\u00e3o do Produto\" data-parent=\"#descricaoProduto\">\n<div id=\"descricaoPadrao\" class=\"descricaoproduto__item descricaoPadrao\">\n<p>Canetinha hidrogr\u00e1fica 2 pontas super duo Faber-Castell dois jeitos de se divertir em uma caneta s\u00f3! Garanta sua brincadeira e a cor em seus desenhos!<\/p>\n<hr \/>\n<p><b><u>Especifica\u00e7\u00f5es<\/u><\/b><\/p>\n<ul>\n<li>Para colorir e carimbar<\/li>\n<li>Cores Vivas e pontas resistentes<\/li>\n<li>Tinta lav\u00e1vel na maioria dos tecidos<\/li>\n<\/ul>\n<p><strong>Embalagem<\/strong><\/p>\n<ul>\n<li>Cont\u00e9m 10 cores<\/li>\n<\/ul>\n<hr \/>\n<p class=\"text-center text-danger\"><strong>O produto n\u00e3o \u00e9 removivel de pap\u00e9is e pintura de parede, superficies pl\u00e1sticas, madeiras e outros materiais os quais n\u00e3o podem ser lavados.<\/strong><\/p>\n<\/div>\n<\/div>\n<p>&nbsp;<\/p>\n<p><a href=\"https:\/\/bemfeitos.com.br\">Bem-Feito Presentes e Papelaria\u00a0<\/a><\/p>\n","protected":false},"excerpt":{"rendered":"<p>Canetinha hidrogr\u00e1fica 2 pontas super duo Faber-Castell dois jeitos de se divertir em uma caneta s\u00f3! Garanta sua brincadeira e a cor em seus desenhos!<\/p>\n","protected":false},"featured_media":216,"comment_status":"open","ping_status":"closed","template":"","meta":{"_monsterinsights_skip_tracking":false,"_monsterinsights_sitenote_active":false,"_monsterinsights_sitenote_note":"","_monsterinsights_sitenote_category":0,"site-sidebar-layout":"default","site-content-layout":"","ast-site-content-layout":"default","site-content-style":"default","site-sidebar-style":"default","ast-global-header-display":"","ast-banner-title-visibility":"","ast-main-header-display":"","ast-hfb-above-header-display":"","ast-hfb-below-header-display":"","ast-hfb-mobile-header-display":"","site-post-title":"","ast-breadcrumbs-content":"","ast-featured-img":"","footer-sml-layout":"","theme-transparent-header-meta":"default","adv-header-id-meta":"","stick-header-meta":"","header-above-stick-meta":"","header-main-stick-meta":"","header-below-stick-meta":"","astra-migrate-meta-layouts":"set"},"product_cat":[145],"product_tag":[47],"class_list":{"0":"post-215","1":"product","2":"type-product","3":"status-publish","4":"has-post-thumbnail","6":"product_cat-canetinha","7":"product_tag-faber-castell","8":"desktop-align-left","9":"tablet-align-left","10":"mobile-align-left","12":"first","13":"instock","14":"purchasable","15":"product-type-simple"},"aioseo_notices":[],"_links":{"self":[{"href":"https:\/\/bemfeitos.com.br\/index.php\/wp-json\/wp\/v2\/product\/215"}],"collection":[{"href":"https:\/\/bemfeitos.com.br\/index.php\/wp-json\/wp\/v2\/product"}],"about":[{"href":"https:\/\/bemfeitos.com.br\/index.php\/wp-json\/wp\/v2\/types\/product"}],"replies":[{"embeddable":true,"href":"https:\/\/bemfeitos.com.br\/index.php\/wp-json\/wp\/v2\/comments?post=215"}],"version-history":[{"count":4,"href":"https:\/\/bemfeitos.com.br\/index.php\/wp-json\/wp\/v2\/product\/215\/revisions"}],"predecessor-version":[{"id":1196,"href":"https:\/\/bemfeitos.com.br\/index.php\/wp-json\/wp\/v2\/product\/215\/revisions\/1196"}],"wp:featuredmedia":[{"embeddable":true,"href":"https:\/\/bemfeitos.com.br\/index.php\/wp-json\/wp\/v2\/media\/216"}],"wp:attachment":[{"href":"https:\/\/bemfeitos.com.br\/index.php\/wp-json\/wp\/v2\/media?parent=215"}],"wp:term":[{"taxonomy":"product_cat","embeddable":true,"href":"https:\/\/bemfeitos.com.br\/index.php\/wp-json\/wp\/v2\/product_cat?post=215"},{"taxonomy":"product_tag","embeddable":true,"href":"https:\/\/bemfeitos.com.br\/index.php\/wp-json\/wp\/v2\/product_tag?post=215"}],"curies":[{"name":"wp","href":"https:\/\/api.w.org\/{rel}","templated":true}]}}