{"id":219,"date":"2023-08-27T01:28:12","date_gmt":"2023-08-27T04:28:12","guid":{"rendered":"https:\/\/bemfeitos.com.br\/?post_type=product&#038;p=219"},"modified":"2024-03-07T13:27:08","modified_gmt":"2024-03-07T16:27:08","slug":"ecolapis-de-cor-aquarelavel-pastel-10-cores-faber-castell","status":"publish","type":"product","link":"https:\/\/bemfeitos.com.br\/index.php\/product\/ecolapis-de-cor-aquarelavel-pastel-10-cores-faber-castell\/","title":{"rendered":"Ecol\u00e1pis de cor aquarel\u00e1vel Faber-Castell"},"content":{"rendered":"<div id=\"dvInmetro\" class=\"descricaoproduto__inmetro dvInmetro\">\n<p>Ecol\u00e1pis de cor aquarel\u00e1vel com 10 cores past\u00e9is da Faber-Castell pra voc\u00ea soltar a imagina\u00e7\u00e3o e colorir e aproveitar um momento de divers\u00e3o e descoberta.<\/p>\n<p>Colorir com a linha Ecol\u00e1pis Aquarel\u00e1vel Pastel da Faber Castell \u00e9 uma nova e fant\u00e1stica experi\u00eancia. Trazendo cores mais claras e harm\u00f4nicas garantem a textura perfeita no papel.<\/p>\n<\/div>\n<div id=\"descricaoPadrao\" class=\"descricaoproduto__item descricaoPadrao\">\n<hr \/>\n<p><strong><u>Especifica\u00e7\u00f5es<\/u><\/strong><\/p>\n<ul>\n<li>Produzido com madeira 100% reflorestada , certificado pelo FSC\u00ae<\/li>\n<li>Ecolapis cores aquarel\u00e1vel pastel<\/li>\n<li>Mina supermacia exclusiva<\/li>\n<li>Cor: 10 l\u00e1pis de Cor Aquarel\u00e1veis Pastel<\/li>\n<\/ul>\n<p><a href=\"https:\/\/bemfeitos.com.br\">Bem-Feito Presentes e Papelaria<\/a><\/p>\n<\/div>\n","protected":false},"excerpt":{"rendered":"<p>Ecol\u00e1pis de cor aquarel\u00e1vel com 10 cores past\u00e9is da Faber-Castell pra voc\u00ea soltar a imagina\u00e7\u00e3o e colorir e aproveitar um momento de divers\u00e3o e descoberta.<\/p>\n","protected":false},"featured_media":220,"comment_status":"open","ping_status":"closed","template":"","meta":{"_monsterinsights_skip_tracking":false,"_monsterinsights_sitenote_active":false,"_monsterinsights_sitenote_note":"","_monsterinsights_sitenote_category":0,"site-sidebar-layout":"default","site-content-layout":"","ast-site-content-layout":"default","site-content-style":"default","site-sidebar-style":"default","ast-global-header-display":"","ast-banner-title-visibility":"","ast-main-header-display":"","ast-hfb-above-header-display":"","ast-hfb-below-header-display":"","ast-hfb-mobile-header-display":"","site-post-title":"","ast-breadcrumbs-content":"","ast-featured-img":"","footer-sml-layout":"","theme-transparent-header-meta":"default","adv-header-id-meta":"","stick-header-meta":"","header-above-stick-meta":"","header-main-stick-meta":"","header-below-stick-meta":"","astra-migrate-meta-layouts":"set"},"product_cat":[21],"product_tag":[47],"class_list":{"0":"post-219","1":"product","2":"type-product","3":"status-publish","4":"has-post-thumbnail","6":"product_cat-lapis-de-cor","7":"product_tag-faber-castell","8":"desktop-align-left","9":"tablet-align-left","10":"mobile-align-left","12":"first","13":"instock","14":"purchasable","15":"product-type-simple"},"aioseo_notices":[],"_links":{"self":[{"href":"https:\/\/bemfeitos.com.br\/index.php\/wp-json\/wp\/v2\/product\/219"}],"collection":[{"href":"https:\/\/bemfeitos.com.br\/index.php\/wp-json\/wp\/v2\/product"}],"about":[{"href":"https:\/\/bemfeitos.com.br\/index.php\/wp-json\/wp\/v2\/types\/product"}],"replies":[{"embeddable":true,"href":"https:\/\/bemfeitos.com.br\/index.php\/wp-json\/wp\/v2\/comments?post=219"}],"version-history":[{"count":3,"href":"https:\/\/bemfeitos.com.br\/index.php\/wp-json\/wp\/v2\/product\/219\/revisions"}],"predecessor-version":[{"id":259,"href":"https:\/\/bemfeitos.com.br\/index.php\/wp-json\/wp\/v2\/product\/219\/revisions\/259"}],"wp:featuredmedia":[{"embeddable":true,"href":"https:\/\/bemfeitos.com.br\/index.php\/wp-json\/wp\/v2\/media\/220"}],"wp:attachment":[{"href":"https:\/\/bemfeitos.com.br\/index.php\/wp-json\/wp\/v2\/media?parent=219"}],"wp:term":[{"taxonomy":"product_cat","embeddable":true,"href":"https:\/\/bemfeitos.com.br\/index.php\/wp-json\/wp\/v2\/product_cat?post=219"},{"taxonomy":"product_tag","embeddable":true,"href":"https:\/\/bemfeitos.com.br\/index.php\/wp-json\/wp\/v2\/product_tag?post=219"}],"curies":[{"name":"wp","href":"https:\/\/api.w.org\/{rel}","templated":true}]}}