{"id":232,"date":"2023-08-27T20:24:24","date_gmt":"2023-08-27T23:24:24","guid":{"rendered":"https:\/\/bemfeitos.com.br\/?post_type=product&#038;p=232"},"modified":"2024-03-07T13:26:15","modified_gmt":"2024-03-07T16:26:15","slug":"canetinha-hidrografica-12-cores-faber-castellestojo-cartao","status":"publish","type":"product","link":"https:\/\/bemfeitos.com.br\/index.php\/product\/canetinha-hidrografica-12-cores-faber-castellestojo-cartao\/","title":{"rendered":"Canetinha Hidrogr\u00e1fica 12 cores &#8211; Faber-Castell"},"content":{"rendered":"<div id=\"dvInmetro\" class=\"descricaoproduto__inmetro dvInmetro\"><\/div>\n<div id=\"descricaoPadrao\" class=\"descricaoproduto__item descricaoPadrao\">\n<p>Canetinha Hidrogr\u00e1fica 12 cores &#8211; Faber-Castell, possui ponta m\u00e9dia e com tinta lav\u00e1vel na maioria dos tecidos, vem num estojo pr\u00e1tico e acompanha etiquetas para identifica\u00e7\u00e3o.<\/p>\n<p><strong>Embalagem<\/strong><\/p>\n<ul>\n<li>Cont\u00e9m 12 cores<\/li>\n<\/ul>\n<hr \/>\n<p class=\"text-center text-danger\"><strong>O produto n\u00e3o \u00e9 remov\u00edvel de pap\u00e9is e pintura de parede, superf\u00edcies pl\u00e1sticas, madeiras e outros materiais os quais n\u00e3o podem ser lavados.<\/strong><\/p>\n<\/div>\n<p>&nbsp;<\/p>\n<p><a href=\"https:\/\/bemfeitos.com.br\">Bem-Feito Presentes e Papelaria<\/a><\/p>\n","protected":false},"excerpt":{"rendered":"<p>Canetinha Hidrogr\u00e1fica 12 cores &#8211; Faber-Castell, possui ponta m\u00e9dia e com tinta lav\u00e1vel na maioria dos tecidos, vem num estojo pr\u00e1tico e acompanha etiquetas para identifica\u00e7\u00e3o.<\/p>\n","protected":false},"featured_media":1146,"comment_status":"open","ping_status":"closed","template":"","meta":{"_monsterinsights_skip_tracking":false,"_monsterinsights_sitenote_active":false,"_monsterinsights_sitenote_note":"","_monsterinsights_sitenote_category":0,"site-sidebar-layout":"default","site-content-layout":"","ast-site-content-layout":"default","site-content-style":"default","site-sidebar-style":"default","ast-global-header-display":"","ast-banner-title-visibility":"","ast-main-header-display":"","ast-hfb-above-header-display":"","ast-hfb-below-header-display":"","ast-hfb-mobile-header-display":"","site-post-title":"","ast-breadcrumbs-content":"","ast-featured-img":"","footer-sml-layout":"","theme-transparent-header-meta":"default","adv-header-id-meta":"","stick-header-meta":"","header-above-stick-meta":"","header-main-stick-meta":"","header-below-stick-meta":"","astra-migrate-meta-layouts":"set"},"product_cat":[145],"product_tag":[47],"class_list":{"0":"post-232","1":"product","2":"type-product","3":"status-publish","4":"has-post-thumbnail","6":"product_cat-canetinha","7":"product_tag-faber-castell","8":"desktop-align-left","9":"tablet-align-left","10":"mobile-align-left","12":"first","13":"instock","14":"purchasable","15":"product-type-simple"},"aioseo_notices":[],"_links":{"self":[{"href":"https:\/\/bemfeitos.com.br\/index.php\/wp-json\/wp\/v2\/product\/232"}],"collection":[{"href":"https:\/\/bemfeitos.com.br\/index.php\/wp-json\/wp\/v2\/product"}],"about":[{"href":"https:\/\/bemfeitos.com.br\/index.php\/wp-json\/wp\/v2\/types\/product"}],"replies":[{"embeddable":true,"href":"https:\/\/bemfeitos.com.br\/index.php\/wp-json\/wp\/v2\/comments?post=232"}],"version-history":[{"count":4,"href":"https:\/\/bemfeitos.com.br\/index.php\/wp-json\/wp\/v2\/product\/232\/revisions"}],"predecessor-version":[{"id":234,"href":"https:\/\/bemfeitos.com.br\/index.php\/wp-json\/wp\/v2\/product\/232\/revisions\/234"}],"wp:featuredmedia":[{"embeddable":true,"href":"https:\/\/bemfeitos.com.br\/index.php\/wp-json\/wp\/v2\/media\/1146"}],"wp:attachment":[{"href":"https:\/\/bemfeitos.com.br\/index.php\/wp-json\/wp\/v2\/media?parent=232"}],"wp:term":[{"taxonomy":"product_cat","embeddable":true,"href":"https:\/\/bemfeitos.com.br\/index.php\/wp-json\/wp\/v2\/product_cat?post=232"},{"taxonomy":"product_tag","embeddable":true,"href":"https:\/\/bemfeitos.com.br\/index.php\/wp-json\/wp\/v2\/product_tag?post=232"}],"curies":[{"name":"wp","href":"https:\/\/api.w.org\/{rel}","templated":true}]}}