{"id":2413,"date":"2024-02-17T21:10:17","date_gmt":"2024-02-18T00:10:17","guid":{"rendered":"https:\/\/bemfeitos.com.br\/?post_type=product&#038;p=2413"},"modified":"2024-02-17T21:27:27","modified_gmt":"2024-02-18T00:27:27","slug":"ecolapis-grafite-glitz","status":"publish","type":"product","link":"https:\/\/bemfeitos.com.br\/index.php\/product\/ecolapis-grafite-glitz\/","title":{"rendered":"Ecol\u00e1pis Grafite  Glitz"},"content":{"rendered":"<p>O Ecol\u00e1pis Grafite  Glitz Faber-Castell traz o acabamento com glitter: visual atual, moderno e colecion\u00e1vel.<br \/>\nAl\u00e9m disso, sua ponta \u00e9 max resistente, o que proporciona maior durabilidade ao produto e mais facilidade ao apontar.<br \/>\nA gradua\u00e7\u00e3o \u00e9 N\u00ba2B, ideal para escrita em geral.<br \/>\nProduzido com madeira 100% reflorestada e certificada pelo FSC: respeito ao meio ambiente.<br \/>\nATEN\u00c7\u00c3O! N\u00e3o recomend\u00e1vel para crian\u00e7as de at\u00e9 3 (tr\u00eas) anos, por conter parte(s) pequena(s) que pode(m) ser engolida(s) ou aspirada(s).<br \/>\nProduto at\u00f3xico e n\u00e3o perec\u00edvel.<br \/>\nO Ecol\u00e1pis Grafite  Glitz pode ser reciclado.<br \/>\nVamos limpar o planeta juntos. Acesse: www.terracycle.com.br.<\/p>\n","protected":false},"excerpt":{"rendered":"<p>O Ecol\u00e1pis Grafite Glitz Faber-Castell traz o acabamento com glitter: visual atual, moderno e colecion\u00e1vel.<\/p>\n","protected":false},"featured_media":2414,"comment_status":"open","ping_status":"closed","template":"","meta":{"_monsterinsights_skip_tracking":false,"_monsterinsights_sitenote_active":false,"_monsterinsights_sitenote_note":"","_monsterinsights_sitenote_category":0,"site-sidebar-layout":"default","site-content-layout":"","ast-site-content-layout":"default","site-content-style":"default","site-sidebar-style":"default","ast-global-header-display":"","ast-banner-title-visibility":"","ast-main-header-display":"","ast-hfb-above-header-display":"","ast-hfb-below-header-display":"","ast-hfb-mobile-header-display":"","site-post-title":"","ast-breadcrumbs-content":"","ast-featured-img":"","footer-sml-layout":"","theme-transparent-header-meta":"default","adv-header-id-meta":"","stick-header-meta":"","header-above-stick-meta":"","header-main-stick-meta":"","header-below-stick-meta":"","astra-migrate-meta-layouts":"set"},"product_cat":[36],"product_tag":[47,120],"class_list":{"0":"post-2413","1":"product","2":"type-product","3":"status-publish","4":"has-post-thumbnail","6":"product_cat-lapis","7":"product_tag-faber-castell","8":"product_tag-lapis","9":"desktop-align-left","10":"tablet-align-left","11":"mobile-align-left","13":"first","14":"instock","15":"purchasable","16":"product-type-simple"},"aioseo_notices":[],"_links":{"self":[{"href":"https:\/\/bemfeitos.com.br\/index.php\/wp-json\/wp\/v2\/product\/2413"}],"collection":[{"href":"https:\/\/bemfeitos.com.br\/index.php\/wp-json\/wp\/v2\/product"}],"about":[{"href":"https:\/\/bemfeitos.com.br\/index.php\/wp-json\/wp\/v2\/types\/product"}],"replies":[{"embeddable":true,"href":"https:\/\/bemfeitos.com.br\/index.php\/wp-json\/wp\/v2\/comments?post=2413"}],"version-history":[{"count":1,"href":"https:\/\/bemfeitos.com.br\/index.php\/wp-json\/wp\/v2\/product\/2413\/revisions"}],"predecessor-version":[{"id":2417,"href":"https:\/\/bemfeitos.com.br\/index.php\/wp-json\/wp\/v2\/product\/2413\/revisions\/2417"}],"wp:featuredmedia":[{"embeddable":true,"href":"https:\/\/bemfeitos.com.br\/index.php\/wp-json\/wp\/v2\/media\/2414"}],"wp:attachment":[{"href":"https:\/\/bemfeitos.com.br\/index.php\/wp-json\/wp\/v2\/media?parent=2413"}],"wp:term":[{"taxonomy":"product_cat","embeddable":true,"href":"https:\/\/bemfeitos.com.br\/index.php\/wp-json\/wp\/v2\/product_cat?post=2413"},{"taxonomy":"product_tag","embeddable":true,"href":"https:\/\/bemfeitos.com.br\/index.php\/wp-json\/wp\/v2\/product_tag?post=2413"}],"curies":[{"name":"wp","href":"https:\/\/api.w.org\/{rel}","templated":true}]}}