{"id":2424,"date":"2024-02-17T21:38:38","date_gmt":"2024-02-18T00:38:38","guid":{"rendered":"https:\/\/bemfeitos.com.br\/?post_type=product&#038;p=2424"},"modified":"2024-02-17T21:38:38","modified_gmt":"2024-02-18T00:38:38","slug":"ecolapis-grafite-pets","status":"publish","type":"product","link":"https:\/\/bemfeitos.com.br\/index.php\/product\/ecolapis-grafite-pets\/","title":{"rendered":"Ecol\u00e1pis grafite pets"},"content":{"rendered":"<p>Ecol\u00e1pis grafite pets: 4 novas estampas para todos os gostos. Seus novos melhores amigos na hora de escrever e desenhar.<\/p>\n<p>\u00c9 s\u00f3 escolher seu preferido e levar para passear! Possui ponta resistente e escrita macia garantindo maior conforto ao escrever e desenhar.<\/p>\n<p>Especifica\u00e7\u00f5es<\/p>\n<p>4 Op\u00e7\u00f5es De Estampas (C\u00e3es E Gatos)<br \/>\nFormato Redondo<br \/>\nPonta Resistente E Escrita Macia<br \/>\nMadeira Certificada E Sustent\u00e1vel &#8211; Fsc\u00ae<\/p>\n","protected":false},"excerpt":{"rendered":"<p>Ecol\u00e1pis grafite pets: 4 novas estampas para todos os gostos. Seus novos melhores amigos na hora de escrever e desenhar.<\/p>\n","protected":false},"featured_media":2425,"comment_status":"open","ping_status":"closed","template":"","meta":{"_monsterinsights_skip_tracking":false,"_monsterinsights_sitenote_active":false,"_monsterinsights_sitenote_note":"","_monsterinsights_sitenote_category":0,"site-sidebar-layout":"default","site-content-layout":"","ast-site-content-layout":"default","site-content-style":"default","site-sidebar-style":"default","ast-global-header-display":"","ast-banner-title-visibility":"","ast-main-header-display":"","ast-hfb-above-header-display":"","ast-hfb-below-header-display":"","ast-hfb-mobile-header-display":"","site-post-title":"","ast-breadcrumbs-content":"","ast-featured-img":"","footer-sml-layout":"","theme-transparent-header-meta":"default","adv-header-id-meta":"","stick-header-meta":"","header-above-stick-meta":"","header-main-stick-meta":"","header-below-stick-meta":"","astra-migrate-meta-layouts":"set"},"product_cat":[36],"product_tag":[47,120],"class_list":{"0":"post-2424","1":"product","2":"type-product","3":"status-publish","4":"has-post-thumbnail","6":"product_cat-lapis","7":"product_tag-faber-castell","8":"product_tag-lapis","9":"desktop-align-left","10":"tablet-align-left","11":"mobile-align-left","13":"first","14":"instock","15":"purchasable","16":"product-type-simple"},"aioseo_notices":[],"_links":{"self":[{"href":"https:\/\/bemfeitos.com.br\/index.php\/wp-json\/wp\/v2\/product\/2424"}],"collection":[{"href":"https:\/\/bemfeitos.com.br\/index.php\/wp-json\/wp\/v2\/product"}],"about":[{"href":"https:\/\/bemfeitos.com.br\/index.php\/wp-json\/wp\/v2\/types\/product"}],"replies":[{"embeddable":true,"href":"https:\/\/bemfeitos.com.br\/index.php\/wp-json\/wp\/v2\/comments?post=2424"}],"version-history":[{"count":0,"href":"https:\/\/bemfeitos.com.br\/index.php\/wp-json\/wp\/v2\/product\/2424\/revisions"}],"wp:featuredmedia":[{"embeddable":true,"href":"https:\/\/bemfeitos.com.br\/index.php\/wp-json\/wp\/v2\/media\/2425"}],"wp:attachment":[{"href":"https:\/\/bemfeitos.com.br\/index.php\/wp-json\/wp\/v2\/media?parent=2424"}],"wp:term":[{"taxonomy":"product_cat","embeddable":true,"href":"https:\/\/bemfeitos.com.br\/index.php\/wp-json\/wp\/v2\/product_cat?post=2424"},{"taxonomy":"product_tag","embeddable":true,"href":"https:\/\/bemfeitos.com.br\/index.php\/wp-json\/wp\/v2\/product_tag?post=2424"}],"curies":[{"name":"wp","href":"https:\/\/api.w.org\/{rel}","templated":true}]}}