{"id":244,"date":"2023-08-27T21:04:17","date_gmt":"2023-08-28T00:04:17","guid":{"rendered":"https:\/\/bemfeitos.com.br\/?post_type=product&#038;p=244"},"modified":"2025-01-27T12:41:28","modified_gmt":"2025-01-27T15:41:28","slug":"borracha-dust-free","status":"publish","type":"product","link":"https:\/\/bemfeitos.com.br\/index.php\/product\/borracha-dust-free\/","title":{"rendered":"BORRACHA DUST FREE"},"content":{"rendered":"<div id=\"dvInmetro\" class=\"descricaoproduto__inmetro dvInmetro\"><\/div>\n<div id=\"descricaoPadrao\" class=\"descricaoproduto__item descricaoPadrao\">\n<p>Borracha Dust free da Faber Castell voc\u00ea vai para a escola equipado com material de qualidade. Elas s\u00e3o resistentes, feitos com materiais ecol\u00f3gicos e ainda tem v\u00e1rias cores de acordo com o seu estilo.<\/p>\n<ul>\n<li>Com tecnologia Dust Free: concentra o res\u00edduo para limpeza f\u00e1cil<\/li>\n<li>Lados chanfrados para apagar com precis\u00e3o<\/li>\n<li>Dispon\u00edvel em cores divertidas<\/li>\n<li>Excelente ao apagar<\/li>\n<\/ul>\n<p><a href=\"https:\/\/bemfeitos.com.br\">Bem-Feito Presentes e Papelaria<\/a><\/p>\n<\/div>\n","protected":false},"excerpt":{"rendered":"<p>A borracha Dust free da Faber Castell, <span style=\"font-size: 16px;\">concentra o res\u00edduo para limpeza f\u00e1cil e possui os l<\/span><span style=\"font-size: 16px;\">ados chanfrados para apagar com precis\u00e3o.<\/span><\/p>\n","protected":false},"featured_media":242,"comment_status":"open","ping_status":"closed","template":"","meta":{"_monsterinsights_skip_tracking":false,"_monsterinsights_sitenote_active":false,"_monsterinsights_sitenote_note":"","_monsterinsights_sitenote_category":0,"site-sidebar-layout":"default","site-content-layout":"","ast-site-content-layout":"default","site-content-style":"default","site-sidebar-style":"default","ast-global-header-display":"","ast-banner-title-visibility":"","ast-main-header-display":"","ast-hfb-above-header-display":"","ast-hfb-below-header-display":"","ast-hfb-mobile-header-display":"","site-post-title":"","ast-breadcrumbs-content":"","ast-featured-img":"","footer-sml-layout":"","theme-transparent-header-meta":"default","adv-header-id-meta":"","stick-header-meta":"","header-above-stick-meta":"","header-main-stick-meta":"","header-below-stick-meta":"","astra-migrate-meta-layouts":"set"},"product_cat":[23],"product_tag":[47],"class_list":{"0":"post-244","1":"product","2":"type-product","3":"status-publish","4":"has-post-thumbnail","6":"product_cat-borrachas","7":"product_tag-faber-castell","8":"desktop-align-left","9":"tablet-align-left","10":"mobile-align-left","12":"first","13":"outofstock","14":"purchasable","15":"product-type-variable"},"aioseo_notices":[],"_links":{"self":[{"href":"https:\/\/bemfeitos.com.br\/index.php\/wp-json\/wp\/v2\/product\/244"}],"collection":[{"href":"https:\/\/bemfeitos.com.br\/index.php\/wp-json\/wp\/v2\/product"}],"about":[{"href":"https:\/\/bemfeitos.com.br\/index.php\/wp-json\/wp\/v2\/types\/product"}],"replies":[{"embeddable":true,"href":"https:\/\/bemfeitos.com.br\/index.php\/wp-json\/wp\/v2\/comments?post=244"}],"version-history":[{"count":4,"href":"https:\/\/bemfeitos.com.br\/index.php\/wp-json\/wp\/v2\/product\/244\/revisions"}],"predecessor-version":[{"id":2913,"href":"https:\/\/bemfeitos.com.br\/index.php\/wp-json\/wp\/v2\/product\/244\/revisions\/2913"}],"wp:featuredmedia":[{"embeddable":true,"href":"https:\/\/bemfeitos.com.br\/index.php\/wp-json\/wp\/v2\/media\/242"}],"wp:attachment":[{"href":"https:\/\/bemfeitos.com.br\/index.php\/wp-json\/wp\/v2\/media?parent=244"}],"wp:term":[{"taxonomy":"product_cat","embeddable":true,"href":"https:\/\/bemfeitos.com.br\/index.php\/wp-json\/wp\/v2\/product_cat?post=244"},{"taxonomy":"product_tag","embeddable":true,"href":"https:\/\/bemfeitos.com.br\/index.php\/wp-json\/wp\/v2\/product_tag?post=244"}],"curies":[{"name":"wp","href":"https:\/\/api.w.org\/{rel}","templated":true}]}}