{"id":2475,"date":"2024-02-23T10:46:11","date_gmt":"2024-02-23T13:46:11","guid":{"rendered":"https:\/\/bemfeitos.com.br\/index.php\/product\/refil-pautado-by-luluca\/"},"modified":"2024-03-07T13:41:06","modified_gmt":"2024-03-07T16:41:06","slug":"refil-pautado-by-luluca","status":"publish","type":"product","link":"https:\/\/bemfeitos.com.br\/index.php\/product\/refil-pautado-by-luluca\/","title":{"rendered":"Refil Pautado By Luluca"},"content":{"rendered":"<p>Deixe as suas anota\u00e7\u00f5es ainda mais fofa e divertida com o novo Refil by Luluca.<br \/>\nEste refil cont\u00e9m 50 folhas 90g dispon\u00edvel nos tamanhos Grande e M\u00e9dio.<\/p>\n","protected":false},"excerpt":{"rendered":"<p>Deixe as suas anota\u00e7\u00f5es ainda mais fofa e divertida com o novo Refil by Luluca.<br \/>\nEste refil cont\u00e9m 50 folhas 90g dispon\u00edvel nos tamanhos Grande, M\u00e9dio. <\/p>\n","protected":false},"featured_media":2619,"comment_status":"open","ping_status":"closed","template":"","meta":{"_monsterinsights_skip_tracking":false,"_monsterinsights_sitenote_active":false,"_monsterinsights_sitenote_note":"","_monsterinsights_sitenote_category":0,"site-sidebar-layout":"default","site-content-layout":"","ast-site-content-layout":"default","site-content-style":"default","site-sidebar-style":"default","ast-global-header-display":"","ast-banner-title-visibility":"","ast-main-header-display":"","ast-hfb-above-header-display":"","ast-hfb-below-header-display":"","ast-hfb-mobile-header-display":"","site-post-title":"","ast-breadcrumbs-content":"","ast-featured-img":"","footer-sml-layout":"","theme-transparent-header-meta":"default","adv-header-id-meta":"","stick-header-meta":"","header-above-stick-meta":"","header-main-stick-meta":"","header-below-stick-meta":"","astra-migrate-meta-layouts":"set"},"product_cat":[17],"product_tag":[48,78,129],"class_list":{"0":"post-2475","1":"product","2":"type-product","3":"status-publish","4":"has-post-thumbnail","6":"product_cat-acessorios","7":"product_tag-caderno-inteligente","8":"product_tag-luluca","9":"product_tag-refil-pautado","10":"desktop-align-left","11":"tablet-align-left","12":"mobile-align-left","14":"first","15":"instock","16":"purchasable","17":"product-type-variable"},"aioseo_notices":[],"_links":{"self":[{"href":"https:\/\/bemfeitos.com.br\/index.php\/wp-json\/wp\/v2\/product\/2475"}],"collection":[{"href":"https:\/\/bemfeitos.com.br\/index.php\/wp-json\/wp\/v2\/product"}],"about":[{"href":"https:\/\/bemfeitos.com.br\/index.php\/wp-json\/wp\/v2\/types\/product"}],"replies":[{"embeddable":true,"href":"https:\/\/bemfeitos.com.br\/index.php\/wp-json\/wp\/v2\/comments?post=2475"}],"version-history":[{"count":1,"href":"https:\/\/bemfeitos.com.br\/index.php\/wp-json\/wp\/v2\/product\/2475\/revisions"}],"predecessor-version":[{"id":2618,"href":"https:\/\/bemfeitos.com.br\/index.php\/wp-json\/wp\/v2\/product\/2475\/revisions\/2618"}],"wp:featuredmedia":[{"embeddable":true,"href":"https:\/\/bemfeitos.com.br\/index.php\/wp-json\/wp\/v2\/media\/2619"}],"wp:attachment":[{"href":"https:\/\/bemfeitos.com.br\/index.php\/wp-json\/wp\/v2\/media?parent=2475"}],"wp:term":[{"taxonomy":"product_cat","embeddable":true,"href":"https:\/\/bemfeitos.com.br\/index.php\/wp-json\/wp\/v2\/product_cat?post=2475"},{"taxonomy":"product_tag","embeddable":true,"href":"https:\/\/bemfeitos.com.br\/index.php\/wp-json\/wp\/v2\/product_tag?post=2475"}],"curies":[{"name":"wp","href":"https:\/\/api.w.org\/{rel}","templated":true}]}}