{"id":2487,"date":"2024-02-23T10:46:14","date_gmt":"2024-02-23T13:46:14","guid":{"rendered":"https:\/\/bemfeitos.com.br\/?post_type=product&#038;p=2487"},"modified":"2024-11-17T00:11:32","modified_gmt":"2024-11-17T03:11:32","slug":"caderno-flamengo-mengo-rubro-negro-g","status":"publish","type":"product","link":"https:\/\/bemfeitos.com.br\/index.php\/product\/caderno-flamengo-mengo-rubro-negro-g\/","title":{"rendered":"Caderno Inteligente do Flamengo Grande"},"content":{"rendered":"<p>Um caderno inteligente do Flamengo oficial para voc\u00ea, torcedor do Meng\u00e3o, que procura uma solu\u00e7\u00e3o premium em suas anota\u00e7\u00f5es, estudos e escrita. Nas suas cores favoritas, vermelho e preto, criado exclusivamente para a apaixonada torcida Flamenguista: chegou o CI Rubro-Negro. <\/p>\n<p>Com capa exclusiva nas cores caracter\u00edsticas do time e discos e el\u00e1stico preto e vermelho, ele \u00e9 o caderno do Flamengo que voc\u00ea sempre sonhou em ter! Vers\u00e1til e muito pr\u00e1tico para qualquer necessidade de um Flamenguista de cora\u00e7\u00e3o.  <\/p>\n<p>E tem mais: essa edi\u00e7\u00e3o especial tamb\u00e9m vem com selo oficial, folha de adesivos, folhas exclusivas com hino, biografia e escala\u00e7\u00e3o, divis\u00f3rias COLORIDAS e folhas pautadas personalizadas oficiais do clube! <\/p>\n<p>Caderno Inteligente by FLAMENGO!<\/p>\n<p>Para voc\u00ea torcer, comemorar e representar todo o orgulho e paix\u00e3o Rubro-Negra.<\/p>\n","protected":false},"excerpt":{"rendered":"<p>Um caderno inteligente do Flamengo oficial para voc\u00ea, torcedor do Meng\u00e3o, que procura uma solu\u00e7\u00e3o premium em suas anota\u00e7\u00f5es, estudos e escrita.<\/p>\n","protected":false},"featured_media":2526,"comment_status":"open","ping_status":"closed","template":"","meta":{"_monsterinsights_skip_tracking":false,"_monsterinsights_sitenote_active":false,"_monsterinsights_sitenote_note":"","_monsterinsights_sitenote_category":0,"site-sidebar-layout":"default","site-content-layout":"","ast-site-content-layout":"default","site-content-style":"default","site-sidebar-style":"default","ast-global-header-display":"","ast-banner-title-visibility":"","ast-main-header-display":"","ast-hfb-above-header-display":"","ast-hfb-below-header-display":"","ast-hfb-mobile-header-display":"","site-post-title":"","ast-breadcrumbs-content":"","ast-featured-img":"","footer-sml-layout":"","theme-transparent-header-meta":"default","adv-header-id-meta":"","stick-header-meta":"","header-above-stick-meta":"","header-main-stick-meta":"","header-below-stick-meta":"","astra-migrate-meta-layouts":"set"},"product_cat":[142],"product_tag":[48,125],"class_list":{"0":"post-2487","1":"product","2":"type-product","3":"status-publish","4":"has-post-thumbnail","6":"product_cat-caderno","7":"product_tag-caderno-inteligente","8":"product_tag-flamengo","9":"desktop-align-left","10":"tablet-align-left","11":"mobile-align-left","13":"first","14":"instock","15":"purchasable","16":"product-type-simple"},"aioseo_notices":[],"_links":{"self":[{"href":"https:\/\/bemfeitos.com.br\/index.php\/wp-json\/wp\/v2\/product\/2487"}],"collection":[{"href":"https:\/\/bemfeitos.com.br\/index.php\/wp-json\/wp\/v2\/product"}],"about":[{"href":"https:\/\/bemfeitos.com.br\/index.php\/wp-json\/wp\/v2\/types\/product"}],"replies":[{"embeddable":true,"href":"https:\/\/bemfeitos.com.br\/index.php\/wp-json\/wp\/v2\/comments?post=2487"}],"version-history":[{"count":2,"href":"https:\/\/bemfeitos.com.br\/index.php\/wp-json\/wp\/v2\/product\/2487\/revisions"}],"predecessor-version":[{"id":2867,"href":"https:\/\/bemfeitos.com.br\/index.php\/wp-json\/wp\/v2\/product\/2487\/revisions\/2867"}],"wp:featuredmedia":[{"embeddable":true,"href":"https:\/\/bemfeitos.com.br\/index.php\/wp-json\/wp\/v2\/media\/2526"}],"wp:attachment":[{"href":"https:\/\/bemfeitos.com.br\/index.php\/wp-json\/wp\/v2\/media?parent=2487"}],"wp:term":[{"taxonomy":"product_cat","embeddable":true,"href":"https:\/\/bemfeitos.com.br\/index.php\/wp-json\/wp\/v2\/product_cat?post=2487"},{"taxonomy":"product_tag","embeddable":true,"href":"https:\/\/bemfeitos.com.br\/index.php\/wp-json\/wp\/v2\/product_tag?post=2487"}],"curies":[{"name":"wp","href":"https:\/\/api.w.org\/{rel}","templated":true}]}}