{"id":249,"date":"2023-08-27T21:09:02","date_gmt":"2023-08-28T00:09:02","guid":{"rendered":"https:\/\/bemfeitos.com.br\/?post_type=product&#038;p=249"},"modified":"2024-03-07T13:25:46","modified_gmt":"2024-03-07T16:25:46","slug":"caneta-fine-pen-colors-0-4mm-60-cores-faber-castell","status":"publish","type":"product","link":"https:\/\/bemfeitos.com.br\/index.php\/product\/caneta-fine-pen-colors-0-4mm-60-cores-faber-castell\/","title":{"rendered":"Caneta Fine Pen Colors 0.4mm 60 Cores Faber-Castell"},"content":{"rendered":"<div id=\"dvInmetro\" class=\"descricaoproduto__inmetro dvInmetro\">\n<p><span style=\"font-size: 16px;\">Caneta Fine Pen Colors Faber-Castell possuem cores vibrantes que potencializam seus desenhos e sua escrita, ponta fina que permite firmeza ao escrever, gerando uma escrita impec\u00e1vel e 60 cores lindas para colorir o seu dia dia.<\/span><\/p>\n<p>Possui f<span style=\"font-size: 16px;\">ormato triangular ergon\u00f4mico, oferecendo m<\/span><span style=\"font-size: 16px;\">aior conforto e melhor escrita<\/span><\/p>\n<\/div>\n<div id=\"descricaoPadrao\" class=\"descricaoproduto__item descricaoPadrao\">\n<p>Ponta ultrafina 0.4 mm<\/p>\n<\/div>\n<p>&nbsp;<\/p>\n<p><a href=\"https:\/\/bemfeitos.com.br\">Bem-Feito Presentes e Papelaria<\/a><\/p>\n","protected":false},"excerpt":{"rendered":"<p>A caneta Fine Pen \u00e9 incr\u00edvel, possui a ponta ultrafina de 0.4mm e a tinta que n\u00e3o passa para o outro lado da folha, suas anota\u00e7\u00f5es nunca mais ser\u00e3o iguais.<\/p>\n","protected":false},"featured_media":255,"comment_status":"open","ping_status":"closed","template":"","meta":{"_monsterinsights_skip_tracking":false,"_monsterinsights_sitenote_active":false,"_monsterinsights_sitenote_note":"","_monsterinsights_sitenote_category":0,"site-sidebar-layout":"default","site-content-layout":"","ast-site-content-layout":"default","site-content-style":"default","site-sidebar-style":"default","ast-global-header-display":"","ast-banner-title-visibility":"","ast-main-header-display":"","ast-hfb-above-header-display":"","ast-hfb-below-header-display":"","ast-hfb-mobile-header-display":"","site-post-title":"","ast-breadcrumbs-content":"","ast-featured-img":"","footer-sml-layout":"","theme-transparent-header-meta":"default","adv-header-id-meta":"","stick-header-meta":"","header-above-stick-meta":"","header-main-stick-meta":"","header-below-stick-meta":"","astra-migrate-meta-layouts":"set"},"product_cat":[20],"product_tag":[47],"class_list":{"0":"post-249","1":"product","2":"type-product","3":"status-publish","4":"has-post-thumbnail","6":"product_cat-canetas","7":"product_tag-faber-castell","8":"desktop-align-left","9":"tablet-align-left","10":"mobile-align-left","12":"first","13":"instock","14":"purchasable","15":"product-type-simple"},"aioseo_notices":[],"_links":{"self":[{"href":"https:\/\/bemfeitos.com.br\/index.php\/wp-json\/wp\/v2\/product\/249"}],"collection":[{"href":"https:\/\/bemfeitos.com.br\/index.php\/wp-json\/wp\/v2\/product"}],"about":[{"href":"https:\/\/bemfeitos.com.br\/index.php\/wp-json\/wp\/v2\/types\/product"}],"replies":[{"embeddable":true,"href":"https:\/\/bemfeitos.com.br\/index.php\/wp-json\/wp\/v2\/comments?post=249"}],"version-history":[{"count":3,"href":"https:\/\/bemfeitos.com.br\/index.php\/wp-json\/wp\/v2\/product\/249\/revisions"}],"predecessor-version":[{"id":1171,"href":"https:\/\/bemfeitos.com.br\/index.php\/wp-json\/wp\/v2\/product\/249\/revisions\/1171"}],"wp:featuredmedia":[{"embeddable":true,"href":"https:\/\/bemfeitos.com.br\/index.php\/wp-json\/wp\/v2\/media\/255"}],"wp:attachment":[{"href":"https:\/\/bemfeitos.com.br\/index.php\/wp-json\/wp\/v2\/media?parent=249"}],"wp:term":[{"taxonomy":"product_cat","embeddable":true,"href":"https:\/\/bemfeitos.com.br\/index.php\/wp-json\/wp\/v2\/product_cat?post=249"},{"taxonomy":"product_tag","embeddable":true,"href":"https:\/\/bemfeitos.com.br\/index.php\/wp-json\/wp\/v2\/product_tag?post=249"}],"curies":[{"name":"wp","href":"https:\/\/api.w.org\/{rel}","templated":true}]}}