{"id":2493,"date":"2024-02-23T10:46:14","date_gmt":"2024-02-23T13:46:14","guid":{"rendered":"https:\/\/bemfeitos.com.br\/index.php\/product\/caderno-acqua-glam\/"},"modified":"2024-12-03T11:09:06","modified_gmt":"2024-12-03T14:09:06","slug":"caderno-inteligente-acqua-glam","status":"publish","type":"product","link":"https:\/\/bemfeitos.com.br\/index.php\/product\/caderno-inteligente-acqua-glam\/","title":{"rendered":"Caderno Inteligente Acqua Glam"},"content":{"rendered":"<p>Caderno Inteligente Acqua Glam o planner queridinho finalmente virou CADERNO!<\/p>\n<p>Voc\u00ea tira e coloca as folhas quando quiser \ud83d\ude09<\/p>\n<p>S\u00e3o 03 tamanhos dispon\u00edveis contendo:<\/p>\n<p>A5, M\u00e9dio e Grande: Capa e contracapa r\u00edgidas, 01 bolsa pl\u00e1stica, 01 folha de instru\u00e7\u00e3o de uso e manuseio, com refis e acess\u00f3rios da marca dispon\u00edveis no verso, 01 folha de identifica\u00e7\u00e3o com calend\u00e1rio no verso, 01 folha de adesivos, 04 divis\u00f3rias com abas para identifica\u00e7\u00e3o (02 pretas e 02 transparentes), 80 folhas offset 90g (60 folhas pautadas e 20 folhas lisas brancas para impress\u00e3o) e 01 suporte com el\u00e1stico para 01 caneta ou 01 l\u00e1pis.<\/p>\n","protected":false},"excerpt":{"rendered":"<p>Caderno Inteligente Acqua Glam o planner queridinho finalmente virou CADERNO!<\/p>\n","protected":false},"featured_media":2564,"comment_status":"open","ping_status":"closed","template":"","meta":{"_monsterinsights_skip_tracking":false,"_monsterinsights_sitenote_active":false,"_monsterinsights_sitenote_note":"","_monsterinsights_sitenote_category":0,"site-sidebar-layout":"default","site-content-layout":"","ast-site-content-layout":"default","site-content-style":"default","site-sidebar-style":"default","ast-global-header-display":"","ast-banner-title-visibility":"","ast-main-header-display":"","ast-hfb-above-header-display":"","ast-hfb-below-header-display":"","ast-hfb-mobile-header-display":"","site-post-title":"","ast-breadcrumbs-content":"","ast-featured-img":"","footer-sml-layout":"","theme-transparent-header-meta":"default","adv-header-id-meta":"","stick-header-meta":"","header-above-stick-meta":"","header-main-stick-meta":"","header-below-stick-meta":"","astra-migrate-meta-layouts":"set"},"product_cat":[142],"product_tag":[48],"class_list":{"0":"post-2493","1":"product","2":"type-product","3":"status-publish","4":"has-post-thumbnail","6":"product_cat-caderno","7":"product_tag-caderno-inteligente","8":"desktop-align-left","9":"tablet-align-left","10":"mobile-align-left","12":"first","13":"instock","14":"purchasable","15":"product-type-variable"},"aioseo_notices":[],"_links":{"self":[{"href":"https:\/\/bemfeitos.com.br\/index.php\/wp-json\/wp\/v2\/product\/2493"}],"collection":[{"href":"https:\/\/bemfeitos.com.br\/index.php\/wp-json\/wp\/v2\/product"}],"about":[{"href":"https:\/\/bemfeitos.com.br\/index.php\/wp-json\/wp\/v2\/types\/product"}],"replies":[{"embeddable":true,"href":"https:\/\/bemfeitos.com.br\/index.php\/wp-json\/wp\/v2\/comments?post=2493"}],"version-history":[{"count":1,"href":"https:\/\/bemfeitos.com.br\/index.php\/wp-json\/wp\/v2\/product\/2493\/revisions"}],"predecessor-version":[{"id":2560,"href":"https:\/\/bemfeitos.com.br\/index.php\/wp-json\/wp\/v2\/product\/2493\/revisions\/2560"}],"wp:featuredmedia":[{"embeddable":true,"href":"https:\/\/bemfeitos.com.br\/index.php\/wp-json\/wp\/v2\/media\/2564"}],"wp:attachment":[{"href":"https:\/\/bemfeitos.com.br\/index.php\/wp-json\/wp\/v2\/media?parent=2493"}],"wp:term":[{"taxonomy":"product_cat","embeddable":true,"href":"https:\/\/bemfeitos.com.br\/index.php\/wp-json\/wp\/v2\/product_cat?post=2493"},{"taxonomy":"product_tag","embeddable":true,"href":"https:\/\/bemfeitos.com.br\/index.php\/wp-json\/wp\/v2\/product_tag?post=2493"}],"curies":[{"name":"wp","href":"https:\/\/api.w.org\/{rel}","templated":true}]}}