{"id":2494,"date":"2024-02-23T10:46:15","date_gmt":"2024-02-23T13:46:15","guid":{"rendered":"https:\/\/bemfeitos.com.br\/index.php\/product\/caderno-bt-dream\/"},"modified":"2024-11-17T00:11:33","modified_gmt":"2024-11-17T03:11:33","slug":"caderno-inteligente-bt-dream","status":"publish","type":"product","link":"https:\/\/bemfeitos.com.br\/index.php\/product\/caderno-inteligente-bt-dream\/","title":{"rendered":"Caderno Inteligente BT Dream"},"content":{"rendered":"<p>A uni\u00e3o do universo do Lifestyle da maquiagem com a praticidade da papelaria se concretiza no Caderno Inteligente DREAM. Ideal para suas anota\u00e7\u00f5es, uso escolar ou universit\u00e1rio, este caderno \u00e9 perfeito para transformar seus sonhos em realidade.<\/p>\n<p>No CI by BRUNA TAVARES, desfrute do seu mais novo Caderno Inteligente\u00ae sem restri\u00e7\u00f5es. Por ser O CI original, voc\u00ea pode adicionar e remover folhas sempre que desejar, proporcionando uma experi\u00eancia vers\u00e1til e personalizada. Acabamento premium em hotstamping nas cores mais amadas desta collab! Tem muito rose gold, azul marinho e rose para trazer toda a eleg\u00e2ncia nas suas anota\u00e7\u00f5es e projetos.<\/p>\n<p>O CI\u00ae BT vem acompanhado por uma cartela de adesivos inspirados na jornada Bruna Tavares e um face chart EXCLUSIVO para documentar o passo a passo da sua maquiagem. A vantagem de reposicionar a folha permite que voc\u00ea a guarde onde preferir.<\/p>\n","protected":false},"excerpt":{"rendered":"<p>A uni\u00e3o do universo do Lifestyle da maquiagem com a praticidade da papelaria se concretiza no Caderno Inteligente DREAM.<\/p>\n","protected":false},"featured_media":2594,"comment_status":"open","ping_status":"closed","template":"","meta":{"_monsterinsights_skip_tracking":false,"_monsterinsights_sitenote_active":false,"_monsterinsights_sitenote_note":"","_monsterinsights_sitenote_category":0,"site-sidebar-layout":"default","site-content-layout":"","ast-site-content-layout":"default","site-content-style":"default","site-sidebar-style":"default","ast-global-header-display":"","ast-banner-title-visibility":"","ast-main-header-display":"","ast-hfb-above-header-display":"","ast-hfb-below-header-display":"","ast-hfb-mobile-header-display":"","site-post-title":"","ast-breadcrumbs-content":"","ast-featured-img":"","footer-sml-layout":"","theme-transparent-header-meta":"default","adv-header-id-meta":"","stick-header-meta":"","header-above-stick-meta":"","header-main-stick-meta":"","header-below-stick-meta":"","astra-migrate-meta-layouts":"set"},"product_cat":[142],"product_tag":[128,48],"class_list":{"0":"post-2494","1":"product","2":"type-product","3":"status-publish","4":"has-post-thumbnail","6":"product_cat-caderno","7":"product_tag-bruna-tavares","8":"product_tag-caderno-inteligente","9":"desktop-align-left","10":"tablet-align-left","11":"mobile-align-left","13":"first","14":"instock","15":"purchasable","16":"product-type-variable"},"aioseo_notices":[],"_links":{"self":[{"href":"https:\/\/bemfeitos.com.br\/index.php\/wp-json\/wp\/v2\/product\/2494"}],"collection":[{"href":"https:\/\/bemfeitos.com.br\/index.php\/wp-json\/wp\/v2\/product"}],"about":[{"href":"https:\/\/bemfeitos.com.br\/index.php\/wp-json\/wp\/v2\/types\/product"}],"replies":[{"embeddable":true,"href":"https:\/\/bemfeitos.com.br\/index.php\/wp-json\/wp\/v2\/comments?post=2494"}],"version-history":[{"count":2,"href":"https:\/\/bemfeitos.com.br\/index.php\/wp-json\/wp\/v2\/product\/2494\/revisions"}],"predecessor-version":[{"id":2866,"href":"https:\/\/bemfeitos.com.br\/index.php\/wp-json\/wp\/v2\/product\/2494\/revisions\/2866"}],"wp:featuredmedia":[{"embeddable":true,"href":"https:\/\/bemfeitos.com.br\/index.php\/wp-json\/wp\/v2\/media\/2594"}],"wp:attachment":[{"href":"https:\/\/bemfeitos.com.br\/index.php\/wp-json\/wp\/v2\/media?parent=2494"}],"wp:term":[{"taxonomy":"product_cat","embeddable":true,"href":"https:\/\/bemfeitos.com.br\/index.php\/wp-json\/wp\/v2\/product_cat?post=2494"},{"taxonomy":"product_tag","embeddable":true,"href":"https:\/\/bemfeitos.com.br\/index.php\/wp-json\/wp\/v2\/product_tag?post=2494"}],"curies":[{"name":"wp","href":"https:\/\/api.w.org\/{rel}","templated":true}]}}