{"id":2502,"date":"2024-02-23T10:46:19","date_gmt":"2024-02-23T13:46:19","guid":{"rendered":"https:\/\/bemfeitos.com.br\/?post_type=product&#038;p=2502"},"modified":"2024-12-03T11:26:22","modified_gmt":"2024-12-03T14:26:22","slug":"caderno-candy-splash-g-linhas-brancas-special-edition","status":"publish","type":"product","link":"https:\/\/bemfeitos.com.br\/index.php\/product\/caderno-candy-splash-g-linhas-brancas-special-edition\/","title":{"rendered":"CI Candy Splash G+ Linhas Brancas Special Edition"},"content":{"rendered":"<p>O nosso querido G+, o mais pedido por estudantes agora vem com LINHAS BRANCAS!  Essa dupla de sucesso vai destacar seus estudos, anota\u00e7\u00f5es ou arte, deixando o visual mais clean e minimalista!<\/p>\n<p>A maior combina\u00e7\u00e3o poss\u00edvel do Caderno Inteligente\u00ae\ufe0f agora \u00e9 realidade:<br \/>\nA abund\u00e2ncia dos discos G, a dimens\u00e3o do tamanho Grande e as linhas brancas numa edi\u00e7\u00e3o especial pra l\u00e1 de estilosa!<\/p>\n<p>D\u00daVIDAS FREQUENTES:<\/p>\n<p>Caderno Grande ou G+, qual a diferen\u00e7a?<br \/>\nO caderno G+ \u00e9 uma varia\u00e7\u00e3o do caderno grande (tamb\u00e9m conhecido como tamanho universit\u00e1rio), perfeito para quem precisa usar muitas folhas, os dois tem a mesma dimens\u00e3o de capa e contra 21,5cm X 28cm, o que diferencia \u00e9 o tamanho dos discos e a quantidade de folhas que cada um deles comporta:<\/p>\n<p>\ud83d\udc49 O caderno G+ vem com o disco G e acompanha 140 folhas.<br \/>\n\ud83d\udc49 O caderno GRANDE vem com o M e acompanha 80 folhas.<\/p>\n<p>Caderno G+ ou G+ Linhas Brancas, qual a diferen\u00e7a?<\/p>\n<p>Os dois modelos de G+ s\u00e3o iguais, a diferen\u00e7a esta na cor da folha e da pauta, j\u00e1 que os dois s\u00e3o de folhas pautadas. No G+ comum as folhas s\u00e3o brancas e as linhas pretas, no G+ Linhas Brancas as folhas s\u00e3o levemente acinzentadas e as linhas s\u00e3o brancas dando um efeito clean para as anota\u00e7\u00f5es e letterings.<\/p>\n<p>O caderno G+ \u00e9 para mim?<br \/>\nA resposta \u00e9: depende! Se voc\u00ea escreve muito, tem muitas mat\u00e9rias ou gosta de carregar tudinho com voc\u00ea, ent\u00e3o sim. Mas caso voc\u00ea tenha um estilo mais compacto, recomendamos o caderno Grande ou o M\u00e9dio, nada de carregar peso \u00e0 toa =)<\/p>\n<p>O que cont\u00e9m:<br \/>\n&#8211; Capa e contracapa r\u00edgidas, 01 bolsa pl\u00e1stica, 01 folha de instru\u00e7\u00e3o de uso e manuseio, com refis e acess\u00f3rios da marca dispon\u00edveis no verso, 01 folha de identifica\u00e7\u00e3o com calend\u00e1rio no verso, 04 divis\u00f3rias com abas para identifica\u00e7\u00e3o (02 pretas e 02 transparentes), 140 folhas 90g (120 folhas pautadas linhas brancas e 20 folhas lisas brancas para impress\u00e3o), 01 suporte com el\u00e1stico para 01 caneta ou 01 l\u00e1pis e discos G + el\u00e1stico.<\/p>\n","protected":false},"excerpt":{"rendered":"<p>O nosso querido G+, o mais pedido por estudantes agora vem com LINHAS BRANCAS!  Vai destacar seus estudos,  deixando o visual mais clean e minimalista!<\/p>\n","protected":false},"featured_media":2647,"comment_status":"open","ping_status":"closed","template":"","meta":{"_monsterinsights_skip_tracking":false,"_monsterinsights_sitenote_active":false,"_monsterinsights_sitenote_note":"","_monsterinsights_sitenote_category":0,"site-sidebar-layout":"default","site-content-layout":"","ast-site-content-layout":"default","site-content-style":"default","site-sidebar-style":"default","ast-global-header-display":"","ast-banner-title-visibility":"","ast-main-header-display":"","ast-hfb-above-header-display":"","ast-hfb-below-header-display":"","ast-hfb-mobile-header-display":"","site-post-title":"","ast-breadcrumbs-content":"","ast-featured-img":"","footer-sml-layout":"","theme-transparent-header-meta":"default","adv-header-id-meta":"","stick-header-meta":"","header-above-stick-meta":"","header-main-stick-meta":"","header-below-stick-meta":"","astra-migrate-meta-layouts":"set"},"product_cat":[142],"product_tag":[48,133],"class_list":{"0":"post-2502","1":"product","2":"type-product","3":"status-publish","4":"has-post-thumbnail","6":"product_cat-caderno","7":"product_tag-caderno-inteligente","8":"product_tag-g","9":"desktop-align-left","10":"tablet-align-left","11":"mobile-align-left","13":"first","14":"instock","15":"purchasable","16":"product-type-simple"},"aioseo_notices":[],"_links":{"self":[{"href":"https:\/\/bemfeitos.com.br\/index.php\/wp-json\/wp\/v2\/product\/2502"}],"collection":[{"href":"https:\/\/bemfeitos.com.br\/index.php\/wp-json\/wp\/v2\/product"}],"about":[{"href":"https:\/\/bemfeitos.com.br\/index.php\/wp-json\/wp\/v2\/types\/product"}],"replies":[{"embeddable":true,"href":"https:\/\/bemfeitos.com.br\/index.php\/wp-json\/wp\/v2\/comments?post=2502"}],"version-history":[{"count":2,"href":"https:\/\/bemfeitos.com.br\/index.php\/wp-json\/wp\/v2\/product\/2502\/revisions"}],"predecessor-version":[{"id":2851,"href":"https:\/\/bemfeitos.com.br\/index.php\/wp-json\/wp\/v2\/product\/2502\/revisions\/2851"}],"wp:featuredmedia":[{"embeddable":true,"href":"https:\/\/bemfeitos.com.br\/index.php\/wp-json\/wp\/v2\/media\/2647"}],"wp:attachment":[{"href":"https:\/\/bemfeitos.com.br\/index.php\/wp-json\/wp\/v2\/media?parent=2502"}],"wp:term":[{"taxonomy":"product_cat","embeddable":true,"href":"https:\/\/bemfeitos.com.br\/index.php\/wp-json\/wp\/v2\/product_cat?post=2502"},{"taxonomy":"product_tag","embeddable":true,"href":"https:\/\/bemfeitos.com.br\/index.php\/wp-json\/wp\/v2\/product_tag?post=2502"}],"curies":[{"name":"wp","href":"https:\/\/api.w.org\/{rel}","templated":true}]}}