{"id":264,"date":"2023-08-28T10:54:15","date_gmt":"2023-08-28T13:54:15","guid":{"rendered":"https:\/\/bemfeitos.com.br\/?post_type=product&#038;p=264"},"modified":"2024-11-08T11:36:08","modified_gmt":"2024-11-08T14:36:08","slug":"kit-brush-lettering-c-mini-apostila-9-pecas-stabilo","status":"publish","type":"product","link":"https:\/\/bemfeitos.com.br\/index.php\/product\/kit-brush-lettering-c-mini-apostila-9-pecas-stabilo\/","title":{"rendered":"Kit Brush Lettering C\/ Mini Apostila 9 Pe\u00e7as Stabilo"},"content":{"rendered":"<p>Kit Create Brush Lettering Stabilo, perfeito para quem gosta de praticar lettering, ou quer aprender! Ou at\u00e9, dar de presente para uma pessoa especial. Ele vem com duas Canetas Stabilo Fine Pen, Tr\u00eas Brush Pen Stabilo, Um L\u00e1pis, Uma Borracha, Um Marca Texto Swing Cool e uma mini apostila com exerc\u00edcios de Lettering.<\/p>\n<p>Kit Create Brush Lettering Stabilo<\/p>\n<p>9 Pe\u00e7as<\/p>\n<p>2 Fine Pen Stabilo, 3 Brush Pen Stabilo, 1 L\u00e1pis, 1 Borrracha, 1 Marca Texto e 1 mini apostila com exerc\u00edcios<\/p>\n<p>Marca: Stabilo<\/p>\n<p>&nbsp;<\/p>\n<p><a href=\"https:\/\/bemfeitos.com.br\">Bem-Feito Presentes e Papelaria<\/a><\/p>\n","protected":false},"excerpt":{"rendered":"<p>Kit Create Brush Lettering Stabilo, perfeito para quem gosta de praticar lettering, ou quer aprender! Ou at\u00e9, dar de presente para uma pessoa especial.<\/p>\n","protected":false},"featured_media":265,"comment_status":"open","ping_status":"closed","template":"","meta":{"_monsterinsights_skip_tracking":false,"_monsterinsights_sitenote_active":false,"_monsterinsights_sitenote_note":"","_monsterinsights_sitenote_category":0,"site-sidebar-layout":"default","site-content-layout":"","ast-site-content-layout":"default","site-content-style":"default","site-sidebar-style":"default","ast-global-header-display":"","ast-banner-title-visibility":"","ast-main-header-display":"","ast-hfb-above-header-display":"","ast-hfb-below-header-display":"","ast-hfb-mobile-header-display":"","site-post-title":"","ast-breadcrumbs-content":"","ast-featured-img":"","footer-sml-layout":"","theme-transparent-header-meta":"default","adv-header-id-meta":"","stick-header-meta":"","header-above-stick-meta":"","header-main-stick-meta":"","header-below-stick-meta":"","astra-migrate-meta-layouts":"set"},"product_cat":[20],"product_tag":[46],"class_list":{"0":"post-264","1":"product","2":"type-product","3":"status-publish","4":"has-post-thumbnail","6":"product_cat-canetas","7":"product_tag-stabilo","8":"desktop-align-left","9":"tablet-align-left","10":"mobile-align-left","12":"first","13":"instock","14":"sale","15":"featured","16":"purchasable","17":"product-type-simple"},"aioseo_notices":[],"_links":{"self":[{"href":"https:\/\/bemfeitos.com.br\/index.php\/wp-json\/wp\/v2\/product\/264"}],"collection":[{"href":"https:\/\/bemfeitos.com.br\/index.php\/wp-json\/wp\/v2\/product"}],"about":[{"href":"https:\/\/bemfeitos.com.br\/index.php\/wp-json\/wp\/v2\/types\/product"}],"replies":[{"embeddable":true,"href":"https:\/\/bemfeitos.com.br\/index.php\/wp-json\/wp\/v2\/comments?post=264"}],"version-history":[{"count":4,"href":"https:\/\/bemfeitos.com.br\/index.php\/wp-json\/wp\/v2\/product\/264\/revisions"}],"predecessor-version":[{"id":2802,"href":"https:\/\/bemfeitos.com.br\/index.php\/wp-json\/wp\/v2\/product\/264\/revisions\/2802"}],"wp:featuredmedia":[{"embeddable":true,"href":"https:\/\/bemfeitos.com.br\/index.php\/wp-json\/wp\/v2\/media\/265"}],"wp:attachment":[{"href":"https:\/\/bemfeitos.com.br\/index.php\/wp-json\/wp\/v2\/media?parent=264"}],"wp:term":[{"taxonomy":"product_cat","embeddable":true,"href":"https:\/\/bemfeitos.com.br\/index.php\/wp-json\/wp\/v2\/product_cat?post=264"},{"taxonomy":"product_tag","embeddable":true,"href":"https:\/\/bemfeitos.com.br\/index.php\/wp-json\/wp\/v2\/product_tag?post=264"}],"curies":[{"name":"wp","href":"https:\/\/api.w.org\/{rel}","templated":true}]}}