{"id":2681,"date":"2024-02-26T12:58:21","date_gmt":"2024-02-26T15:58:21","guid":{"rendered":"https:\/\/bemfeitos.com.br\/?post_type=product&#038;p=2681"},"modified":"2024-12-03T11:26:03","modified_gmt":"2024-12-03T14:26:03","slug":"caderno-inteligente-by-gocase-poeira-das-estrelas","status":"publish","type":"product","link":"https:\/\/bemfeitos.com.br\/index.php\/product\/caderno-inteligente-by-gocase-poeira-das-estrelas\/","title":{"rendered":"Caderno Inteligente By Gocase Poeira das Estrelas"},"content":{"rendered":"<p>Edi\u00e7\u00e3o especial Caderno Inteligente by Gocase com acabamento em verniz localizado.<\/p>\n<p>O Caderno Inteligente Poeira das Estrelas est\u00e1 dispon\u00edvel no tamanho M\u00e9dio e GRANDE:<\/p>\n<p>* M\u00e9dio Capa e contracapa r\u00edgidas, 01 bolsa pl\u00e1stica, 01 folha de instru\u00e7\u00e3o de uso e manuseio, com refis e acess\u00f3rios da marca dispon\u00edveis no verso, 01 folha de identifica\u00e7\u00e3o com calend\u00e1rio no verso, 04 divis\u00f3rias com abas para identifica\u00e7\u00e3o (02 pretas e 02 transparentes), 80 folhas offset 90g (60 folhas pautadas e 20 folhas lisas brancas para impress\u00e3o), 01 suporte com el\u00e1stico para 01 caneta ou 01 l\u00e1pis e discos M + el\u00e1stico.<\/p>\n<p>Tamanho: 25,5cm X 19cm<\/p>\n<p>\u22c6 Grande: Capa e contracapa r\u00edgidas, 01 bolsa pl\u00e1stica, 01 folha de instru\u00e7\u00e3o de uso e manuseio, com refis e acess\u00f3rios da marca dispon\u00edveis no verso, 01 folha de identifica\u00e7\u00e3o com calend\u00e1rio no verso, 04 divis\u00f3rias com abas para identifica\u00e7\u00e3o (02 pretas e 02 transparentes), 80 folhas offset 90g (60 folhas pautadas e 20 folhas lisas brancas para impress\u00e3o), 01 suporte com el\u00e1stico para 01 caneta ou 01 l\u00e1pis e discos M + el\u00e1stico.<br \/>\nTamanho: 28cm X 21,5cm<\/p>\n","protected":false},"excerpt":{"rendered":"<p>Edi\u00e7\u00e3o especial Caderno Inteligente by Gocase com acabamento em verniz localizado, dispon\u00edvel no tamanho M\u00e9dio e Grande!<\/p>\n","protected":false},"featured_media":2689,"comment_status":"open","ping_status":"closed","template":"","meta":{"_monsterinsights_skip_tracking":false,"_monsterinsights_sitenote_active":false,"_monsterinsights_sitenote_note":"","_monsterinsights_sitenote_category":0,"site-sidebar-layout":"default","site-content-layout":"","ast-site-content-layout":"default","site-content-style":"default","site-sidebar-style":"default","ast-global-header-display":"","ast-banner-title-visibility":"","ast-main-header-display":"","ast-hfb-above-header-display":"","ast-hfb-below-header-display":"","ast-hfb-mobile-header-display":"","site-post-title":"","ast-breadcrumbs-content":"","ast-featured-img":"","footer-sml-layout":"","theme-transparent-header-meta":"default","adv-header-id-meta":"","stick-header-meta":"","header-above-stick-meta":"","header-main-stick-meta":"","header-below-stick-meta":"","astra-migrate-meta-layouts":"set"},"product_cat":[15],"product_tag":[48,137],"class_list":{"0":"post-2681","1":"product","2":"type-product","3":"status-publish","4":"has-post-thumbnail","6":"product_cat-uncategorized","7":"product_tag-caderno-inteligente","8":"product_tag-poeira-das-estrelas","9":"desktop-align-left","10":"tablet-align-left","11":"mobile-align-left","13":"first","14":"instock","15":"purchasable","16":"product-type-variable"},"aioseo_notices":[],"_links":{"self":[{"href":"https:\/\/bemfeitos.com.br\/index.php\/wp-json\/wp\/v2\/product\/2681"}],"collection":[{"href":"https:\/\/bemfeitos.com.br\/index.php\/wp-json\/wp\/v2\/product"}],"about":[{"href":"https:\/\/bemfeitos.com.br\/index.php\/wp-json\/wp\/v2\/types\/product"}],"replies":[{"embeddable":true,"href":"https:\/\/bemfeitos.com.br\/index.php\/wp-json\/wp\/v2\/comments?post=2681"}],"version-history":[{"count":1,"href":"https:\/\/bemfeitos.com.br\/index.php\/wp-json\/wp\/v2\/product\/2681\/revisions"}],"predecessor-version":[{"id":2811,"href":"https:\/\/bemfeitos.com.br\/index.php\/wp-json\/wp\/v2\/product\/2681\/revisions\/2811"}],"wp:featuredmedia":[{"embeddable":true,"href":"https:\/\/bemfeitos.com.br\/index.php\/wp-json\/wp\/v2\/media\/2689"}],"wp:attachment":[{"href":"https:\/\/bemfeitos.com.br\/index.php\/wp-json\/wp\/v2\/media?parent=2681"}],"wp:term":[{"taxonomy":"product_cat","embeddable":true,"href":"https:\/\/bemfeitos.com.br\/index.php\/wp-json\/wp\/v2\/product_cat?post=2681"},{"taxonomy":"product_tag","embeddable":true,"href":"https:\/\/bemfeitos.com.br\/index.php\/wp-json\/wp\/v2\/product_tag?post=2681"}],"curies":[{"name":"wp","href":"https:\/\/api.w.org\/{rel}","templated":true}]}}