{"id":2690,"date":"2024-02-26T13:37:44","date_gmt":"2024-02-26T16:37:44","guid":{"rendered":"https:\/\/bemfeitos.com.br\/?post_type=product&#038;p=2690"},"modified":"2024-03-07T11:57:19","modified_gmt":"2024-03-07T14:57:19","slug":"refil-candy-colors-linha-branca-2","status":"publish","type":"product","link":"https:\/\/bemfeitos.com.br\/index.php\/product\/refil-candy-colors-linha-branca-2\/","title":{"rendered":"Refil Candy Colors Linha Branca"},"content":{"rendered":"<p>O Refil Candy Colors traz uma emo\u00e7\u00e3o diferente a cada p\u00e1gina com sua variedade de cores, n\u00e3o deixando de lado o visual discreto e limpo das linhas brancas.<\/p>\n<p>S\u00e3o quatro cores para deixar o seu CI ainda mais lindo!<\/p>\n<p>Precisa de mais folhas? Com os refis, seu Caderno Inteligente\u00ae fica sempre novo, n\u00e3o importa o quanto voc\u00ea escreva! <\/p>\n<p>Dispon\u00edvel nos tamanhos Grande, M\u00e9dio e A5. Gramatura 90g<\/p>\n<p>Cont\u00e9m:<\/p>\n<p>10 folhas de cor rosa; <\/p>\n<p>10 folhas de cor roxa;<\/p>\n<p>10 folhas de cor azul;<\/p>\n<p>10 folhas de cor verde.<\/p>\n","protected":false},"excerpt":{"rendered":"<p>O Refil Candy Colors traz uma emo\u00e7\u00e3o diferente a cada p\u00e1gina com sua variedade de cores, n\u00e3o deixando de lado o visual discreto e limpo das linhas brancas. S\u00e3o quatro cores para deixar o seu CI ainda mais lindo! Precisa de mais folhas? Com os refis, seu Caderno Inteligente\u00ae fica sempre novo, n\u00e3o importa o &hellip;<\/p>\n<p class=\"read-more\"> <a class=\"\" href=\"https:\/\/bemfeitos.com.br\/index.php\/product\/refil-candy-colors-linha-branca-2\/\"> <span class=\"screen-reader-text\">Refil Candy Colors Linha Branca<\/span> Leia mais &raquo;<\/a><\/p>\n","protected":false},"featured_media":2698,"comment_status":"open","ping_status":"closed","template":"","meta":{"_monsterinsights_skip_tracking":false,"_monsterinsights_sitenote_active":false,"_monsterinsights_sitenote_note":"","_monsterinsights_sitenote_category":0,"site-sidebar-layout":"default","site-content-layout":"","ast-site-content-layout":"default","site-content-style":"default","site-sidebar-style":"default","ast-global-header-display":"","ast-banner-title-visibility":"","ast-main-header-display":"","ast-hfb-above-header-display":"","ast-hfb-below-header-display":"","ast-hfb-mobile-header-display":"","site-post-title":"","ast-breadcrumbs-content":"","ast-featured-img":"","footer-sml-layout":"","theme-transparent-header-meta":"default","adv-header-id-meta":"","stick-header-meta":"","header-above-stick-meta":"","header-main-stick-meta":"","header-below-stick-meta":"","astra-migrate-meta-layouts":"set"},"product_cat":[17],"product_tag":[48,138],"class_list":{"0":"post-2690","1":"product","2":"type-product","3":"status-publish","4":"has-post-thumbnail","6":"product_cat-acessorios","7":"product_tag-caderno-inteligente","8":"product_tag-refil-candy-colors","9":"desktop-align-left","10":"tablet-align-left","11":"mobile-align-left","13":"first","14":"instock","15":"purchasable","16":"product-type-variable"},"aioseo_notices":[],"_links":{"self":[{"href":"https:\/\/bemfeitos.com.br\/index.php\/wp-json\/wp\/v2\/product\/2690"}],"collection":[{"href":"https:\/\/bemfeitos.com.br\/index.php\/wp-json\/wp\/v2\/product"}],"about":[{"href":"https:\/\/bemfeitos.com.br\/index.php\/wp-json\/wp\/v2\/types\/product"}],"replies":[{"embeddable":true,"href":"https:\/\/bemfeitos.com.br\/index.php\/wp-json\/wp\/v2\/comments?post=2690"}],"version-history":[{"count":0,"href":"https:\/\/bemfeitos.com.br\/index.php\/wp-json\/wp\/v2\/product\/2690\/revisions"}],"wp:featuredmedia":[{"embeddable":true,"href":"https:\/\/bemfeitos.com.br\/index.php\/wp-json\/wp\/v2\/media\/2698"}],"wp:attachment":[{"href":"https:\/\/bemfeitos.com.br\/index.php\/wp-json\/wp\/v2\/media?parent=2690"}],"wp:term":[{"taxonomy":"product_cat","embeddable":true,"href":"https:\/\/bemfeitos.com.br\/index.php\/wp-json\/wp\/v2\/product_cat?post=2690"},{"taxonomy":"product_tag","embeddable":true,"href":"https:\/\/bemfeitos.com.br\/index.php\/wp-json\/wp\/v2\/product_tag?post=2690"}],"curies":[{"name":"wp","href":"https:\/\/api.w.org\/{rel}","templated":true}]}}