{"id":2700,"date":"2024-02-26T13:49:06","date_gmt":"2024-02-26T16:49:06","guid":{"rendered":"https:\/\/bemfeitos.com.br\/?post_type=product&#038;p=2700"},"modified":"2025-02-02T23:43:38","modified_gmt":"2025-02-03T02:43:38","slug":"refil-pautado-flamengo","status":"publish","type":"product","link":"https:\/\/bemfeitos.com.br\/index.php\/product\/refil-pautado-flamengo\/","title":{"rendered":"Refil Pautado Flamengo"},"content":{"rendered":"<p>Precisando de mais folhas, Rubro Negro?<br \/>\nMuitas emo\u00e7\u00f5es e muita hist\u00f3ria o torcedor do Flamengo tem pra contar, n\u00e3o \u00e9 verdade? O time que marcou a hist\u00f3ria do futebol brasileiro e de muitos torcedores!<\/p>\n<p>O refil para caderno inteligente especial para todo torcedor Rubro-Negro.<\/p>\n<p>Voc\u00ea torcedor tem um CI e precisa de folhas novas? Com os refis para caderno inteligente do Flamengo, seu Caderno Inteligente\u00ae fica novo e do jeito que voc\u00ea sempre quis, com a sua paix\u00e3o estampada em cada folha!<\/p>\n<p>Este refil cont\u00e9m 50 folhas 90g dispon\u00edveis no tamanho grande.<\/p>\n","protected":false},"excerpt":{"rendered":"<p>Precisando de mais folhas, Rubro Negro?<br \/>\nMuitas emo\u00e7\u00f5es e muita hist\u00f3ria o torcedor do Flamengo tem pra contar, n\u00e3o \u00e9 verdade?<\/p>\n","protected":false},"featured_media":2701,"comment_status":"open","ping_status":"closed","template":"","meta":{"_monsterinsights_skip_tracking":false,"_monsterinsights_sitenote_active":false,"_monsterinsights_sitenote_note":"","_monsterinsights_sitenote_category":0,"site-sidebar-layout":"default","site-content-layout":"","ast-site-content-layout":"default","site-content-style":"default","site-sidebar-style":"default","ast-global-header-display":"","ast-banner-title-visibility":"","ast-main-header-display":"","ast-hfb-above-header-display":"","ast-hfb-below-header-display":"","ast-hfb-mobile-header-display":"","site-post-title":"","ast-breadcrumbs-content":"","ast-featured-img":"","footer-sml-layout":"","theme-transparent-header-meta":"default","adv-header-id-meta":"","stick-header-meta":"","header-above-stick-meta":"","header-main-stick-meta":"","header-below-stick-meta":"","astra-migrate-meta-layouts":"set"},"product_cat":[17],"product_tag":[48,125],"class_list":{"0":"post-2700","1":"product","2":"type-product","3":"status-publish","4":"has-post-thumbnail","6":"product_cat-acessorios","7":"product_tag-caderno-inteligente","8":"product_tag-flamengo","9":"desktop-align-left","10":"tablet-align-left","11":"mobile-align-left","13":"first","14":"outofstock","15":"purchasable","16":"product-type-simple"},"aioseo_notices":[],"_links":{"self":[{"href":"https:\/\/bemfeitos.com.br\/index.php\/wp-json\/wp\/v2\/product\/2700"}],"collection":[{"href":"https:\/\/bemfeitos.com.br\/index.php\/wp-json\/wp\/v2\/product"}],"about":[{"href":"https:\/\/bemfeitos.com.br\/index.php\/wp-json\/wp\/v2\/types\/product"}],"replies":[{"embeddable":true,"href":"https:\/\/bemfeitos.com.br\/index.php\/wp-json\/wp\/v2\/comments?post=2700"}],"version-history":[{"count":1,"href":"https:\/\/bemfeitos.com.br\/index.php\/wp-json\/wp\/v2\/product\/2700\/revisions"}],"predecessor-version":[{"id":2916,"href":"https:\/\/bemfeitos.com.br\/index.php\/wp-json\/wp\/v2\/product\/2700\/revisions\/2916"}],"wp:featuredmedia":[{"embeddable":true,"href":"https:\/\/bemfeitos.com.br\/index.php\/wp-json\/wp\/v2\/media\/2701"}],"wp:attachment":[{"href":"https:\/\/bemfeitos.com.br\/index.php\/wp-json\/wp\/v2\/media?parent=2700"}],"wp:term":[{"taxonomy":"product_cat","embeddable":true,"href":"https:\/\/bemfeitos.com.br\/index.php\/wp-json\/wp\/v2\/product_cat?post=2700"},{"taxonomy":"product_tag","embeddable":true,"href":"https:\/\/bemfeitos.com.br\/index.php\/wp-json\/wp\/v2\/product_tag?post=2700"}],"curies":[{"name":"wp","href":"https:\/\/api.w.org\/{rel}","templated":true}]}}