{"id":2702,"date":"2024-02-26T14:01:12","date_gmt":"2024-02-26T17:01:12","guid":{"rendered":"https:\/\/bemfeitos.com.br\/?post_type=product&#038;p=2702"},"modified":"2024-03-07T11:56:52","modified_gmt":"2024-03-07T14:56:52","slug":"divisorias-colorcode","status":"publish","type":"product","link":"https:\/\/bemfeitos.com.br\/index.php\/product\/divisorias-colorcode\/","title":{"rendered":"Divis\u00f3rias Colorcode"},"content":{"rendered":"<p>Muitas mat\u00e9rias ou muitos assuntos pedem muitas divis\u00f3rias, e com as Divis\u00f3rias ColorCode CI, voc\u00ea customiza o seu Caderno Inteligente do jeito que voc\u00ea precisar. O ColorCode facilita ainda mais na hora de encontrar o que voc\u00ea est\u00e1 procurando e facilita a identifica\u00e7\u00e3o de cada se\u00e7\u00e3o. E claro, sempre com a vantagem CI de reposicionar as folhas e divis\u00f3rias onde desejar.<\/p>\n<p>Dispon\u00edvel para o Caderno Inteligente Grande, cada pacote vem com 10 divis\u00f3rias com abas laterais e uma p\u00e1gina para fazer o ColorCode da sua divis\u00f3ria. \ud83d\ude09 Tudo com muito estilo e praticidade.<\/p>\n<p>Confeccionadas em um material premium em polipropileno PP, a prova d\u00b4\u00e1gua, resistente, recicl\u00e1vel com cores personalizadas e exclusivas. Indicado para uso escolar, trabalho ou em casa, as divis\u00f3rias s\u00e3o um acess\u00f3rio indispens\u00e1vel para quem busca a organiza\u00e7\u00e3o.<\/p>\n<p>Combine as divis\u00f3rias Color com a sua capa favorita e folhas dos mais diferentes formatos e monte o seu caderno personalizado, perfeito para te acompanhar em todos os momentos!<\/p>\n","protected":false},"excerpt":{"rendered":"<p>Muitas mat\u00e9rias ou muitos assuntos pedem muitas divis\u00f3rias, e com as Divis\u00f3rias ColorCode CI, voc\u00ea customiza o seu Caderno Inteligente como voc\u00ea precisar.<\/p>\n","protected":false},"featured_media":2703,"comment_status":"open","ping_status":"closed","template":"","meta":{"_monsterinsights_skip_tracking":false,"_monsterinsights_sitenote_active":false,"_monsterinsights_sitenote_note":"","_monsterinsights_sitenote_category":0,"site-sidebar-layout":"default","site-content-layout":"","ast-site-content-layout":"default","site-content-style":"default","site-sidebar-style":"default","ast-global-header-display":"","ast-banner-title-visibility":"","ast-main-header-display":"","ast-hfb-above-header-display":"","ast-hfb-below-header-display":"","ast-hfb-mobile-header-display":"","site-post-title":"","ast-breadcrumbs-content":"","ast-featured-img":"","footer-sml-layout":"","theme-transparent-header-meta":"default","adv-header-id-meta":"","stick-header-meta":"","header-above-stick-meta":"","header-main-stick-meta":"","header-below-stick-meta":"","astra-migrate-meta-layouts":"set"},"product_cat":[17],"product_tag":[48,139],"class_list":{"0":"post-2702","1":"product","2":"type-product","3":"status-publish","4":"has-post-thumbnail","6":"product_cat-acessorios","7":"product_tag-caderno-inteligente","8":"product_tag-divisoria-colorcode","9":"desktop-align-left","10":"tablet-align-left","11":"mobile-align-left","13":"first","14":"instock","15":"purchasable","16":"product-type-simple"},"aioseo_notices":[],"_links":{"self":[{"href":"https:\/\/bemfeitos.com.br\/index.php\/wp-json\/wp\/v2\/product\/2702"}],"collection":[{"href":"https:\/\/bemfeitos.com.br\/index.php\/wp-json\/wp\/v2\/product"}],"about":[{"href":"https:\/\/bemfeitos.com.br\/index.php\/wp-json\/wp\/v2\/types\/product"}],"replies":[{"embeddable":true,"href":"https:\/\/bemfeitos.com.br\/index.php\/wp-json\/wp\/v2\/comments?post=2702"}],"version-history":[{"count":0,"href":"https:\/\/bemfeitos.com.br\/index.php\/wp-json\/wp\/v2\/product\/2702\/revisions"}],"wp:featuredmedia":[{"embeddable":true,"href":"https:\/\/bemfeitos.com.br\/index.php\/wp-json\/wp\/v2\/media\/2703"}],"wp:attachment":[{"href":"https:\/\/bemfeitos.com.br\/index.php\/wp-json\/wp\/v2\/media?parent=2702"}],"wp:term":[{"taxonomy":"product_cat","embeddable":true,"href":"https:\/\/bemfeitos.com.br\/index.php\/wp-json\/wp\/v2\/product_cat?post=2702"},{"taxonomy":"product_tag","embeddable":true,"href":"https:\/\/bemfeitos.com.br\/index.php\/wp-json\/wp\/v2\/product_tag?post=2702"}],"curies":[{"name":"wp","href":"https:\/\/api.w.org\/{rel}","templated":true}]}}