{"id":2803,"date":"2024-11-08T11:57:42","date_gmt":"2024-11-08T14:57:42","guid":{"rendered":"https:\/\/bemfeitos.com.br\/?post_type=product&#038;p=2803"},"modified":"2025-01-24T00:27:22","modified_gmt":"2025-01-24T03:27:22","slug":"marca-texto-stabilo-swing-cool","status":"publish","type":"product","link":"https:\/\/bemfeitos.com.br\/index.php\/product\/marca-texto-stabilo-swing-cool\/","title":{"rendered":"Marca Texto Stabilo Swing Cool"},"content":{"rendered":"<p>O Marcae texto Stabilo Swing Cool \u00e9 lindo e pr\u00e1tico, cor forte e incr\u00edvel! Com ele, voc\u00ea destaca os seus textos com estilo! Sua tinta \u00e9 \u00e0 base de \u00e1gua, e os marca texto Stabilo Swing Cool pode ser usados em pap\u00e9is comuns, fax, c\u00f3pias e outros.<\/p>\n","protected":false},"excerpt":{"rendered":"<p>O Marcae texto Stabilo Swing Cool \u00e9 lindo e pr\u00e1tico, cor forte e incr\u00edvel! Com ele, voc\u00ea destaca os seus textos com estilo! Sua tinta \u00e9 \u00e0 base de \u00e1gua, e os marca texto Stabilo Swing Cool pode ser usados em pap\u00e9is comuns, fax, c\u00f3pias e outros.<\/p>\n","protected":false},"featured_media":2806,"comment_status":"open","ping_status":"closed","template":"","meta":{"_monsterinsights_skip_tracking":false,"_monsterinsights_sitenote_active":false,"_monsterinsights_sitenote_note":"","_monsterinsights_sitenote_category":0,"site-sidebar-layout":"default","site-content-layout":"","ast-site-content-layout":"default","site-content-style":"default","site-sidebar-style":"default","ast-global-header-display":"","ast-banner-title-visibility":"","ast-main-header-display":"","ast-hfb-above-header-display":"","ast-hfb-below-header-display":"","ast-hfb-mobile-header-display":"","site-post-title":"","ast-breadcrumbs-content":"","ast-featured-img":"","footer-sml-layout":"","theme-transparent-header-meta":"default","adv-header-id-meta":"","stick-header-meta":"","header-above-stick-meta":"","header-main-stick-meta":"","header-below-stick-meta":"","astra-migrate-meta-layouts":"set"},"product_cat":[34],"product_tag":[86,151,46,152],"class_list":{"0":"post-2803","1":"product","2":"type-product","3":"status-publish","4":"has-post-thumbnail","6":"product_cat-marca-texto","7":"product_tag-marca-texto","8":"product_tag-promocao","9":"product_tag-stabilo","10":"product_tag-swing-cool","11":"desktop-align-left","12":"tablet-align-left","13":"mobile-align-left","15":"first","16":"instock","17":"purchasable","18":"product-type-variable"},"aioseo_notices":[],"_links":{"self":[{"href":"https:\/\/bemfeitos.com.br\/index.php\/wp-json\/wp\/v2\/product\/2803"}],"collection":[{"href":"https:\/\/bemfeitos.com.br\/index.php\/wp-json\/wp\/v2\/product"}],"about":[{"href":"https:\/\/bemfeitos.com.br\/index.php\/wp-json\/wp\/v2\/types\/product"}],"replies":[{"embeddable":true,"href":"https:\/\/bemfeitos.com.br\/index.php\/wp-json\/wp\/v2\/comments?post=2803"}],"version-history":[{"count":1,"href":"https:\/\/bemfeitos.com.br\/index.php\/wp-json\/wp\/v2\/product\/2803\/revisions"}],"predecessor-version":[{"id":2810,"href":"https:\/\/bemfeitos.com.br\/index.php\/wp-json\/wp\/v2\/product\/2803\/revisions\/2810"}],"wp:featuredmedia":[{"embeddable":true,"href":"https:\/\/bemfeitos.com.br\/index.php\/wp-json\/wp\/v2\/media\/2806"}],"wp:attachment":[{"href":"https:\/\/bemfeitos.com.br\/index.php\/wp-json\/wp\/v2\/media?parent=2803"}],"wp:term":[{"taxonomy":"product_cat","embeddable":true,"href":"https:\/\/bemfeitos.com.br\/index.php\/wp-json\/wp\/v2\/product_cat?post=2803"},{"taxonomy":"product_tag","embeddable":true,"href":"https:\/\/bemfeitos.com.br\/index.php\/wp-json\/wp\/v2\/product_tag?post=2803"}],"curies":[{"name":"wp","href":"https:\/\/api.w.org\/{rel}","templated":true}]}}