{"id":2878,"date":"2025-01-01T20:05:15","date_gmt":"2025-01-01T23:05:15","guid":{"rendered":"https:\/\/bemfeitos.com.br\/?post_type=product&#038;p=2878"},"modified":"2025-01-01T20:05:15","modified_gmt":"2025-01-01T23:05:15","slug":"caderno-de-colorir-bobbie-goods","status":"publish","type":"product","link":"https:\/\/bemfeitos.com.br\/index.php\/product\/caderno-de-colorir-bobbie-goods\/","title":{"rendered":"Caderno de Colorir Bobbie Goods"},"content":{"rendered":"<p>Descubra o Caderno de Colorir Bobbie Goods da marca Bem Feito Presentes e Papelaria, uma excelente op\u00e7\u00e3o para crian\u00e7as de 5 a 13 anos que desejam explorar sua criatividade. Este caderno oferece uma variedade de ilustra\u00e7\u00f5es encantadoras que estimulam a imagina\u00e7\u00e3o e proporcionam horas de divers\u00e3o.<\/p>\n<p>Com p\u00e1ginas de alta qualidade, o caderno \u00e9 ideal para o uso de l\u00e1pis de cor, canetinhas e at\u00e9 aquarelas, permitindo que cada crian\u00e7a d\u00ea vida \u00e0s suas cria\u00e7\u00f5es. Al\u00e9m de ser uma atividade divertida, colorir tamb\u00e9m ajuda no desenvolvimento de habilidades motoras e na concentra\u00e7\u00e3o.<\/p>\n<p>O design do Caderno de Colorir Bobbie Goods \u00e9 pensado para encantar e inspirar, tornando-o um presente perfeito para anivers\u00e1rios ou ocasi\u00f5es especiais. Incentive a express\u00e3o art\u00edstica e a criatividade dos pequenos com este produto que combina divers\u00e3o e aprendizado.<\/p>\n<p>S\u00e3o 80 folhas em papel 180g tamanho A5, muito mais grosso que o papel comum com 75g, capa dura e uma pel\u00edcula de acetato que protege os desenhos de serem manchados no momento de pintura.<\/p>\n<p>Caderno de Colorir Bobbie Goods &#8211; A5<\/p>\n<p>Caderno com 80 desenho para colorir.<br \/>\nFolhas em papel offset 180g.<br \/>\nPel\u00edcula de prote\u00e7\u00e3o para utilizar entre uma p\u00e1gina e a outra.<br \/>\nCapa Dura Laminada com personaliza\u00e7\u00e3o do Nome.<\/p>\n<p><a href=\"https:\/\/bemfeitos.com.br\" title=\"Bem Feito Presentes e Papelaria\" rel=\"noopener\" target=\"_blank\">Bem Feito Presentes e Papelaria<\/a><\/p>\n","protected":false},"excerpt":{"rendered":"<p>O maravilhoso caderno de colorir Bobbie Goods em tamanho A5, com 80 p\u00e1ginas 180g, capa dura e pel\u00edcula protetora encanta e apaixona as crian\u00e7as.<\/p>\n","protected":false},"featured_media":2887,"comment_status":"open","ping_status":"closed","template":"","meta":{"_monsterinsights_skip_tracking":false,"_monsterinsights_sitenote_active":false,"_monsterinsights_sitenote_note":"","_monsterinsights_sitenote_category":0,"site-sidebar-layout":"default","site-content-layout":"","ast-site-content-layout":"default","site-content-style":"default","site-sidebar-style":"default","ast-global-header-display":"","ast-banner-title-visibility":"","ast-main-header-display":"","ast-hfb-above-header-display":"","ast-hfb-below-header-display":"","ast-hfb-mobile-header-display":"","site-post-title":"","ast-breadcrumbs-content":"","ast-featured-img":"","footer-sml-layout":"","theme-transparent-header-meta":"default","adv-header-id-meta":"","stick-header-meta":"","header-above-stick-meta":"","header-main-stick-meta":"","header-below-stick-meta":"","astra-migrate-meta-layouts":"set"},"product_cat":[142,147],"product_tag":[153,154],"class_list":{"0":"post-2878","1":"product","2":"type-product","3":"status-publish","4":"has-post-thumbnail","6":"product_cat-caderno","7":"product_cat-pintura","8":"product_tag-bobbie-goods","9":"product_tag-caderno-de-colorir","10":"desktop-align-left","11":"tablet-align-left","12":"mobile-align-left","14":"first","15":"instock","16":"purchasable","17":"product-type-simple"},"aioseo_notices":[],"_links":{"self":[{"href":"https:\/\/bemfeitos.com.br\/index.php\/wp-json\/wp\/v2\/product\/2878"}],"collection":[{"href":"https:\/\/bemfeitos.com.br\/index.php\/wp-json\/wp\/v2\/product"}],"about":[{"href":"https:\/\/bemfeitos.com.br\/index.php\/wp-json\/wp\/v2\/types\/product"}],"replies":[{"embeddable":true,"href":"https:\/\/bemfeitos.com.br\/index.php\/wp-json\/wp\/v2\/comments?post=2878"}],"version-history":[{"count":1,"href":"https:\/\/bemfeitos.com.br\/index.php\/wp-json\/wp\/v2\/product\/2878\/revisions"}],"predecessor-version":[{"id":2889,"href":"https:\/\/bemfeitos.com.br\/index.php\/wp-json\/wp\/v2\/product\/2878\/revisions\/2889"}],"wp:featuredmedia":[{"embeddable":true,"href":"https:\/\/bemfeitos.com.br\/index.php\/wp-json\/wp\/v2\/media\/2887"}],"wp:attachment":[{"href":"https:\/\/bemfeitos.com.br\/index.php\/wp-json\/wp\/v2\/media?parent=2878"}],"wp:term":[{"taxonomy":"product_cat","embeddable":true,"href":"https:\/\/bemfeitos.com.br\/index.php\/wp-json\/wp\/v2\/product_cat?post=2878"},{"taxonomy":"product_tag","embeddable":true,"href":"https:\/\/bemfeitos.com.br\/index.php\/wp-json\/wp\/v2\/product_tag?post=2878"}],"curies":[{"name":"wp","href":"https:\/\/api.w.org\/{rel}","templated":true}]}}