{"id":2940,"date":"2025-02-11T18:51:18","date_gmt":"2025-02-11T21:51:18","guid":{"rendered":"https:\/\/bemfeitos.com.br\/?post_type=product&#038;p=2940"},"modified":"2025-06-08T09:55:36","modified_gmt":"2025-06-08T12:55:36","slug":"stitch-de-pelucia","status":"publish","type":"product","link":"https:\/\/bemfeitos.com.br\/index.php\/product\/stitch-de-pelucia\/","title":{"rendered":"Stitch de Pel\u00facia"},"content":{"rendered":"<p>Um Stitch de pel\u00facia com um pato de pel\u00facia no colo \u00e9 uma fofa combina\u00e7\u00e3o que certamente encanta f\u00e3s de todas as idades. O Stitch, personagem ic\u00f4nico do filme &#8220;Lilo &#038; Stitch&#8221;, \u00e9 uma pel\u00facia macia e fofa, possui tons de azul, com grandes orelhas pontudas, olhos expressivos e um ar brincalh\u00e3o. Ele tem um corpo rechonchudo, bra\u00e7os e pernas curtas, e detalhes nas orelhas, costas e patas.<\/p>\n<p>No colo, ele segura um pato de pel\u00facia, branco, com bico amarelo e olhos fofos. O pato tem um ar ador\u00e1vel e despretensioso, complementando a apar\u00eancia travessa do Stitch. Juntos, eles formam uma cena carinhosa e divertida, perfeita para decora\u00e7\u00e3o ou como companheiros de abra\u00e7os. Essa dupla \u00e9 ideal para quem ama personagens fofos e cheios de personalidade!<\/p>\n<p>Voc\u00ea encontra toda essa fofura na melhor e mais fofa Papelaria de Nil\u00f3polis &#8211; RJ.<\/p>\n","protected":false},"excerpt":{"rendered":"<p>Um Stitch de pel\u00facia com um pato de pel\u00facia no colo \u00e9 uma fofa combina\u00e7\u00e3o que certamente encanta f\u00e3s de todas as idades. <\/p>\n","protected":false},"featured_media":2942,"comment_status":"open","ping_status":"closed","template":"","meta":{"_monsterinsights_skip_tracking":false,"_monsterinsights_sitenote_active":false,"_monsterinsights_sitenote_note":"","_monsterinsights_sitenote_category":0,"site-sidebar-layout":"default","site-content-layout":"","ast-site-content-layout":"default","site-content-style":"default","site-sidebar-style":"default","ast-global-header-display":"","ast-banner-title-visibility":"","ast-main-header-display":"","ast-hfb-above-header-display":"","ast-hfb-below-header-display":"","ast-hfb-mobile-header-display":"","site-post-title":"","ast-breadcrumbs-content":"","ast-featured-img":"","footer-sml-layout":"","theme-transparent-header-meta":"default","adv-header-id-meta":"","stick-header-meta":"","header-above-stick-meta":"","header-main-stick-meta":"","header-below-stick-meta":"","astra-migrate-meta-layouts":"set"},"product_cat":[27],"product_tag":[156,157],"class_list":{"0":"post-2940","1":"product","2":"type-product","3":"status-publish","4":"has-post-thumbnail","6":"product_cat-brinquedos","7":"product_tag-pelucia","8":"product_tag-stitch","9":"desktop-align-left","10":"tablet-align-left","11":"mobile-align-left","13":"first","14":"instock","15":"purchasable","16":"product-type-variable"},"aioseo_notices":[],"_links":{"self":[{"href":"https:\/\/bemfeitos.com.br\/index.php\/wp-json\/wp\/v2\/product\/2940"}],"collection":[{"href":"https:\/\/bemfeitos.com.br\/index.php\/wp-json\/wp\/v2\/product"}],"about":[{"href":"https:\/\/bemfeitos.com.br\/index.php\/wp-json\/wp\/v2\/types\/product"}],"replies":[{"embeddable":true,"href":"https:\/\/bemfeitos.com.br\/index.php\/wp-json\/wp\/v2\/comments?post=2940"}],"version-history":[{"count":1,"href":"https:\/\/bemfeitos.com.br\/index.php\/wp-json\/wp\/v2\/product\/2940\/revisions"}],"predecessor-version":[{"id":2946,"href":"https:\/\/bemfeitos.com.br\/index.php\/wp-json\/wp\/v2\/product\/2940\/revisions\/2946"}],"wp:featuredmedia":[{"embeddable":true,"href":"https:\/\/bemfeitos.com.br\/index.php\/wp-json\/wp\/v2\/media\/2942"}],"wp:attachment":[{"href":"https:\/\/bemfeitos.com.br\/index.php\/wp-json\/wp\/v2\/media?parent=2940"}],"wp:term":[{"taxonomy":"product_cat","embeddable":true,"href":"https:\/\/bemfeitos.com.br\/index.php\/wp-json\/wp\/v2\/product_cat?post=2940"},{"taxonomy":"product_tag","embeddable":true,"href":"https:\/\/bemfeitos.com.br\/index.php\/wp-json\/wp\/v2\/product_tag?post=2940"}],"curies":[{"name":"wp","href":"https:\/\/api.w.org\/{rel}","templated":true}]}}