{"id":431,"date":"2023-09-01T01:31:03","date_gmt":"2023-09-01T04:31:03","guid":{"rendered":"https:\/\/bemfeitos.com.br\/?post_type=product&#038;p=431"},"modified":"2023-10-02T18:19:19","modified_gmt":"2023-10-02T21:19:19","slug":"marca-texto-picole","status":"publish","type":"product","link":"https:\/\/bemfeitos.com.br\/index.php\/product\/marca-texto-picole\/","title":{"rendered":"Marca Texto Picol\u00e9"},"content":{"rendered":"<p>Marca Texto\u00a0 em formato picol\u00e9.<\/p>\n<p>S\u00e3o 6 cores pasteis lind\u00edssimas que voc\u00ea n\u00e3o pode deixar de fora da sua cole\u00e7\u00e3o!!!<\/p>\n<p><strong>Cores:<br \/>\n&#8211;\u00a0<\/strong>Uva &#8211; Roxo<br \/>\n&#8211; Torta de Lim\u00e3o &#8211; Verde<br \/>\n&#8211; Tangerina &#8211; Laranja<br \/>\n&#8211; Iogurte de Morango &#8211; Rosa<br \/>\n&#8211; Mousse de Maracuj\u00e1 &#8211; Amarelo<br \/>\n&#8211; Algod\u00e3o Doce &#8211; Azul<br \/>\n<strong>Dimens\u00f5es:\u00a0<\/strong>17x8x1mm<\/p>\n<p>&nbsp;<\/p>\n<p><a href=\"https:\/\/bemfeitos.com.br\">Bem-Feito Presentes e Papelaria<\/a><\/p>\n","protected":false},"excerpt":{"rendered":"<p>Kit Marca texto em formato de picol\u00e9 em 6 cores em tom pastel. Mais uma lind\u00edssima fofura pra voc\u00ea adicionar a sua cole\u00e7\u00e3o.<\/p>\n","protected":false},"featured_media":1267,"comment_status":"open","ping_status":"closed","template":"","meta":{"_monsterinsights_skip_tracking":false,"_monsterinsights_sitenote_active":false,"_monsterinsights_sitenote_note":"","_monsterinsights_sitenote_category":0,"site-sidebar-layout":"default","site-content-layout":"","ast-site-content-layout":"default","site-content-style":"default","site-sidebar-style":"default","ast-global-header-display":"","ast-banner-title-visibility":"","ast-main-header-display":"","ast-hfb-above-header-display":"","ast-hfb-below-header-display":"","ast-hfb-mobile-header-display":"","site-post-title":"","ast-breadcrumbs-content":"","ast-featured-img":"","footer-sml-layout":"","theme-transparent-header-meta":"default","adv-header-id-meta":"","stick-header-meta":"","header-above-stick-meta":"","header-main-stick-meta":"","header-below-stick-meta":"","astra-migrate-meta-layouts":"set"},"product_cat":[34],"product_tag":[],"class_list":{"0":"post-431","1":"product","2":"type-product","3":"status-publish","4":"has-post-thumbnail","6":"product_cat-marca-texto","7":"desktop-align-left","8":"tablet-align-left","9":"mobile-align-left","11":"first","12":"instock","13":"purchasable","14":"product-type-simple"},"aioseo_notices":[],"_links":{"self":[{"href":"https:\/\/bemfeitos.com.br\/index.php\/wp-json\/wp\/v2\/product\/431"}],"collection":[{"href":"https:\/\/bemfeitos.com.br\/index.php\/wp-json\/wp\/v2\/product"}],"about":[{"href":"https:\/\/bemfeitos.com.br\/index.php\/wp-json\/wp\/v2\/types\/product"}],"replies":[{"embeddable":true,"href":"https:\/\/bemfeitos.com.br\/index.php\/wp-json\/wp\/v2\/comments?post=431"}],"version-history":[{"count":2,"href":"https:\/\/bemfeitos.com.br\/index.php\/wp-json\/wp\/v2\/product\/431\/revisions"}],"predecessor-version":[{"id":961,"href":"https:\/\/bemfeitos.com.br\/index.php\/wp-json\/wp\/v2\/product\/431\/revisions\/961"}],"wp:featuredmedia":[{"embeddable":true,"href":"https:\/\/bemfeitos.com.br\/index.php\/wp-json\/wp\/v2\/media\/1267"}],"wp:attachment":[{"href":"https:\/\/bemfeitos.com.br\/index.php\/wp-json\/wp\/v2\/media?parent=431"}],"wp:term":[{"taxonomy":"product_cat","embeddable":true,"href":"https:\/\/bemfeitos.com.br\/index.php\/wp-json\/wp\/v2\/product_cat?post=431"},{"taxonomy":"product_tag","embeddable":true,"href":"https:\/\/bemfeitos.com.br\/index.php\/wp-json\/wp\/v2\/product_tag?post=431"}],"curies":[{"name":"wp","href":"https:\/\/api.w.org\/{rel}","templated":true}]}}