{"id":476,"date":"2023-09-05T00:27:43","date_gmt":"2023-09-05T03:27:43","guid":{"rendered":"https:\/\/bemfeitos.com.br\/?post_type=product&#038;p=476"},"modified":"2024-03-07T13:35:20","modified_gmt":"2024-03-07T16:35:20","slug":"fabrica-de-canetas-art-kit-hubble","status":"publish","type":"product","link":"https:\/\/bemfeitos.com.br\/index.php\/product\/fabrica-de-canetas-art-kit-hubble\/","title":{"rendered":"F\u00e1brica de Canetas &#8211; Art Kit Hubble"},"content":{"rendered":"<p style=\"font-style: inherit; font-weight: inherit;\"><span style=\"font-style: inherit; font-weight: inherit;\">A F\u00e1brica de Canetas Art Kit Hubble, agora tem novas possibilidades de cores, um aroma especial vindo direto do reino m\u00e1gico e uma ponta diferente para voc\u00ea montar, pintar e brincar ao mesmo.<br style=\"font-style: inherit; font-weight: inherit;\" \/>Sua ponta diamante permite um tra\u00e7o mais preciso, e firme. \u00c9 super resistente, e de alta durabilidade.<br style=\"font-style: inherit; font-weight: inherit;\" \/>Educar e colorir agora \u00e9 muito mais divertido!<br style=\"font-style: inherit; font-weight: inherit;\" \/><br style=\"font-style: inherit; font-weight: inherit;\" \/>Junte a fam\u00edlia, e fa\u00e7a suas pr\u00f3prias canetas!<\/span><\/p>\n<p style=\"font-style: inherit; font-weight: inherit;\"><span style=\"font-style: inherit; font-weight: inherit;\"><b><span style=\"font-style: inherit;\">Componentes do kit:<\/span><\/b><\/span><\/p>\n<p style=\"font-style: inherit; font-weight: inherit;\"><span style=\"font-style: inherit; font-weight: inherit;\">&#8211; 10 corpos de canetas<\/span><\/p>\n<p style=\"font-style: inherit; font-weight: inherit;\"><span style=\"font-style: inherit; font-weight: inherit;\">&#8211; 10 pontas diamante<\/span><\/p>\n<p style=\"font-style: inherit; font-weight: inherit;\"><span style=\"font-style: inherit; font-weight: inherit;\">&#8211; 15 refis\u00a0<\/span><\/p>\n<p style=\"font-style: inherit; font-weight: inherit;\"><span style=\"font-style: inherit; font-weight: inherit;\">&#8211; 10 tampas\u00a0<\/span><\/p>\n<p style=\"font-style: inherit; font-weight: inherit;\"><span style=\"font-style: inherit; font-weight: inherit;\">&#8211; 10 bot\u00f5es\u00a0<\/span><\/p>\n<p style=\"font-style: inherit; font-weight: inherit;\"><span style=\"font-style: inherit; font-weight: inherit;\">&#8211; 10 plugs\u00a0<\/span><\/p>\n<p style=\"font-style: inherit; font-weight: inherit;\"><span style=\"font-style: inherit; font-weight: inherit;\">&#8211; 10 adesivos Hubble de identifica\u00e7\u00e3o de cores\u00a0<\/span><\/p>\n<p style=\"font-style: inherit; font-weight: inherit;\"><span style=\"font-style: inherit; font-weight: inherit;\">&#8211; 3 frascos de conta gotas (azul, amarelo e vermelho)<\/span><\/p>\n<p style=\"font-style: inherit; font-weight: inherit;\"><span style=\"font-style: inherit; font-weight: inherit;\">&#8211; 1 misturador\u00a0<br style=\"font-style: inherit; font-weight: inherit;\" \/>&#8211; 1 frasco com aroma reino m\u00e1gico <\/span><\/p>\n<p style=\"font-style: inherit; font-weight: inherit;\"><span style=\"font-style: inherit; font-weight: inherit;\">&#8211; 1 potinho para misturar as cores\u00a0<\/span><\/p>\n<p style=\"font-style: inherit; font-weight: inherit;\"><span style=\"font-style: inherit; font-weight: inherit;\">&#8211; 1 manual com passo a passo e sugest\u00f5es com algumas cores que podem ser feitas.\u00a0<\/span><\/p>\n<p style=\"font-style: inherit; font-weight: inherit;\"><span style=\"font-style: inherit; font-weight: inherit;\"><b><span style=\"font-style: inherit;\">Diferenciais:<\/span><\/b><\/span><\/p>\n<ul style=\"font-style: inherit; font-weight: inherit;\">\n<li style=\"font-style: inherit; font-weight: inherit;\"><span style=\"font-style: inherit; font-weight: inherit;\">Tinta de alta pigmenta\u00e7\u00e3o.<\/span><\/li>\n<li style=\"font-style: inherit; font-weight: inherit;\"><span style=\"font-style: inherit; font-weight: inherit;\">Com cores incr\u00edveis para desenhar, ilustrar e colorir seus projetos.<\/span><\/li>\n<li style=\"font-style: inherit; font-weight: inherit;\"><span style=\"font-style: inherit; font-weight: inherit;\">Tinta \u00e0 base de \u00e1gua de secagem r\u00e1pida.<\/span><\/li>\n<li style=\"font-style: inherit; font-weight: inherit;\"><span style=\"font-style: inherit; font-weight: inherit;\">Para uso art\u00edstico ou profissional.<\/span><\/li>\n<li style=\"font-style: inherit; font-weight: inherit;\"><span style=\"font-style: inherit; font-weight: inherit;\">Evite expor diretamente aos raios solares, tampe ap\u00f3s o uso.<\/span><\/li>\n<\/ul>\n<p style=\"font-style: inherit; font-weight: inherit;\"><span style=\"font-style: inherit; font-weight: inherit;\"><b><span style=\"font-style: inherit;\">Especifica\u00e7\u00f5es:<\/span><\/b><\/span><\/p>\n<p style=\"font-style: inherit; font-weight: inherit;\"><span style=\"font-style: inherit; font-weight: inherit;\"><b><span style=\"font-style: inherit;\">Cor:<\/span><\/b> Variada.<\/span><\/p>\n<p style=\"font-style: inherit; font-weight: inherit;\"><span style=\"font-style: inherit; font-weight: inherit;\"><b><span style=\"font-style: inherit;\">Indica\u00e7\u00f5es:<\/span><\/b> Para desenhar, ilustrar, colorir e lettering.<\/span><\/p>\n<p style=\"font-style: inherit; font-weight: inherit;\"><span style=\"font-style: inherit; font-weight: inherit;\"><b><span style=\"font-style: inherit;\">Volume:<\/span><\/b> caixa com 10 unidades.<\/span><\/p>\n<p style=\"font-style: inherit; font-weight: inherit;\"><span style=\"font-style: inherit; font-weight: inherit;\"><b><span style=\"font-style: inherit;\">Carga:<\/span><\/b> Tinta \u00e0 base de \u00e1gua<\/span><\/p>\n<p style=\"font-style: inherit; font-weight: inherit;\"><span style=\"font-style: inherit; font-weight: inherit;\"><b><span style=\"font-style: inherit;\">Registro: <\/span><\/b>HK Certificadora 0116 Registro 005122-2022, INMETRO.<\/span><\/p>\n<p>Marca: Newpen<\/p>\n<p>&nbsp;<\/p>\n<p><a href=\"https:\/\/bemfeitos.com.br\">Bem-Feito Presentes e Papelaria<\/a><\/p>\n","protected":false},"excerpt":{"rendered":"<p><span style=\"font-style: inherit; font-weight: inherit;\">Com a F\u00e1brica de Canetas Art Kit Hubble, vem com novas cores, um aroma especial e uma ponta diferente para voc\u00ea montar, pintar e brincar ao mesmo.<\/span><\/p>\n","protected":false},"featured_media":477,"comment_status":"open","ping_status":"closed","template":"","meta":{"_monsterinsights_skip_tracking":false,"_monsterinsights_sitenote_active":false,"_monsterinsights_sitenote_note":"","_monsterinsights_sitenote_category":0,"site-sidebar-layout":"default","site-content-layout":"","ast-site-content-layout":"default","site-content-style":"default","site-sidebar-style":"default","ast-global-header-display":"","ast-banner-title-visibility":"","ast-main-header-display":"","ast-hfb-above-header-display":"","ast-hfb-below-header-display":"","ast-hfb-mobile-header-display":"","site-post-title":"","ast-breadcrumbs-content":"","ast-featured-img":"","footer-sml-layout":"","theme-transparent-header-meta":"default","adv-header-id-meta":"","stick-header-meta":"","header-above-stick-meta":"","header-main-stick-meta":"","header-below-stick-meta":"","astra-migrate-meta-layouts":"set"},"product_cat":[27,20],"product_tag":[45],"class_list":{"0":"post-476","1":"product","2":"type-product","3":"status-publish","4":"has-post-thumbnail","6":"product_cat-brinquedos","7":"product_cat-canetas","8":"product_tag-newpen","9":"desktop-align-left","10":"tablet-align-left","11":"mobile-align-left","13":"first","14":"instock","15":"purchasable","16":"product-type-simple"},"aioseo_notices":[],"_links":{"self":[{"href":"https:\/\/bemfeitos.com.br\/index.php\/wp-json\/wp\/v2\/product\/476"}],"collection":[{"href":"https:\/\/bemfeitos.com.br\/index.php\/wp-json\/wp\/v2\/product"}],"about":[{"href":"https:\/\/bemfeitos.com.br\/index.php\/wp-json\/wp\/v2\/types\/product"}],"replies":[{"embeddable":true,"href":"https:\/\/bemfeitos.com.br\/index.php\/wp-json\/wp\/v2\/comments?post=476"}],"version-history":[{"count":4,"href":"https:\/\/bemfeitos.com.br\/index.php\/wp-json\/wp\/v2\/product\/476\/revisions"}],"predecessor-version":[{"id":1203,"href":"https:\/\/bemfeitos.com.br\/index.php\/wp-json\/wp\/v2\/product\/476\/revisions\/1203"}],"wp:featuredmedia":[{"embeddable":true,"href":"https:\/\/bemfeitos.com.br\/index.php\/wp-json\/wp\/v2\/media\/477"}],"wp:attachment":[{"href":"https:\/\/bemfeitos.com.br\/index.php\/wp-json\/wp\/v2\/media?parent=476"}],"wp:term":[{"taxonomy":"product_cat","embeddable":true,"href":"https:\/\/bemfeitos.com.br\/index.php\/wp-json\/wp\/v2\/product_cat?post=476"},{"taxonomy":"product_tag","embeddable":true,"href":"https:\/\/bemfeitos.com.br\/index.php\/wp-json\/wp\/v2\/product_tag?post=476"}],"curies":[{"name":"wp","href":"https:\/\/api.w.org\/{rel}","templated":true}]}}