{"id":630,"date":"2023-09-09T11:54:59","date_gmt":"2023-09-09T14:54:59","guid":{"rendered":"https:\/\/bemfeitos.com.br\/?post_type=product&#038;p=630"},"modified":"2024-02-17T09:01:54","modified_gmt":"2024-02-17T12:01:54","slug":"pasta-aba-elastico-oficio-lombo-2cm-linho-serena","status":"publish","type":"product","link":"https:\/\/bemfeitos.com.br\/index.php\/product\/pasta-aba-elastico-oficio-lombo-2cm-linho-serena\/","title":{"rendered":"Pasta Aba El\u00e1stico Of\u00edcio Lombo 2cm Linho Serena"},"content":{"rendered":"<p>Se n\u00f3s amamos tons pastel? Sim, n\u00f3s amamos! A linha de pastas aba el\u00e1stico Serena da Dello \u00e9 a tradu\u00e7\u00e3o de como organiza\u00e7\u00e3o e tend\u00eancia s\u00e3o insepar\u00e1veis. Produzidas em polipropileno, a linha \u00e9 composta por 04 cores (verde, azul, rosa e lil\u00e1s) em tom pastel, aquelas que parecem marshmallow!<\/p>\n<p><strong style=\"font-size: 16px;\">Peso<\/strong><span style=\"font-size: 16px;\">: 0092 kg<\/span><\/p>\n<div class=\"informacoes\">\n<div class=\"product-properties\">\n<p><strong>Dimens\u00f5es<\/strong>: 335 \u00d7 20 \u00d7 235 mm<\/p>\n<p><strong>Espessura<\/strong>: 0,50<\/p>\n<p>Marca: Dello<\/p>\n<\/div>\n<\/div>\n<p><a href=\"https:\/\/bemfeitos.com.br\">Bem-Feito Presentes e Papelaria<\/a><\/p>\n","protected":false},"excerpt":{"rendered":"<p>A pasta aba el\u00e1stico Serena da Dello s\u00e3o produzidas em polipropileno, a linha \u00e9 composta por 04 cores (verde, azul, rosa e lil\u00e1s) em tom pastel.<\/p>\n","protected":false},"featured_media":639,"comment_status":"open","ping_status":"closed","template":"","meta":{"_monsterinsights_skip_tracking":false,"_monsterinsights_sitenote_active":false,"_monsterinsights_sitenote_note":"","_monsterinsights_sitenote_category":0,"site-sidebar-layout":"default","site-content-layout":"","ast-site-content-layout":"default","site-content-style":"default","site-sidebar-style":"default","ast-global-header-display":"","ast-banner-title-visibility":"","ast-main-header-display":"","ast-hfb-above-header-display":"","ast-hfb-below-header-display":"","ast-hfb-mobile-header-display":"","site-post-title":"","ast-breadcrumbs-content":"","ast-featured-img":"","footer-sml-layout":"","theme-transparent-header-meta":"default","adv-header-id-meta":"","stick-header-meta":"","header-above-stick-meta":"","header-main-stick-meta":"","header-below-stick-meta":"","astra-migrate-meta-layouts":"set"},"product_cat":[26,16,22],"product_tag":[38],"class_list":{"0":"post-630","1":"product","2":"type-product","3":"status-publish","4":"has-post-thumbnail","6":"product_cat-escritorio","7":"product_cat-organizacao","8":"product_cat-pasta","9":"product_tag-dello","10":"desktop-align-left","11":"tablet-align-left","12":"mobile-align-left","14":"first","15":"instock","16":"purchasable","17":"product-type-variable"},"aioseo_notices":[],"_links":{"self":[{"href":"https:\/\/bemfeitos.com.br\/index.php\/wp-json\/wp\/v2\/product\/630"}],"collection":[{"href":"https:\/\/bemfeitos.com.br\/index.php\/wp-json\/wp\/v2\/product"}],"about":[{"href":"https:\/\/bemfeitos.com.br\/index.php\/wp-json\/wp\/v2\/types\/product"}],"replies":[{"embeddable":true,"href":"https:\/\/bemfeitos.com.br\/index.php\/wp-json\/wp\/v2\/comments?post=630"}],"version-history":[{"count":2,"href":"https:\/\/bemfeitos.com.br\/index.php\/wp-json\/wp\/v2\/product\/630\/revisions"}],"predecessor-version":[{"id":1164,"href":"https:\/\/bemfeitos.com.br\/index.php\/wp-json\/wp\/v2\/product\/630\/revisions\/1164"}],"wp:featuredmedia":[{"embeddable":true,"href":"https:\/\/bemfeitos.com.br\/index.php\/wp-json\/wp\/v2\/media\/639"}],"wp:attachment":[{"href":"https:\/\/bemfeitos.com.br\/index.php\/wp-json\/wp\/v2\/media?parent=630"}],"wp:term":[{"taxonomy":"product_cat","embeddable":true,"href":"https:\/\/bemfeitos.com.br\/index.php\/wp-json\/wp\/v2\/product_cat?post=630"},{"taxonomy":"product_tag","embeddable":true,"href":"https:\/\/bemfeitos.com.br\/index.php\/wp-json\/wp\/v2\/product_tag?post=630"}],"curies":[{"name":"wp","href":"https:\/\/api.w.org\/{rel}","templated":true}]}}