{"id":656,"date":"2023-09-09T13:14:02","date_gmt":"2023-09-09T16:14:02","guid":{"rendered":"https:\/\/bemfeitos.com.br\/?post_type=product&#038;p=656"},"modified":"2023-09-28T02:57:53","modified_gmt":"2023-09-28T05:57:53","slug":"porta-canetas-e-clips-dellocolor","status":"publish","type":"product","link":"https:\/\/bemfeitos.com.br\/index.php\/product\/porta-canetas-e-clips-dellocolor\/","title":{"rendered":"Porta Canetas e Clips DelloColor"},"content":{"rendered":"<p>Porta Canetas e Clips DelloColor \u00e9 ideal para guardar as suas canetas, l\u00e1pis, borrachas, clipes, enfim para a organiza\u00e7\u00e3o do seu ambiente de trabalho ou de estudos.<\/p>\n<ul>\n<li>Porta canetas e clips injetado em poliestireno.<\/li>\n<li>Excelente para acomodar objetos espalhados em cima da mesa.<\/li>\n<li>Dispon\u00edvel em 11 cores<\/li>\n<\/ul>\n<div class=\"informacoes\">\n<div class=\"product-properties\">\n<p><strong>Peso<\/strong>: 0093 kg<\/p>\n<p><strong>Dimens\u00f5es<\/strong>: 170 \u00d7 70 \u00d7 80 mm<\/p>\n<\/div>\n<p>Marca: Dello<\/p>\n<\/div>\n<p>&nbsp;<\/p>\n<p><a href=\"https:\/\/bemfeitos.com.br\">Bem-Feito Presentes e Papelaria<\/a><\/p>\n","protected":false},"excerpt":{"rendered":"<p>Porta Canetas e Clips DelloColor \u00e9 ideal para guardar as suas canetas, l\u00e1pis, borrachas, clipes, enfim para a organiza\u00e7\u00e3o do seu ambiente de trabalho ou de estudos.<\/p>\n","protected":false},"featured_media":657,"comment_status":"open","ping_status":"closed","template":"","meta":{"_monsterinsights_skip_tracking":false,"_monsterinsights_sitenote_active":false,"_monsterinsights_sitenote_note":"","_monsterinsights_sitenote_category":0,"site-sidebar-layout":"default","site-content-layout":"","ast-site-content-layout":"default","site-content-style":"default","site-sidebar-style":"default","ast-global-header-display":"","ast-banner-title-visibility":"","ast-main-header-display":"","ast-hfb-above-header-display":"","ast-hfb-below-header-display":"","ast-hfb-mobile-header-display":"","site-post-title":"","ast-breadcrumbs-content":"","ast-featured-img":"","footer-sml-layout":"","theme-transparent-header-meta":"default","adv-header-id-meta":"","stick-header-meta":"","header-above-stick-meta":"","header-main-stick-meta":"","header-below-stick-meta":"","astra-migrate-meta-layouts":"set"},"product_cat":[26,16],"product_tag":[38],"class_list":{"0":"post-656","1":"product","2":"type-product","3":"status-publish","4":"has-post-thumbnail","6":"product_cat-escritorio","7":"product_cat-organizacao","8":"product_tag-dello","9":"desktop-align-left","10":"tablet-align-left","11":"mobile-align-left","13":"first","14":"instock","15":"purchasable","16":"product-type-simple"},"aioseo_notices":[],"_links":{"self":[{"href":"https:\/\/bemfeitos.com.br\/index.php\/wp-json\/wp\/v2\/product\/656"}],"collection":[{"href":"https:\/\/bemfeitos.com.br\/index.php\/wp-json\/wp\/v2\/product"}],"about":[{"href":"https:\/\/bemfeitos.com.br\/index.php\/wp-json\/wp\/v2\/types\/product"}],"replies":[{"embeddable":true,"href":"https:\/\/bemfeitos.com.br\/index.php\/wp-json\/wp\/v2\/comments?post=656"}],"version-history":[{"count":2,"href":"https:\/\/bemfeitos.com.br\/index.php\/wp-json\/wp\/v2\/product\/656\/revisions"}],"predecessor-version":[{"id":1204,"href":"https:\/\/bemfeitos.com.br\/index.php\/wp-json\/wp\/v2\/product\/656\/revisions\/1204"}],"wp:featuredmedia":[{"embeddable":true,"href":"https:\/\/bemfeitos.com.br\/index.php\/wp-json\/wp\/v2\/media\/657"}],"wp:attachment":[{"href":"https:\/\/bemfeitos.com.br\/index.php\/wp-json\/wp\/v2\/media?parent=656"}],"wp:term":[{"taxonomy":"product_cat","embeddable":true,"href":"https:\/\/bemfeitos.com.br\/index.php\/wp-json\/wp\/v2\/product_cat?post=656"},{"taxonomy":"product_tag","embeddable":true,"href":"https:\/\/bemfeitos.com.br\/index.php\/wp-json\/wp\/v2\/product_tag?post=656"}],"curies":[{"name":"wp","href":"https:\/\/api.w.org\/{rel}","templated":true}]}}