{"id":66,"date":"2023-08-18T21:27:22","date_gmt":"2023-08-19T00:27:22","guid":{"rendered":"https:\/\/bemfeitos.com.br\/?post_type=product&#038;p=66"},"modified":"2023-09-23T02:20:42","modified_gmt":"2023-09-23T05:20:42","slug":"kit-duo-full-color-azul-e-verde-limao","status":"publish","type":"product","link":"https:\/\/bemfeitos.com.br\/index.php\/product\/kit-duo-full-color-azul-e-verde-limao\/","title":{"rendered":"Kit porta objetos Duo full color Azul e Verde Lim\u00e3o"},"content":{"rendered":"<p>Kit de porta objetos Duo Porta Objetos Full Color Azul e Verde Lim\u00e3o, permite uma organiza\u00e7\u00e3o melhor dos objetos ao seu redor.<\/p>\n<p>Acompanha 1 cartela de adesivos para personaliza\u00e7\u00e3o.<\/p>\n<p>Marca: Dello<\/p>\n<p><a href=\"https:\/\/bemfeitos.com.br\">Bem-Feito Presentes e Papelaria<\/a><\/p>\n","protected":false},"excerpt":{"rendered":"<p>Kit com dois porta objetos nas cores Azul e Verde Lim\u00e3o para organizar canetas, l\u00e1pis, apontadores e borrachas, trazendo beleza ao ambiente a sua volta.<\/p>\n","protected":false},"featured_media":42,"comment_status":"open","ping_status":"closed","template":"","meta":{"_monsterinsights_skip_tracking":false,"_monsterinsights_sitenote_active":false,"_monsterinsights_sitenote_note":"","_monsterinsights_sitenote_category":0,"site-sidebar-layout":"default","site-content-layout":"","ast-site-content-layout":"default","site-content-style":"default","site-sidebar-style":"default","ast-global-header-display":"","ast-banner-title-visibility":"","ast-main-header-display":"","ast-hfb-above-header-display":"","ast-hfb-below-header-display":"","ast-hfb-mobile-header-display":"","site-post-title":"","ast-breadcrumbs-content":"","ast-featured-img":"","footer-sml-layout":"","theme-transparent-header-meta":"default","adv-header-id-meta":"","stick-header-meta":"","header-above-stick-meta":"","header-main-stick-meta":"","header-below-stick-meta":"","astra-migrate-meta-layouts":"set"},"product_cat":[16],"product_tag":[38],"class_list":{"0":"post-66","1":"product","2":"type-product","3":"status-publish","4":"has-post-thumbnail","6":"product_cat-organizacao","7":"product_tag-dello","8":"desktop-align-left","9":"tablet-align-left","10":"mobile-align-left","12":"first","13":"instock","14":"purchasable","15":"product-type-simple"},"aioseo_notices":[],"_links":{"self":[{"href":"https:\/\/bemfeitos.com.br\/index.php\/wp-json\/wp\/v2\/product\/66"}],"collection":[{"href":"https:\/\/bemfeitos.com.br\/index.php\/wp-json\/wp\/v2\/product"}],"about":[{"href":"https:\/\/bemfeitos.com.br\/index.php\/wp-json\/wp\/v2\/types\/product"}],"replies":[{"embeddable":true,"href":"https:\/\/bemfeitos.com.br\/index.php\/wp-json\/wp\/v2\/comments?post=66"}],"version-history":[{"count":2,"href":"https:\/\/bemfeitos.com.br\/index.php\/wp-json\/wp\/v2\/product\/66\/revisions"}],"predecessor-version":[{"id":1128,"href":"https:\/\/bemfeitos.com.br\/index.php\/wp-json\/wp\/v2\/product\/66\/revisions\/1128"}],"wp:featuredmedia":[{"embeddable":true,"href":"https:\/\/bemfeitos.com.br\/index.php\/wp-json\/wp\/v2\/media\/42"}],"wp:attachment":[{"href":"https:\/\/bemfeitos.com.br\/index.php\/wp-json\/wp\/v2\/media?parent=66"}],"wp:term":[{"taxonomy":"product_cat","embeddable":true,"href":"https:\/\/bemfeitos.com.br\/index.php\/wp-json\/wp\/v2\/product_cat?post=66"},{"taxonomy":"product_tag","embeddable":true,"href":"https:\/\/bemfeitos.com.br\/index.php\/wp-json\/wp\/v2\/product_tag?post=66"}],"curies":[{"name":"wp","href":"https:\/\/api.w.org\/{rel}","templated":true}]}}