{"id":666,"date":"2023-09-09T22:48:21","date_gmt":"2023-09-10T01:48:21","guid":{"rendered":"https:\/\/bemfeitos.com.br\/?post_type=product&#038;p=666"},"modified":"2024-03-07T13:30:50","modified_gmt":"2024-03-07T16:30:50","slug":"stabilo-point-88-0-4","status":"publish","type":"product","link":"https:\/\/bemfeitos.com.br\/index.php\/product\/stabilo-point-88-0-4\/","title":{"rendered":"Caneta Stabilo Point 88 0.4"},"content":{"rendered":"<p>As Canetas da Stabilo, proporcionam conforto a todos que as utilizam. Tendo ponta fina, traz maior precis\u00e3o e delicadeza em qualquer trabalho a ser executado. Sua tinta \u00e9 de cor intensa e bonita, para melhores resultados em seus trabalhos.<\/p>\n<p>Veja tamb\u00e9m a linha de<a href=\"https:\/\/bemfeitos.com.br\/index.php\/product\/marca-texto-stabilo-boss-pastelmarca-texto-stabilo-boss-pastel\"> Marca Textos da Stabilo<\/a> e monte aqui sua cole\u00e7\u00e3o de excel\u00eancia.<\/p>\n<p><b>Informa\u00e7\u00f5es do Produto<\/b><\/p>\n<p>Caracter\u00edsticas:<\/p>\n<p>&#8211; Cores vibrantes<br \/>\n&#8211; Ponta 0.4mm<br \/>\n&#8211; Ideal para escrever, sublinhar, contornar e desenhar<br \/>\n&#8211; Maior conforto<br \/>\n&#8211; Corpo hexagonal<\/p>\n<p>Marca: Stabilo<\/p>\n<p>&nbsp;<\/p>\n<p><a href=\"https:\/\/bemfeitos.com.br\">Bem-Feito Presentes e Papelaria<\/a><\/p>\n","protected":false},"excerpt":{"rendered":"<p>A Caneta <a href=\"https:\/\/bemfeitos.com.br\/index.php\/product-tag\/stabilo\/\">Stabilo<\/a> Point 88 0.4 \u00e9 mais um item de excel\u00eancia e qualidade desenvolvido pela Stabilo para todos exigentes e sofisticadas.<\/p>\n","protected":false},"featured_media":667,"comment_status":"open","ping_status":"closed","template":"","meta":{"_monsterinsights_skip_tracking":false,"_monsterinsights_sitenote_active":false,"_monsterinsights_sitenote_note":"","_monsterinsights_sitenote_category":0,"site-sidebar-layout":"default","site-content-layout":"","ast-site-content-layout":"default","site-content-style":"default","site-sidebar-style":"default","ast-global-header-display":"","ast-banner-title-visibility":"","ast-main-header-display":"","ast-hfb-above-header-display":"","ast-hfb-below-header-display":"","ast-hfb-mobile-header-display":"","site-post-title":"","ast-breadcrumbs-content":"","ast-featured-img":"","footer-sml-layout":"","theme-transparent-header-meta":"default","adv-header-id-meta":"","stick-header-meta":"","header-above-stick-meta":"","header-main-stick-meta":"","header-below-stick-meta":"","astra-migrate-meta-layouts":"set"},"product_cat":[20],"product_tag":[46],"class_list":{"0":"post-666","1":"product","2":"type-product","3":"status-publish","4":"has-post-thumbnail","6":"product_cat-canetas","7":"product_tag-stabilo","8":"desktop-align-left","9":"tablet-align-left","10":"mobile-align-left","12":"first","13":"instock","14":"purchasable","15":"product-type-simple"},"aioseo_notices":[],"_links":{"self":[{"href":"https:\/\/bemfeitos.com.br\/index.php\/wp-json\/wp\/v2\/product\/666"}],"collection":[{"href":"https:\/\/bemfeitos.com.br\/index.php\/wp-json\/wp\/v2\/product"}],"about":[{"href":"https:\/\/bemfeitos.com.br\/index.php\/wp-json\/wp\/v2\/types\/product"}],"replies":[{"embeddable":true,"href":"https:\/\/bemfeitos.com.br\/index.php\/wp-json\/wp\/v2\/comments?post=666"}],"version-history":[{"count":2,"href":"https:\/\/bemfeitos.com.br\/index.php\/wp-json\/wp\/v2\/product\/666\/revisions"}],"predecessor-version":[{"id":955,"href":"https:\/\/bemfeitos.com.br\/index.php\/wp-json\/wp\/v2\/product\/666\/revisions\/955"}],"wp:featuredmedia":[{"embeddable":true,"href":"https:\/\/bemfeitos.com.br\/index.php\/wp-json\/wp\/v2\/media\/667"}],"wp:attachment":[{"href":"https:\/\/bemfeitos.com.br\/index.php\/wp-json\/wp\/v2\/media?parent=666"}],"wp:term":[{"taxonomy":"product_cat","embeddable":true,"href":"https:\/\/bemfeitos.com.br\/index.php\/wp-json\/wp\/v2\/product_cat?post=666"},{"taxonomy":"product_tag","embeddable":true,"href":"https:\/\/bemfeitos.com.br\/index.php\/wp-json\/wp\/v2\/product_tag?post=666"}],"curies":[{"name":"wp","href":"https:\/\/api.w.org\/{rel}","templated":true}]}}