{"id":675,"date":"2023-09-10T03:28:38","date_gmt":"2023-09-10T06:28:38","guid":{"rendered":"https:\/\/bemfeitos.com.br\/?post_type=product&#038;p=675"},"modified":"2024-04-17T12:58:07","modified_gmt":"2024-04-17T15:58:07","slug":"porta-revistas-dellocolor","status":"publish","type":"product","link":"https:\/\/bemfeitos.com.br\/index.php\/product\/porta-revistas-dellocolor\/","title":{"rendered":"Porta Revistas DelloColor"},"content":{"rendered":"<p>Porta Revistas DelloColor \u00e9 perfeito para organiza\u00e7\u00e3o de ambientes, \u00e9 multifuncional e vai al\u00e9m do que seu nome prop\u00f5e.<\/p>\n<p>Al\u00e9m claro, de organizar revistas, pode ser muito \u00fatil dentro de arm\u00e1rios na organiza\u00e7\u00e3o de pacotes e frascos, dentro do guarda roupas para organiza\u00e7\u00e3o de bolsas ou sapatos, ou at\u00e9 como apoiador de secadores ou toalhas dentro do banheiro.<\/p>\n<p>A aplica\u00e7\u00e3o desse produto vers\u00e1til vai da imagina\u00e7\u00e3o e da necessidade de cada pessoa (e bagun\u00e7a), ent\u00e3o n\u00e3o h\u00e1 limites para seu uso.<\/p>\n<p>Produzido em poliestireno, o Porta Revistas DelloColor est\u00e1 dispon\u00edvel em diversas cores diferentes, o que garante que o produto se adeque \u00e0 diversos ambientes e decora\u00e7\u00f5es.<\/p>\n<ul>\n<li>Porta Revistas injetado em poliestireno.<\/li>\n<\/ul>\n<div class=\"informacoes\">\n<div class=\"product-properties\">\n<p><strong>Peso<\/strong>: 0.420 kg<\/p>\n<p><strong>Dimens\u00f5es<\/strong>: 245 \u00d7 87 \u00d7 280 mm<\/p>\n<p><strong>Espessura<\/strong>: 3<\/p>\n<\/div>\n<p><a href=\"https:\/\/bemfeitos.com.br\">Bem-Feito Presentes e Papelaria<\/a><\/p>\n<\/div>\n","protected":false},"excerpt":{"rendered":"<p>Um dos produtos mais funcionais e coringas para organiza\u00e7\u00e3o de ambientes da Dello, o porta revistas \u00e9 multifuncional e vai al\u00e9m do que seu nome prop\u00f5e.<\/p>\n","protected":false},"featured_media":679,"comment_status":"open","ping_status":"closed","template":"","meta":{"_monsterinsights_skip_tracking":false,"_monsterinsights_sitenote_active":false,"_monsterinsights_sitenote_note":"","_monsterinsights_sitenote_category":0,"site-sidebar-layout":"default","site-content-layout":"","ast-site-content-layout":"default","site-content-style":"default","site-sidebar-style":"default","ast-global-header-display":"","ast-banner-title-visibility":"","ast-main-header-display":"","ast-hfb-above-header-display":"","ast-hfb-below-header-display":"","ast-hfb-mobile-header-display":"","site-post-title":"","ast-breadcrumbs-content":"","ast-featured-img":"","footer-sml-layout":"","theme-transparent-header-meta":"default","adv-header-id-meta":"","stick-header-meta":"","header-above-stick-meta":"","header-main-stick-meta":"","header-below-stick-meta":"","astra-migrate-meta-layouts":"set"},"product_cat":[16],"product_tag":[38],"class_list":{"0":"post-675","1":"product","2":"type-product","3":"status-publish","4":"has-post-thumbnail","6":"product_cat-organizacao","7":"product_tag-dello","8":"desktop-align-left","9":"tablet-align-left","10":"mobile-align-left","12":"first","13":"instock","14":"purchasable","15":"product-type-variable"},"aioseo_notices":[],"_links":{"self":[{"href":"https:\/\/bemfeitos.com.br\/index.php\/wp-json\/wp\/v2\/product\/675"}],"collection":[{"href":"https:\/\/bemfeitos.com.br\/index.php\/wp-json\/wp\/v2\/product"}],"about":[{"href":"https:\/\/bemfeitos.com.br\/index.php\/wp-json\/wp\/v2\/types\/product"}],"replies":[{"embeddable":true,"href":"https:\/\/bemfeitos.com.br\/index.php\/wp-json\/wp\/v2\/comments?post=675"}],"version-history":[{"count":2,"href":"https:\/\/bemfeitos.com.br\/index.php\/wp-json\/wp\/v2\/product\/675\/revisions"}],"predecessor-version":[{"id":1161,"href":"https:\/\/bemfeitos.com.br\/index.php\/wp-json\/wp\/v2\/product\/675\/revisions\/1161"}],"wp:featuredmedia":[{"embeddable":true,"href":"https:\/\/bemfeitos.com.br\/index.php\/wp-json\/wp\/v2\/media\/679"}],"wp:attachment":[{"href":"https:\/\/bemfeitos.com.br\/index.php\/wp-json\/wp\/v2\/media?parent=675"}],"wp:term":[{"taxonomy":"product_cat","embeddable":true,"href":"https:\/\/bemfeitos.com.br\/index.php\/wp-json\/wp\/v2\/product_cat?post=675"},{"taxonomy":"product_tag","embeddable":true,"href":"https:\/\/bemfeitos.com.br\/index.php\/wp-json\/wp\/v2\/product_tag?post=675"}],"curies":[{"name":"wp","href":"https:\/\/api.w.org\/{rel}","templated":true}]}}