{"id":733,"date":"2023-09-11T21:46:29","date_gmt":"2023-09-12T00:46:29","guid":{"rendered":"https:\/\/bemfeitos.com.br\/?post_type=product&#038;p=733"},"modified":"2024-03-07T12:41:22","modified_gmt":"2024-03-07T15:41:22","slug":"caneta-esferografica-ultra-bold-1-0mm","status":"publish","type":"product","link":"https:\/\/bemfeitos.com.br\/index.php\/product\/caneta-esferografica-ultra-bold-1-0mm\/","title":{"rendered":"Caneta Esferogr\u00e1fica Ultra Bold 1.0mm"},"content":{"rendered":"<div class=\"tabs\">\n<div class=\"tabs__container\">\n<div class=\"tab__body\">\n<div class=\"board_htm\">\n<p dir=\"ltr\">A Caneta Esferogr\u00e1fica Ultra Bold CIS possui um corpo pl\u00e1stico super leve e um clip na tampa, al\u00e9m da ponta tipo agulha e a esfera na ponta de a\u00e7o inoxid\u00e1vel que garante seu perfeito funcionamento.<\/p>\n<p dir=\"ltr\">Caneta Esferogr\u00e1fica Ultra Bold 1.0mm<\/p>\n<div>Corpo Redondo<\/div>\n<div>Fechamento em Tampa<\/div>\n<div>2x Mais Tinta &#8211; Escrita Suave e Macia<\/div>\n<div>Clip na Ponta<\/div>\n<div>Ponta 1.0mm<\/div>\n<p dir=\"ltr\">Cont\u00e9m: 1<\/p>\n<p dir=\"ltr\">UnidadeTamanho: 15cm<\/p>\n<p dir=\"ltr\">Peso: 9g<\/p>\n<p dir=\"ltr\">Produto Certificado INMETRO (Artigo Escolar\/Seguran\u00e7a) Registro 001698\/2021 OCP 0061<\/p>\n<\/div>\n<\/div>\n<\/div>\n<\/div>\n<div class=\"product-details__details\"><span class=\"dados-campo infoMarca\">Marca: CIS<\/span><\/div>\n<div><\/div>\n<div><a href=\"https:\/\/bemfeitos.com.br\">Bem-Feito Presentes e Papelaria<\/a><\/div>\n","protected":false},"excerpt":{"rendered":"<p>A Caneta Esferogr\u00e1fica Ultra Bold CIS possui um corpo pl\u00e1stico super leve e um clip na tampa, al\u00e9m da ponta tipo agulha e a esfera na ponta de a\u00e7o inoxid\u00e1vel que garante seu perfeito funcionamento.<\/p>\n","protected":false},"featured_media":739,"comment_status":"open","ping_status":"closed","template":"","meta":{"_monsterinsights_skip_tracking":false,"_monsterinsights_sitenote_active":false,"_monsterinsights_sitenote_note":"","_monsterinsights_sitenote_category":0,"site-sidebar-layout":"default","site-content-layout":"","ast-site-content-layout":"default","site-content-style":"default","site-sidebar-style":"default","ast-global-header-display":"","ast-banner-title-visibility":"","ast-main-header-display":"","ast-hfb-above-header-display":"","ast-hfb-below-header-display":"","ast-hfb-mobile-header-display":"","site-post-title":"","ast-breadcrumbs-content":"","ast-featured-img":"","footer-sml-layout":"","theme-transparent-header-meta":"default","adv-header-id-meta":"","stick-header-meta":"","header-above-stick-meta":"","header-main-stick-meta":"","header-below-stick-meta":"","astra-migrate-meta-layouts":"set"},"product_cat":[20],"product_tag":[],"class_list":{"0":"post-733","1":"product","2":"type-product","3":"status-publish","4":"has-post-thumbnail","6":"product_cat-canetas","7":"desktop-align-left","8":"tablet-align-left","9":"mobile-align-left","11":"first","12":"instock","13":"purchasable","14":"product-type-variable"},"aioseo_notices":[],"_links":{"self":[{"href":"https:\/\/bemfeitos.com.br\/index.php\/wp-json\/wp\/v2\/product\/733"}],"collection":[{"href":"https:\/\/bemfeitos.com.br\/index.php\/wp-json\/wp\/v2\/product"}],"about":[{"href":"https:\/\/bemfeitos.com.br\/index.php\/wp-json\/wp\/v2\/types\/product"}],"replies":[{"embeddable":true,"href":"https:\/\/bemfeitos.com.br\/index.php\/wp-json\/wp\/v2\/comments?post=733"}],"version-history":[{"count":2,"href":"https:\/\/bemfeitos.com.br\/index.php\/wp-json\/wp\/v2\/product\/733\/revisions"}],"predecessor-version":[{"id":959,"href":"https:\/\/bemfeitos.com.br\/index.php\/wp-json\/wp\/v2\/product\/733\/revisions\/959"}],"wp:featuredmedia":[{"embeddable":true,"href":"https:\/\/bemfeitos.com.br\/index.php\/wp-json\/wp\/v2\/media\/739"}],"wp:attachment":[{"href":"https:\/\/bemfeitos.com.br\/index.php\/wp-json\/wp\/v2\/media?parent=733"}],"wp:term":[{"taxonomy":"product_cat","embeddable":true,"href":"https:\/\/bemfeitos.com.br\/index.php\/wp-json\/wp\/v2\/product_cat?post=733"},{"taxonomy":"product_tag","embeddable":true,"href":"https:\/\/bemfeitos.com.br\/index.php\/wp-json\/wp\/v2\/product_tag?post=733"}],"curies":[{"name":"wp","href":"https:\/\/api.w.org\/{rel}","templated":true}]}}