{"id":748,"date":"2023-09-11T22:09:24","date_gmt":"2023-09-12T01:09:24","guid":{"rendered":"https:\/\/bemfeitos.com.br\/?post_type=product&#038;p=748"},"modified":"2024-03-07T12:41:06","modified_gmt":"2024-03-07T15:41:06","slug":"caneta-spiro-esferografica-7mm","status":"publish","type":"product","link":"https:\/\/bemfeitos.com.br\/index.php\/product\/caneta-spiro-esferografica-7mm\/","title":{"rendered":"Caneta Esferogr\u00e1fica SPIRO 7mm"},"content":{"rendered":"<p>A\u00a0<strong>Caneta Esferogr\u00e1fica CIS Spiro 0.7mm<\/strong>\u00a0\u00e9 a queridinha do momento. Com uma ponta de 0,7mm, ela proporciona uma escrita<\/p>\n<p>macia, com tra\u00e7o fino e boa pigmenta\u00e7\u00e3o da tinta.<\/p>\n<p>Por isso ela \u00e9 um sucesso. Quem experimenta uma vez, quer sempre ter dela no estojo.<\/p>\n<p>Com cores vibrantes e design diferenciado.<br \/>\nPonta met\u00e1lica.<br \/>\nCorpo mais longo: 17,5 cm<\/p>\n<p>Cores: Azul, Laranja, Roxo, Rosa, Verde, Vermelho, Preto, Azul escuro<\/p>\n<p>Marca: CIS<\/p>\n<p><a href=\"https:\/\/bemfeitos.com.br\">Bem-Feito Presentes e Papelaria<\/a><\/p>\n<p>Caso voc\u00ea tenha interesse temos tamb\u00e9m a <a href=\"https:\/\/bemfeitos.com.br\/index.php\/product\/caneta-spirinho\/\" title=\"Compre aqui!\">caneta spirinho<\/a>!<\/p>\n","protected":false},"excerpt":{"rendered":"<p>Caneta esferogr\u00e1fica Spiro 0.7 com\u00a0 cores diversas e vibrantes, possui uma escrita macia e tra\u00e7os finos.<\/p>\n","protected":false},"featured_media":750,"comment_status":"open","ping_status":"closed","template":"","meta":{"_monsterinsights_skip_tracking":false,"_monsterinsights_sitenote_active":false,"_monsterinsights_sitenote_note":"","_monsterinsights_sitenote_category":0,"site-sidebar-layout":"default","site-content-layout":"","ast-site-content-layout":"default","site-content-style":"default","site-sidebar-style":"default","ast-global-header-display":"","ast-banner-title-visibility":"","ast-main-header-display":"","ast-hfb-above-header-display":"","ast-hfb-below-header-display":"","ast-hfb-mobile-header-display":"","site-post-title":"","ast-breadcrumbs-content":"","ast-featured-img":"","footer-sml-layout":"","theme-transparent-header-meta":"default","adv-header-id-meta":"","stick-header-meta":"","header-above-stick-meta":"","header-main-stick-meta":"","header-below-stick-meta":"","astra-migrate-meta-layouts":"set"},"product_cat":[20],"product_tag":[44],"class_list":{"0":"post-748","1":"product","2":"type-product","3":"status-publish","4":"has-post-thumbnail","6":"product_cat-canetas","7":"product_tag-cis","8":"desktop-align-left","9":"tablet-align-left","10":"mobile-align-left","12":"first","13":"instock","14":"purchasable","15":"product-type-variable"},"aioseo_notices":[],"_links":{"self":[{"href":"https:\/\/bemfeitos.com.br\/index.php\/wp-json\/wp\/v2\/product\/748"}],"collection":[{"href":"https:\/\/bemfeitos.com.br\/index.php\/wp-json\/wp\/v2\/product"}],"about":[{"href":"https:\/\/bemfeitos.com.br\/index.php\/wp-json\/wp\/v2\/types\/product"}],"replies":[{"embeddable":true,"href":"https:\/\/bemfeitos.com.br\/index.php\/wp-json\/wp\/v2\/comments?post=748"}],"version-history":[{"count":2,"href":"https:\/\/bemfeitos.com.br\/index.php\/wp-json\/wp\/v2\/product\/748\/revisions"}],"predecessor-version":[{"id":754,"href":"https:\/\/bemfeitos.com.br\/index.php\/wp-json\/wp\/v2\/product\/748\/revisions\/754"}],"wp:featuredmedia":[{"embeddable":true,"href":"https:\/\/bemfeitos.com.br\/index.php\/wp-json\/wp\/v2\/media\/750"}],"wp:attachment":[{"href":"https:\/\/bemfeitos.com.br\/index.php\/wp-json\/wp\/v2\/media?parent=748"}],"wp:term":[{"taxonomy":"product_cat","embeddable":true,"href":"https:\/\/bemfeitos.com.br\/index.php\/wp-json\/wp\/v2\/product_cat?post=748"},{"taxonomy":"product_tag","embeddable":true,"href":"https:\/\/bemfeitos.com.br\/index.php\/wp-json\/wp\/v2\/product_tag?post=748"}],"curies":[{"name":"wp","href":"https:\/\/api.w.org\/{rel}","templated":true}]}}