{"id":779,"date":"2023-09-12T00:33:11","date_gmt":"2023-09-12T03:33:11","guid":{"rendered":"https:\/\/bemfeitos.com.br\/?post_type=product&#038;p=779"},"modified":"2024-12-16T10:47:24","modified_gmt":"2024-12-16T13:47:24","slug":"borracha-escolar_sweep-cis","status":"publish","type":"product","link":"https:\/\/bemfeitos.com.br\/index.php\/product\/borracha-escolar_sweep-cis\/","title":{"rendered":"Borracha Escolar Sweep CIS"},"content":{"rendered":"<p>Borracha Escolar Sweep CIS Cores Tons Pateis.<\/p>\n<p>A borracha escolar sweep tem dois lados, uma ponta borracha retr\u00e1til deixando-a bem protegida dentro do estojo o design lembra um estilete no qual voc\u00ea vai empurrando a borracha conforme a necessidade e a outra ponta tem uma vassourinha para limpar os res\u00edduos que ficam na folha.<\/p>\n<p>Caracter\u00edsticas do produto<br \/>\nBorracha escolar macia.<br \/>\nCom escova, para limpeza de res\u00edduos.<br \/>\nCorpo em cores pastel (Rosa, Verde e Lilas)<\/p>\n<p>Marca: CIS<\/p>\n<p><a href=\"https:\/\/bemfeitos.com.br\/index.php\/product\/borracha-escolar_sweep-cis\">https:\/\/bemfeitos.com.br<\/a><\/p>\n<p>&nbsp;<\/p>\n","protected":false},"excerpt":{"rendered":"<p>Borracha escolar sweep CIS, nas cores lil\u00e1s, rosa e verde.<\/p>\n","protected":false},"featured_media":783,"comment_status":"open","ping_status":"closed","template":"","meta":{"_monsterinsights_skip_tracking":false,"_monsterinsights_sitenote_active":false,"_monsterinsights_sitenote_note":"","_monsterinsights_sitenote_category":0,"site-sidebar-layout":"default","site-content-layout":"","ast-site-content-layout":"default","site-content-style":"default","site-sidebar-style":"default","ast-global-header-display":"","ast-banner-title-visibility":"","ast-main-header-display":"","ast-hfb-above-header-display":"","ast-hfb-below-header-display":"","ast-hfb-mobile-header-display":"","site-post-title":"","ast-breadcrumbs-content":"","ast-featured-img":"","footer-sml-layout":"","theme-transparent-header-meta":"default","adv-header-id-meta":"","stick-header-meta":"","header-above-stick-meta":"","header-main-stick-meta":"","header-below-stick-meta":"","astra-migrate-meta-layouts":"set"},"product_cat":[23],"product_tag":[44],"class_list":{"0":"post-779","1":"product","2":"type-product","3":"status-publish","4":"has-post-thumbnail","6":"product_cat-borrachas","7":"product_tag-cis","8":"desktop-align-left","9":"tablet-align-left","10":"mobile-align-left","12":"first","13":"instock","14":"purchasable","15":"product-type-variable"},"aioseo_notices":[],"_links":{"self":[{"href":"https:\/\/bemfeitos.com.br\/index.php\/wp-json\/wp\/v2\/product\/779"}],"collection":[{"href":"https:\/\/bemfeitos.com.br\/index.php\/wp-json\/wp\/v2\/product"}],"about":[{"href":"https:\/\/bemfeitos.com.br\/index.php\/wp-json\/wp\/v2\/types\/product"}],"replies":[{"embeddable":true,"href":"https:\/\/bemfeitos.com.br\/index.php\/wp-json\/wp\/v2\/comments?post=779"}],"version-history":[{"count":3,"href":"https:\/\/bemfeitos.com.br\/index.php\/wp-json\/wp\/v2\/product\/779\/revisions"}],"predecessor-version":[{"id":860,"href":"https:\/\/bemfeitos.com.br\/index.php\/wp-json\/wp\/v2\/product\/779\/revisions\/860"}],"wp:featuredmedia":[{"embeddable":true,"href":"https:\/\/bemfeitos.com.br\/index.php\/wp-json\/wp\/v2\/media\/783"}],"wp:attachment":[{"href":"https:\/\/bemfeitos.com.br\/index.php\/wp-json\/wp\/v2\/media?parent=779"}],"wp:term":[{"taxonomy":"product_cat","embeddable":true,"href":"https:\/\/bemfeitos.com.br\/index.php\/wp-json\/wp\/v2\/product_cat?post=779"},{"taxonomy":"product_tag","embeddable":true,"href":"https:\/\/bemfeitos.com.br\/index.php\/wp-json\/wp\/v2\/product_tag?post=779"}],"curies":[{"name":"wp","href":"https:\/\/api.w.org\/{rel}","templated":true}]}}