{"id":790,"date":"2023-09-12T00:53:20","date_gmt":"2023-09-12T03:53:20","guid":{"rendered":"https:\/\/bemfeitos.com.br\/?post_type=product&#038;p=790"},"modified":"2024-03-08T17:30:18","modified_gmt":"2024-03-08T20:30:18","slug":"fita-corretiva-5mm-x-6m-bichinhos-urso-panda-tigre-porco","status":"publish","type":"product","link":"https:\/\/bemfeitos.com.br\/index.php\/product\/fita-corretiva-5mm-x-6m-bichinhos-urso-panda-tigre-porco\/","title":{"rendered":"Fita corretiva  5mm x 6m Bichinhos CIS"},"content":{"rendered":"<p>Fita corretiva divertida em formato de animais!<\/p>\n<p>S\u00e3o 4 modelos distintos: Panda, Porquinho, Tigre e Urso!<\/p>\n<p>Certamente suas corre\u00e7\u00f5es ficar\u00e3o mais belas e divertidas.<\/p>\n<p>INFORMA\u00c7\u00d5ES T\u00c9CNICAS:<\/p>\n<p>Corretivo em fita 5mm x 6m;<\/p>\n<p>Com tampa;<\/p>\n<p>N\u00e3o t\u00f3xico;<\/p>\n<p>Sem cheiro;<\/p>\n<p>Todos os produtos possuem o certificado ISO 9001\/ICEPEX, sin\u00f4nimo de confian\u00e7a e excel\u00eancia, de acordo com os padr\u00f5es internacionais.<\/p>\n<p>Marca: CIS<\/p>\n","protected":false},"excerpt":{"rendered":"<p>Fita corretiva divertida em formato de animais! S\u00e3o 4 modelos distintos: Panda, Porquinho, Tigre e Urso! Certamente suas corre\u00e7\u00f5es ficar\u00e3o mais belas e divertidas. INFORMA\u00c7\u00d5ES T\u00c9CNICAS: Corretivo em fita 5mm x 6m; Com tampa; N\u00e3o t\u00f3xico; Sem cheiro; Todos os produtos possuem o certificado ISO 9001\/ICEPEX, sin\u00f4nimo de confian\u00e7a e excel\u00eancia, de acordo com os &hellip;<\/p>\n<p class=\"read-more\"> <a class=\"\" href=\"https:\/\/bemfeitos.com.br\/index.php\/product\/fita-corretiva-5mm-x-6m-bichinhos-urso-panda-tigre-porco\/\"> <span class=\"screen-reader-text\">Fita corretiva  5mm x 6m Bichinhos CIS<\/span> Leia mais &raquo;<\/a><\/p>\n","protected":false},"featured_media":800,"comment_status":"open","ping_status":"closed","template":"","meta":{"_monsterinsights_skip_tracking":false,"_monsterinsights_sitenote_active":false,"_monsterinsights_sitenote_note":"","_monsterinsights_sitenote_category":0,"site-sidebar-layout":"default","site-content-layout":"","ast-site-content-layout":"default","site-content-style":"default","site-sidebar-style":"default","ast-global-header-display":"","ast-banner-title-visibility":"","ast-main-header-display":"","ast-hfb-above-header-display":"","ast-hfb-below-header-display":"","ast-hfb-mobile-header-display":"","site-post-title":"","ast-breadcrumbs-content":"","ast-featured-img":"","footer-sml-layout":"","theme-transparent-header-meta":"default","adv-header-id-meta":"","stick-header-meta":"","header-above-stick-meta":"","header-main-stick-meta":"","header-below-stick-meta":"","astra-migrate-meta-layouts":"set"},"product_cat":[17],"product_tag":[44],"class_list":{"0":"post-790","1":"product","2":"type-product","3":"status-publish","4":"has-post-thumbnail","6":"product_cat-acessorios","7":"product_tag-cis","8":"desktop-align-left","9":"tablet-align-left","10":"mobile-align-left","12":"first","13":"instock","14":"purchasable","15":"product-type-variable"},"aioseo_notices":[],"_links":{"self":[{"href":"https:\/\/bemfeitos.com.br\/index.php\/wp-json\/wp\/v2\/product\/790"}],"collection":[{"href":"https:\/\/bemfeitos.com.br\/index.php\/wp-json\/wp\/v2\/product"}],"about":[{"href":"https:\/\/bemfeitos.com.br\/index.php\/wp-json\/wp\/v2\/types\/product"}],"replies":[{"embeddable":true,"href":"https:\/\/bemfeitos.com.br\/index.php\/wp-json\/wp\/v2\/comments?post=790"}],"version-history":[{"count":3,"href":"https:\/\/bemfeitos.com.br\/index.php\/wp-json\/wp\/v2\/product\/790\/revisions"}],"predecessor-version":[{"id":858,"href":"https:\/\/bemfeitos.com.br\/index.php\/wp-json\/wp\/v2\/product\/790\/revisions\/858"}],"wp:featuredmedia":[{"embeddable":true,"href":"https:\/\/bemfeitos.com.br\/index.php\/wp-json\/wp\/v2\/media\/800"}],"wp:attachment":[{"href":"https:\/\/bemfeitos.com.br\/index.php\/wp-json\/wp\/v2\/media?parent=790"}],"wp:term":[{"taxonomy":"product_cat","embeddable":true,"href":"https:\/\/bemfeitos.com.br\/index.php\/wp-json\/wp\/v2\/product_cat?post=790"},{"taxonomy":"product_tag","embeddable":true,"href":"https:\/\/bemfeitos.com.br\/index.php\/wp-json\/wp\/v2\/product_tag?post=790"}],"curies":[{"name":"wp","href":"https:\/\/api.w.org\/{rel}","templated":true}]}}