{"id":817,"date":"2023-09-12T01:50:07","date_gmt":"2023-09-12T04:50:07","guid":{"rendered":"https:\/\/bemfeitos.com.br\/?post_type=product&#038;p=817"},"modified":"2025-01-24T02:22:39","modified_gmt":"2025-01-24T05:22:39","slug":"marca-texto-stabilo-boss-pastel","status":"publish","type":"product","link":"https:\/\/bemfeitos.com.br\/index.php\/product\/marca-texto-stabilo-boss-pastel\/","title":{"rendered":"Marca Texto Stabilo Boss Pastel &#8211; Novas Cores"},"content":{"rendered":"<p>O Marca texto Stabilo Boss Pastel \u00e9 mais um dos produtos da <a href=\"https:\/\/bemfeitos.com.br\/index.php\/product-tag\/stabilo\/\">Stabilo<\/a> que traz beleza e qualidade, indispens\u00e1vel na vida acad\u00eamica ou no uso em escrit\u00f3rio.<\/p>\n<p>O cl\u00e1ssico marcador BOSS, desde 1971<br \/>\nDesign exclusivo<br \/>\nTinta \u00e0 base de \u00e1gua<br \/>\nTecnologia antisecagem, permite ficar at\u00e9 4 horas destampada sem secar a ponta<br \/>\n2 espessuras de tra\u00e7o: 2 e 5 mm<br \/>\nNovas cores pastel<\/p>\n<p>Marca: Stabilo<\/p>\n<p><a href=\"https:\/\/bemfeitos.com.br\">Bem-Feito Presentes e Papelaria\u00a0<\/a><\/p>\n","protected":false},"excerpt":{"rendered":"<p>O Marca texto Stabilo Boss Pastel \u00e9 mais um dos produtos da Stabilo que traz beleza e qualidade, indispens\u00e1vel na vida acad\u00eamica ou no uso em escrit\u00f3rio. O cl\u00e1ssico marcador BOSS, desde 1971 Design exclusivo Tinta \u00e0 base de \u00e1gua Tecnologia antisecagem, permite ficar at\u00e9 4 horas destampada sem secar a ponta 2 espessuras de &hellip;<\/p>\n<p class=\"read-more\"> <a class=\"\" href=\"https:\/\/bemfeitos.com.br\/index.php\/product\/marca-texto-stabilo-boss-pastel\/\"> <span class=\"screen-reader-text\">Marca Texto Stabilo Boss Pastel &#8211; Novas Cores<\/span> Leia mais &raquo;<\/a><\/p>\n","protected":false},"featured_media":1213,"comment_status":"open","ping_status":"closed","template":"","meta":{"_monsterinsights_skip_tracking":false,"_monsterinsights_sitenote_active":false,"_monsterinsights_sitenote_note":"","_monsterinsights_sitenote_category":0,"site-sidebar-layout":"default","site-content-layout":"","ast-site-content-layout":"default","site-content-style":"default","site-sidebar-style":"default","ast-global-header-display":"","ast-banner-title-visibility":"","ast-main-header-display":"","ast-hfb-above-header-display":"","ast-hfb-below-header-display":"","ast-hfb-mobile-header-display":"","site-post-title":"","ast-breadcrumbs-content":"","ast-featured-img":"","footer-sml-layout":"","theme-transparent-header-meta":"default","adv-header-id-meta":"","stick-header-meta":"","header-above-stick-meta":"","header-main-stick-meta":"","header-below-stick-meta":"","astra-migrate-meta-layouts":"set"},"product_cat":[142],"product_tag":[46],"class_list":{"0":"post-817","1":"product","2":"type-product","3":"status-publish","4":"has-post-thumbnail","6":"product_cat-caderno","7":"product_tag-stabilo","8":"desktop-align-left","9":"tablet-align-left","10":"mobile-align-left","12":"first","13":"outofstock","14":"purchasable","15":"product-type-variable"},"aioseo_notices":[],"_links":{"self":[{"href":"https:\/\/bemfeitos.com.br\/index.php\/wp-json\/wp\/v2\/product\/817"}],"collection":[{"href":"https:\/\/bemfeitos.com.br\/index.php\/wp-json\/wp\/v2\/product"}],"about":[{"href":"https:\/\/bemfeitos.com.br\/index.php\/wp-json\/wp\/v2\/types\/product"}],"replies":[{"embeddable":true,"href":"https:\/\/bemfeitos.com.br\/index.php\/wp-json\/wp\/v2\/comments?post=817"}],"version-history":[{"count":5,"href":"https:\/\/bemfeitos.com.br\/index.php\/wp-json\/wp\/v2\/product\/817\/revisions"}],"predecessor-version":[{"id":2912,"href":"https:\/\/bemfeitos.com.br\/index.php\/wp-json\/wp\/v2\/product\/817\/revisions\/2912"}],"wp:featuredmedia":[{"embeddable":true,"href":"https:\/\/bemfeitos.com.br\/index.php\/wp-json\/wp\/v2\/media\/1213"}],"wp:attachment":[{"href":"https:\/\/bemfeitos.com.br\/index.php\/wp-json\/wp\/v2\/media?parent=817"}],"wp:term":[{"taxonomy":"product_cat","embeddable":true,"href":"https:\/\/bemfeitos.com.br\/index.php\/wp-json\/wp\/v2\/product_cat?post=817"},{"taxonomy":"product_tag","embeddable":true,"href":"https:\/\/bemfeitos.com.br\/index.php\/wp-json\/wp\/v2\/product_tag?post=817"}],"curies":[{"name":"wp","href":"https:\/\/api.w.org\/{rel}","templated":true}]}}