{"id":865,"date":"2023-09-15T23:25:39","date_gmt":"2023-09-16T02:25:39","guid":{"rendered":"https:\/\/bemfeitos.com.br\/?post_type=product&#038;p=865"},"modified":"2024-11-17T00:11:33","modified_gmt":"2024-11-17T03:11:33","slug":"caderno-inteligente-agatha","status":"publish","type":"product","link":"https:\/\/bemfeitos.com.br\/index.php\/product\/caderno-inteligente-agatha\/","title":{"rendered":"Caderno Inteligente Agatha"},"content":{"rendered":"<h2><strong>Caderno Inteligente Agatha<\/strong><\/h2>\n<p>O caderno inteligente \u00c1gatha rosa n\u00e3o ser\u00e1 apenas seu confidente, mas tamb\u00e9m seu amigo e companheiro. Escreva suas hist\u00f3rias com estilo!<\/p>\n<p>Inspirado em uma pedra preciosa, sua capa marmorizada e detalhes dourados, o caderno \u00c1gatha \u00e9 perfeito para quem quer adicionar um pouco de luxo ao seu dia a dia.<\/p>\n<p>Ele tem\u00a0tudo o que voc\u00ea precisa: facilidades como el\u00e1stico e bolsa pl\u00e1stica, al\u00e9m de fluidez com folhas e capas destac\u00e1veis.<\/p>\n<p>Temos dois tamanhos dispon\u00edveis pra voc\u00ea<\/p>\n<h3><\/h3>\n<p><strong>M\u00e9dio ou Grande:<\/strong>\u00a0Capa e contracapa r\u00edgidas,\u00a001 folha de adesivos, 01 bolsa pl\u00e1stica, 01 folha de instru\u00e7\u00e3o de uso e manuseio, com refis e acess\u00f3rios da marca dispon\u00edveis no verso, 01 folha de identifica\u00e7\u00e3o com calend\u00e1rio no verso, 04 divis\u00f3rias com abas para identifica\u00e7\u00e3o (02 pretas e 02 transparentes), 80 folhas offset 90g (60 folhas pautadas e 20 folhas lisas brancas para impress\u00e3o), 01 suporte com el\u00e1stico para 01 caneta ou 01 l\u00e1pis e discos M + el\u00e1stico.<\/p>\n<p><a href=\"https:\/\/bemfeitos.com.br\/index.php\/product\/caderno-inteligente-agatha\">https:\/\/bemfeitos.com.br<\/a><\/p>\n","protected":false},"excerpt":{"rendered":"<p>Quem conhece, ama!!!<\/p>\n<p>Caderno inteligente Agatha \u00e9 eleg\u00e2ncia, sofistica\u00e7\u00e3o e beleza!<\/p>\n<p>Na <a href=\"https:\/\/bemfeitos.com.br\/index.php\/product\/caderno_inteligente_agatha\">Bem-feitos Presentes e Papelaria<\/a> voc\u00ea compra o melhor, pelo menor pre\u00e7o.<\/p>\n","protected":false},"featured_media":866,"comment_status":"open","ping_status":"closed","template":"","meta":{"_monsterinsights_skip_tracking":false,"_monsterinsights_sitenote_active":false,"_monsterinsights_sitenote_note":"","_monsterinsights_sitenote_category":0,"site-sidebar-layout":"default","site-content-layout":"","ast-site-content-layout":"default","site-content-style":"default","site-sidebar-style":"default","ast-global-header-display":"","ast-banner-title-visibility":"","ast-main-header-display":"","ast-hfb-above-header-display":"","ast-hfb-below-header-display":"","ast-hfb-mobile-header-display":"","site-post-title":"","ast-breadcrumbs-content":"","ast-featured-img":"","footer-sml-layout":"","theme-transparent-header-meta":"default","adv-header-id-meta":"","stick-header-meta":"","header-above-stick-meta":"","header-main-stick-meta":"","header-below-stick-meta":"","astra-migrate-meta-layouts":"set"},"product_cat":[142],"product_tag":[48],"class_list":{"0":"post-865","1":"product","2":"type-product","3":"status-publish","4":"has-post-thumbnail","6":"product_cat-caderno","7":"product_tag-caderno-inteligente","8":"desktop-align-left","9":"tablet-align-left","10":"mobile-align-left","12":"first","13":"instock","14":"purchasable","15":"product-type-variable","16":"has-default-attributes"},"aioseo_notices":[],"_links":{"self":[{"href":"https:\/\/bemfeitos.com.br\/index.php\/wp-json\/wp\/v2\/product\/865"}],"collection":[{"href":"https:\/\/bemfeitos.com.br\/index.php\/wp-json\/wp\/v2\/product"}],"about":[{"href":"https:\/\/bemfeitos.com.br\/index.php\/wp-json\/wp\/v2\/types\/product"}],"replies":[{"embeddable":true,"href":"https:\/\/bemfeitos.com.br\/index.php\/wp-json\/wp\/v2\/comments?post=865"}],"version-history":[{"count":2,"href":"https:\/\/bemfeitos.com.br\/index.php\/wp-json\/wp\/v2\/product\/865\/revisions"}],"predecessor-version":[{"id":2843,"href":"https:\/\/bemfeitos.com.br\/index.php\/wp-json\/wp\/v2\/product\/865\/revisions\/2843"}],"wp:featuredmedia":[{"embeddable":true,"href":"https:\/\/bemfeitos.com.br\/index.php\/wp-json\/wp\/v2\/media\/866"}],"wp:attachment":[{"href":"https:\/\/bemfeitos.com.br\/index.php\/wp-json\/wp\/v2\/media?parent=865"}],"wp:term":[{"taxonomy":"product_cat","embeddable":true,"href":"https:\/\/bemfeitos.com.br\/index.php\/wp-json\/wp\/v2\/product_cat?post=865"},{"taxonomy":"product_tag","embeddable":true,"href":"https:\/\/bemfeitos.com.br\/index.php\/wp-json\/wp\/v2\/product_tag?post=865"}],"curies":[{"name":"wp","href":"https:\/\/api.w.org\/{rel}","templated":true}]}}