{"id":873,"date":"2023-09-15T23:52:18","date_gmt":"2023-09-16T02:52:18","guid":{"rendered":"https:\/\/bemfeitos.com.br\/?post_type=product&#038;p=873"},"modified":"2024-03-07T12:37:03","modified_gmt":"2024-03-07T15:37:03","slug":"caderno-inteligente-all-aquamarine","status":"publish","type":"product","link":"https:\/\/bemfeitos.com.br\/index.php\/product\/caderno-inteligente-all-aquamarine\/","title":{"rendered":"Caderno Inteligente All Aquamarine"},"content":{"rendered":"<p>O caderno inteligente All Aquamarine com a cor queridinha das passarelas, traz uma varia\u00e7\u00e3o do turquesa um tanto quanto elegante e delicada para tornar o seu dia a dia ainda mais chique!<\/p>\n<p>A cor mais amada do momento, tamb\u00e9m presente nos novos discos e el\u00e1sticos Aquamarine. Perfeitos para completar o charme desse ou de muitos outros CI&#8217;s montados por voc\u00ea!<\/p>\n<p>Temos 2 tamanhos dispon\u00edveis:<\/p>\n<p><strong>M\u00e9dio ou Grande:<\/strong>\u00a0Capa e contracapa r\u00edgidas, 01 bolsa pl\u00e1stica, 01 folha de instru\u00e7\u00e3o de uso e manuseio, com refis e acess\u00f3rios da marca dispon\u00edveis no verso, 01 folha de identifica\u00e7\u00e3o com calend\u00e1rio no verso, 04 divis\u00f3rias com abas para identifica\u00e7\u00e3o (02 pretas e 02 transparentes), 80 folhas offset 90g (60 folhas pautadas e 20 folhas lisas brancas para impress\u00e3o), 01 suporte com el\u00e1stico para 01 caneta ou 01 l\u00e1pis\u00a0e discos M + el\u00e1stico.<\/p>\n<p><a href=\"https:\/\/bemfeitos.com.br\/index.php\/product\/caderno-inteligente-all-aquamarine\/\">Bem-Feitos Presentes e Papelaria<\/a><\/p>\n","protected":false},"excerpt":{"rendered":"<p>Esse lindo caderno inteligente All Aquamarine voc\u00ea encontra aqui na <a href=\"https:\/\/bemfeitos.com.br\">Bem Feito Presentes e Papelaria<\/a>, al\u00e9m de muitos outro itens\u00a0 elegantes e modernos.<\/p>\n","protected":false},"featured_media":874,"comment_status":"open","ping_status":"closed","template":"","meta":{"_monsterinsights_skip_tracking":false,"_monsterinsights_sitenote_active":false,"_monsterinsights_sitenote_note":"","_monsterinsights_sitenote_category":0,"site-sidebar-layout":"default","site-content-layout":"","ast-site-content-layout":"default","site-content-style":"default","site-sidebar-style":"default","ast-global-header-display":"","ast-banner-title-visibility":"","ast-main-header-display":"","ast-hfb-above-header-display":"","ast-hfb-below-header-display":"","ast-hfb-mobile-header-display":"","site-post-title":"","ast-breadcrumbs-content":"","ast-featured-img":"","footer-sml-layout":"","theme-transparent-header-meta":"default","adv-header-id-meta":"","stick-header-meta":"","header-above-stick-meta":"","header-main-stick-meta":"","header-below-stick-meta":"","astra-migrate-meta-layouts":"set"},"product_cat":[142],"product_tag":[48],"class_list":{"0":"post-873","1":"product","2":"type-product","3":"status-publish","4":"has-post-thumbnail","6":"product_cat-caderno","7":"product_tag-caderno-inteligente","8":"desktop-align-left","9":"tablet-align-left","10":"mobile-align-left","12":"first","13":"instock","14":"purchasable","15":"product-type-variable"},"aioseo_notices":[],"_links":{"self":[{"href":"https:\/\/bemfeitos.com.br\/index.php\/wp-json\/wp\/v2\/product\/873"}],"collection":[{"href":"https:\/\/bemfeitos.com.br\/index.php\/wp-json\/wp\/v2\/product"}],"about":[{"href":"https:\/\/bemfeitos.com.br\/index.php\/wp-json\/wp\/v2\/types\/product"}],"replies":[{"embeddable":true,"href":"https:\/\/bemfeitos.com.br\/index.php\/wp-json\/wp\/v2\/comments?post=873"}],"version-history":[{"count":1,"href":"https:\/\/bemfeitos.com.br\/index.php\/wp-json\/wp\/v2\/product\/873\/revisions"}],"predecessor-version":[{"id":877,"href":"https:\/\/bemfeitos.com.br\/index.php\/wp-json\/wp\/v2\/product\/873\/revisions\/877"}],"wp:featuredmedia":[{"embeddable":true,"href":"https:\/\/bemfeitos.com.br\/index.php\/wp-json\/wp\/v2\/media\/874"}],"wp:attachment":[{"href":"https:\/\/bemfeitos.com.br\/index.php\/wp-json\/wp\/v2\/media?parent=873"}],"wp:term":[{"taxonomy":"product_cat","embeddable":true,"href":"https:\/\/bemfeitos.com.br\/index.php\/wp-json\/wp\/v2\/product_cat?post=873"},{"taxonomy":"product_tag","embeddable":true,"href":"https:\/\/bemfeitos.com.br\/index.php\/wp-json\/wp\/v2\/product_tag?post=873"}],"curies":[{"name":"wp","href":"https:\/\/api.w.org\/{rel}","templated":true}]}}