{"id":908,"date":"2023-09-16T15:30:58","date_gmt":"2023-09-16T18:30:58","guid":{"rendered":"https:\/\/bemfeitos.com.br\/?post_type=product&#038;p=908"},"modified":"2024-12-03T11:10:20","modified_gmt":"2024-12-03T14:10:20","slug":"caderno-inteligente-by-harry-porter","status":"publish","type":"product","link":"https:\/\/bemfeitos.com.br\/index.php\/product\/caderno-inteligente-by-harry-porter\/","title":{"rendered":"Caderno Inteligente By Harry Porter"},"content":{"rendered":"<p><span style=\"font-weight: 400;\">O Caderno inteligente By Harry Potter original e licenciado em parceria com a Jandaia.<\/span><span style=\"font-weight: 400;\"><br \/>\n<\/span><span style=\"font-weight: 400;\"><br \/>\n<\/span><span style=\"font-weight: 400;\">Com acabamento premium em hotstamping dourado, folhas off-white personalizadas, adesivos tem\u00e1ticos e divis\u00f3rias nas cores das casas\u00a0<\/span><span style=\"font-weight: 400;\">Grifin\u00f3ria, Sonserina, Corvinal e Lufa-Lufa.<\/span><span style=\"font-weight: 400;\"><br \/>\n<\/span><span style=\"font-weight: 400;\"><br \/>\n<\/span><span style=\"font-weight: 400;\">Agora voc\u00ea pode ter a cole\u00e7\u00e3o mais desejada Caderno Inteligente &#8211;\u00a0 Harry Potter e dar muito mais vida \u00e0s suas anota\u00e7\u00f5es.<\/span><span style=\"font-weight: 400;\"><br \/>\n<\/span><span style=\"font-weight: 400;\"><br \/>\n<\/span><span style=\"font-weight: 400;\">O Caderno Inteligente\u00ae \u00e9 um produto super vers\u00e1til. Ele \u00e9 customiz\u00e1vel, ou seja, voc\u00ea pode mont\u00e1-lo da maneira que preferir, tornando um produto exclusivamente seu! O Caderno Inteligente \u00e9 ideal para fazer anota\u00e7\u00f5es, agenda de compromissos, cronograma de atividades, \u00e1lbum de fotos, e mais.<\/span><\/p>\n<p><span style=\"font-weight: 400;\">Caderno inteligente, s\u00f3 Caderno Inteligente\u00ae O ORIGINAL NO BRASIL<\/span><\/p>\n<p><span style=\"font-weight: 400;\">Temos 02 tamanhos dispon\u00edveis contendo:<\/span><span style=\"font-weight: 400;\"><br \/>\n<\/span><span style=\"font-weight: 400;\"><br \/>\n<\/span><span style=\"font-weight: 400;\">\u22c6 A5 e Grande: Capa e contracapa r\u00edgidas, 01 bolsa pl\u00e1stica, 01 folha de instru\u00e7\u00e3o de uso e manuseio, com refis e acess\u00f3rios da marca dispon\u00edveis no verso, 01 folha de identifica\u00e7\u00e3o OFF WHITE com calend\u00e1rio no verso, 04 divis\u00f3rias com abas para identifica\u00e7\u00e3o (01 vermelha, 01 amarela, 01 azul e 01 verde), 80 folhas offset 90g (60 folhas pautadas off white HARRY POTTER e 20 folhas lisas brancas para impress\u00e3o) e 01 suporte com el\u00e1stico para 01 caneta ou 01 l\u00e1pis.<\/span><\/p>\n<p>&nbsp;<\/p>\n<p><a href=\"https:\/\/bemfeitos.com.br\">Bem-Feito Presentes e Papelaria<\/a><\/p>\n","protected":false},"excerpt":{"rendered":"<p>Expelliarmus!<\/p>\n<p>Mergulhe nesse universo encantador e cheio de magia com a edi\u00e7\u00e3o especial do Caderno Inteligente Harry Potter Oficial.<\/p>\n","protected":false},"featured_media":2547,"comment_status":"open","ping_status":"closed","template":"","meta":{"_monsterinsights_skip_tracking":false,"_monsterinsights_sitenote_active":false,"_monsterinsights_sitenote_note":"","_monsterinsights_sitenote_category":0,"site-sidebar-layout":"default","site-content-layout":"","ast-site-content-layout":"default","site-content-style":"default","site-sidebar-style":"default","ast-global-header-display":"","ast-banner-title-visibility":"","ast-main-header-display":"","ast-hfb-above-header-display":"","ast-hfb-below-header-display":"","ast-hfb-mobile-header-display":"","site-post-title":"","ast-breadcrumbs-content":"","ast-featured-img":"","footer-sml-layout":"","theme-transparent-header-meta":"default","adv-header-id-meta":"","stick-header-meta":"","header-above-stick-meta":"","header-main-stick-meta":"","header-below-stick-meta":"","astra-migrate-meta-layouts":"set"},"product_cat":[142,52],"product_tag":[48,127],"class_list":{"0":"post-908","1":"product","2":"type-product","3":"status-publish","4":"has-post-thumbnail","6":"product_cat-caderno","7":"product_cat-cadernos","8":"product_tag-caderno-inteligente","9":"product_tag-harry-potter","10":"desktop-align-left","11":"tablet-align-left","12":"mobile-align-left","14":"first","15":"instock","16":"purchasable","17":"product-type-variable","18":"has-default-attributes"},"aioseo_notices":[],"_links":{"self":[{"href":"https:\/\/bemfeitos.com.br\/index.php\/wp-json\/wp\/v2\/product\/908"}],"collection":[{"href":"https:\/\/bemfeitos.com.br\/index.php\/wp-json\/wp\/v2\/product"}],"about":[{"href":"https:\/\/bemfeitos.com.br\/index.php\/wp-json\/wp\/v2\/types\/product"}],"replies":[{"embeddable":true,"href":"https:\/\/bemfeitos.com.br\/index.php\/wp-json\/wp\/v2\/comments?post=908"}],"version-history":[{"count":2,"href":"https:\/\/bemfeitos.com.br\/index.php\/wp-json\/wp\/v2\/product\/908\/revisions"}],"predecessor-version":[{"id":2846,"href":"https:\/\/bemfeitos.com.br\/index.php\/wp-json\/wp\/v2\/product\/908\/revisions\/2846"}],"wp:featuredmedia":[{"embeddable":true,"href":"https:\/\/bemfeitos.com.br\/index.php\/wp-json\/wp\/v2\/media\/2547"}],"wp:attachment":[{"href":"https:\/\/bemfeitos.com.br\/index.php\/wp-json\/wp\/v2\/media?parent=908"}],"wp:term":[{"taxonomy":"product_cat","embeddable":true,"href":"https:\/\/bemfeitos.com.br\/index.php\/wp-json\/wp\/v2\/product_cat?post=908"},{"taxonomy":"product_tag","embeddable":true,"href":"https:\/\/bemfeitos.com.br\/index.php\/wp-json\/wp\/v2\/product_tag?post=908"}],"curies":[{"name":"wp","href":"https:\/\/api.w.org\/{rel}","templated":true}]}}