{"id":918,"date":"2023-09-16T15:38:06","date_gmt":"2023-09-16T18:38:06","guid":{"rendered":"https:\/\/bemfeitos.com.br\/?post_type=product&#038;p=918"},"modified":"2024-03-07T12:30:24","modified_gmt":"2024-03-07T15:30:24","slug":"caderno-inteligente-glitter-neon-black","status":"publish","type":"product","link":"https:\/\/bemfeitos.com.br\/index.php\/product\/caderno-inteligente-glitter-neon-black\/","title":{"rendered":"Caderno inteligente Glitter Neon Black"},"content":{"rendered":"<p><span style=\"font-weight: 400;\">O novo Caderno inteligente Glitter Neon Black possui muito brilho na capa para voc\u00ea brilhar ainda mais nos estudos e anota\u00e7\u00f5es do dia a dia.<\/span><span style=\"font-weight: 400;\"><br \/>\n<\/span><span style=\"font-weight: 400;\">Perfeito para voc\u00ea que busca uma solu\u00e7\u00e3o premium e cores para alegrar a sua rotina.<\/span><span style=\"font-weight: 400;\"><br \/>\n<\/span><span style=\"font-weight: 400;\">O Caderno Inteligente Original que voc\u00ea retira as folhas e coloca quando quiser.\u00a0 Voc\u00ea pode personalizar como desejar a capa, discos, el\u00e1sticos e acess\u00f3rios.<\/span><span style=\"font-weight: 400;\"><br \/>\n<\/span><span style=\"font-weight: 400;\">Edi\u00e7\u00e3o especial nos tamanhos Grande, m\u00e9dio e A5 &#8211;<\/span><span style=\"font-weight: 400;\"><br \/>\n<\/span><span style=\"font-weight: 400;\"><br \/>\n<\/span><span style=\"font-weight: 400;\">Obs.: Por se tratar de um produto artesanal, a tonalidade pode variar um pouco e pequenas part\u00edculas de Glitter podem se soltar<\/span><\/p>\n<p><span style=\"font-weight: 400;\">Caderno inteligente, s\u00f3 Caderno Inteligente\u00ae<\/span><\/p>\n<p><span style=\"font-weight: 400;\">S\u00e3o 3 tamanhos dispon\u00edveis, contendo:<\/span><\/p>\n<p><span style=\"font-weight: 400;\">\u22c6 A5, M\u00e9dio e Grande: Capa e contracapa r\u00edgidas, 01 folha de adesivos, 01 bolsa pl\u00e1stica, 01 folha de instru\u00e7\u00e3o de uso e manuseio, com refis e acess\u00f3rios da marca dispon\u00edveis no verso, 01 folha de identifica\u00e7\u00e3o com calend\u00e1rio no verso, 04 divis\u00f3rias com abas para identifica\u00e7\u00e3o, 80 folhas offset 90g (60 folhas pautadas e 20 folhas lisas brancas para impress\u00e3o), 01 suporte com\u00a0<\/span><span style=\"font-weight: 400;\">el\u00e1stico para 01 caneta ou 01 l\u00e1pis e discos M + el\u00e1stico.<\/span><\/p>\n<p><span style=\"font-weight: 400;\">** pequenas part\u00edculas de Glitter podem se soltar<\/span><\/p>\n<p>&nbsp;<\/p>\n<p><a href=\"https:\/\/bemfeitos.com.br\">Bem-Feito Presentes e Papelaria<\/a><\/p>\n","protected":false},"excerpt":{"rendered":"<p><span style=\"font-weight: 400;\">Caderno inteligente Glitter Neon Black \u00e9 u<\/span>m verdadeiro show de cores, brilho e glamour no Caderno Let\u2019s Glitter Neon Black<\/p>\n","protected":false},"featured_media":919,"comment_status":"open","ping_status":"closed","template":"","meta":{"_monsterinsights_skip_tracking":false,"_monsterinsights_sitenote_active":false,"_monsterinsights_sitenote_note":"","_monsterinsights_sitenote_category":0,"site-sidebar-layout":"default","site-content-layout":"","ast-site-content-layout":"default","site-content-style":"default","site-sidebar-style":"default","ast-global-header-display":"","ast-banner-title-visibility":"","ast-main-header-display":"","ast-hfb-above-header-display":"","ast-hfb-below-header-display":"","ast-hfb-mobile-header-display":"","site-post-title":"","ast-breadcrumbs-content":"","ast-featured-img":"","footer-sml-layout":"","theme-transparent-header-meta":"default","adv-header-id-meta":"","stick-header-meta":"","header-above-stick-meta":"","header-main-stick-meta":"","header-below-stick-meta":"","astra-migrate-meta-layouts":"set"},"product_cat":[142],"product_tag":[48],"class_list":{"0":"post-918","1":"product","2":"type-product","3":"status-publish","4":"has-post-thumbnail","6":"product_cat-caderno","7":"product_tag-caderno-inteligente","8":"desktop-align-left","9":"tablet-align-left","10":"mobile-align-left","12":"first","13":"instock","14":"purchasable","15":"product-type-variable"},"aioseo_notices":[],"_links":{"self":[{"href":"https:\/\/bemfeitos.com.br\/index.php\/wp-json\/wp\/v2\/product\/918"}],"collection":[{"href":"https:\/\/bemfeitos.com.br\/index.php\/wp-json\/wp\/v2\/product"}],"about":[{"href":"https:\/\/bemfeitos.com.br\/index.php\/wp-json\/wp\/v2\/types\/product"}],"replies":[{"embeddable":true,"href":"https:\/\/bemfeitos.com.br\/index.php\/wp-json\/wp\/v2\/comments?post=918"}],"version-history":[{"count":0,"href":"https:\/\/bemfeitos.com.br\/index.php\/wp-json\/wp\/v2\/product\/918\/revisions"}],"wp:featuredmedia":[{"embeddable":true,"href":"https:\/\/bemfeitos.com.br\/index.php\/wp-json\/wp\/v2\/media\/919"}],"wp:attachment":[{"href":"https:\/\/bemfeitos.com.br\/index.php\/wp-json\/wp\/v2\/media?parent=918"}],"wp:term":[{"taxonomy":"product_cat","embeddable":true,"href":"https:\/\/bemfeitos.com.br\/index.php\/wp-json\/wp\/v2\/product_cat?post=918"},{"taxonomy":"product_tag","embeddable":true,"href":"https:\/\/bemfeitos.com.br\/index.php\/wp-json\/wp\/v2\/product_tag?post=918"}],"curies":[{"name":"wp","href":"https:\/\/api.w.org\/{rel}","templated":true}]}}