{"id":928,"date":"2023-09-16T16:15:32","date_gmt":"2023-09-16T19:15:32","guid":{"rendered":"https:\/\/bemfeitos.com.br\/?post_type=product&#038;p=928"},"modified":"2024-03-07T12:52:34","modified_gmt":"2024-03-07T15:52:34","slug":"caderno-inteligente-onix","status":"publish","type":"product","link":"https:\/\/bemfeitos.com.br\/index.php\/product\/caderno-inteligente-onix\/","title":{"rendered":"Caderno Inteligente \u00d4nyx"},"content":{"rendered":"<p>\u00d4nyx \u00e9 um caderno inteligente sofisticado e elegante, na cor cinza chumbo com detalhes de fios dourados completam a beleza do seu novo BFF.<\/p>\n<p>Fabricado no Brasil, este caderno \u00e9 o companheiro perfeito para os seus pensamentos nos momentos mais bonitos da vida.<\/p>\n<p>Com o seu formato fino, cabe facilmente na sua bolsa, tornando-o tamb\u00e9m um caderno de viagem perfeito!<\/p>\n<p>&nbsp;<\/p>\n<p>Temos 02 tamanhos dispon\u00edveis contendo:<\/p>\n<p>\u22c6\u00a0<strong>A5 e Grande:<\/strong>\u00a0Capa e contracapa r\u00edgidas,\u00a001 folha de adesivos, 01 bolsa pl\u00e1stica, 01 folha de instru\u00e7\u00e3o de uso e manuseio, com refis e acess\u00f3rios da marca dispon\u00edveis no verso, 01 folha de identifica\u00e7\u00e3o com calend\u00e1rio no verso, 04 divis\u00f3rias com abas para identifica\u00e7\u00e3o (02 pretas e 02 transparentes), 80 folhas offset 90g (60 folhas pautadas e 20 folhas lisas brancas para impress\u00e3o), 01 suporte com el\u00e1stico para 01 caneta ou 01 l\u00e1pis e discos M + el\u00e1stico.<\/p>\n<p>&nbsp;<\/p>\n<p><a href=\"https:\/\/bemfeitos.com.br\">Bem Feito Presentes e Papelaria<\/a><\/p>\n","protected":false},"excerpt":{"rendered":"<p>\u00d4nyx \u00e9 um caderno inteligente sofisticado e elegante, Com o seu formato fino, cabe facilmente na sua bolsa, tornando-o tamb\u00e9m um caderno de viagem perfeito!<\/p>\n","protected":false},"featured_media":931,"comment_status":"open","ping_status":"closed","template":"","meta":{"_monsterinsights_skip_tracking":false,"_monsterinsights_sitenote_active":false,"_monsterinsights_sitenote_note":"","_monsterinsights_sitenote_category":0,"site-sidebar-layout":"default","site-content-layout":"","ast-site-content-layout":"default","site-content-style":"default","site-sidebar-style":"default","ast-global-header-display":"","ast-banner-title-visibility":"","ast-main-header-display":"","ast-hfb-above-header-display":"","ast-hfb-below-header-display":"","ast-hfb-mobile-header-display":"","site-post-title":"","ast-breadcrumbs-content":"","ast-featured-img":"","footer-sml-layout":"","theme-transparent-header-meta":"default","adv-header-id-meta":"","stick-header-meta":"","header-above-stick-meta":"","header-main-stick-meta":"","header-below-stick-meta":"","astra-migrate-meta-layouts":"set"},"product_cat":[142],"product_tag":[48],"class_list":{"0":"post-928","1":"product","2":"type-product","3":"status-publish","4":"has-post-thumbnail","6":"product_cat-caderno","7":"product_tag-caderno-inteligente","8":"desktop-align-left","9":"tablet-align-left","10":"mobile-align-left","12":"first","13":"instock","14":"purchasable","15":"product-type-variable"},"aioseo_notices":[],"_links":{"self":[{"href":"https:\/\/bemfeitos.com.br\/index.php\/wp-json\/wp\/v2\/product\/928"}],"collection":[{"href":"https:\/\/bemfeitos.com.br\/index.php\/wp-json\/wp\/v2\/product"}],"about":[{"href":"https:\/\/bemfeitos.com.br\/index.php\/wp-json\/wp\/v2\/types\/product"}],"replies":[{"embeddable":true,"href":"https:\/\/bemfeitos.com.br\/index.php\/wp-json\/wp\/v2\/comments?post=928"}],"version-history":[{"count":1,"href":"https:\/\/bemfeitos.com.br\/index.php\/wp-json\/wp\/v2\/product\/928\/revisions"}],"predecessor-version":[{"id":974,"href":"https:\/\/bemfeitos.com.br\/index.php\/wp-json\/wp\/v2\/product\/928\/revisions\/974"}],"wp:featuredmedia":[{"embeddable":true,"href":"https:\/\/bemfeitos.com.br\/index.php\/wp-json\/wp\/v2\/media\/931"}],"wp:attachment":[{"href":"https:\/\/bemfeitos.com.br\/index.php\/wp-json\/wp\/v2\/media?parent=928"}],"wp:term":[{"taxonomy":"product_cat","embeddable":true,"href":"https:\/\/bemfeitos.com.br\/index.php\/wp-json\/wp\/v2\/product_cat?post=928"},{"taxonomy":"product_tag","embeddable":true,"href":"https:\/\/bemfeitos.com.br\/index.php\/wp-json\/wp\/v2\/product_tag?post=928"}],"curies":[{"name":"wp","href":"https:\/\/api.w.org\/{rel}","templated":true}]}}