{"id":947,"date":"2023-09-16T17:07:48","date_gmt":"2023-09-16T20:07:48","guid":{"rendered":"https:\/\/bemfeitos.com.br\/?post_type=product&#038;p=947"},"modified":"2024-03-07T12:51:50","modified_gmt":"2024-03-07T15:51:50","slug":"refil-liso-grande-90g-para-caderno-inteligente","status":"publish","type":"product","link":"https:\/\/bemfeitos.com.br\/index.php\/product\/refil-liso-grande-90g-para-caderno-inteligente\/","title":{"rendered":"Refil Liso Grande 90g para caderno inteligente"},"content":{"rendered":"<p>Para fazer suas anota\u00e7\u00f5es livremente, e at\u00e9 mesmo ilustra\u00e7\u00f5es, conhe\u00e7a o refil liso de folhas para Caderno Inteligente.<\/p>\n<p>Com folhas brancas e lisas, voc\u00ea pode criar resumos, mapas mentais, pode colorir ou escrever sem regras, al\u00e9m de imprimir textos e figuras e inserir nas p\u00e1ginas.<\/p>\n<p>\u00c9 mais autonomia para personalizar seu CI e registrar o que quiser.<\/p>\n<p>Este refil cont\u00e9m 50 folhas 90g dispon\u00edvel no tamanho Grande.<\/p>\n<p>&nbsp;<\/p>\n<p><a href=\"https:\/\/bemfeitos.com.br\">Bem-Feito Presentes e Papelaria<\/a><\/p>\n","protected":false},"excerpt":{"rendered":"<p>\u00c9 mais autonomia para personalizar seu Caderno Inteligente e registrar o que quiser.<\/p>\n<p>Veja tamb\u00e9m o refil pautado <a href=\"https:\/\/bemfeitos.com.br\/index.php\/product\/refil-pautado-grande-90g\/\">clicando aqui!<\/a><\/p>\n","protected":false},"featured_media":948,"comment_status":"open","ping_status":"closed","template":"","meta":{"_monsterinsights_skip_tracking":false,"_monsterinsights_sitenote_active":false,"_monsterinsights_sitenote_note":"","_monsterinsights_sitenote_category":0,"site-sidebar-layout":"default","site-content-layout":"","ast-site-content-layout":"default","site-content-style":"default","site-sidebar-style":"default","ast-global-header-display":"","ast-banner-title-visibility":"","ast-main-header-display":"","ast-hfb-above-header-display":"","ast-hfb-below-header-display":"","ast-hfb-mobile-header-display":"","site-post-title":"","ast-breadcrumbs-content":"","ast-featured-img":"","footer-sml-layout":"","theme-transparent-header-meta":"default","adv-header-id-meta":"","stick-header-meta":"","header-above-stick-meta":"","header-main-stick-meta":"","header-below-stick-meta":"","astra-migrate-meta-layouts":"set"},"product_cat":[17],"product_tag":[48],"class_list":{"0":"post-947","1":"product","2":"type-product","3":"status-publish","4":"has-post-thumbnail","6":"product_cat-acessorios","7":"product_tag-caderno-inteligente","8":"desktop-align-left","9":"tablet-align-left","10":"mobile-align-left","12":"first","13":"instock","14":"purchasable","15":"product-type-simple"},"aioseo_notices":[],"_links":{"self":[{"href":"https:\/\/bemfeitos.com.br\/index.php\/wp-json\/wp\/v2\/product\/947"}],"collection":[{"href":"https:\/\/bemfeitos.com.br\/index.php\/wp-json\/wp\/v2\/product"}],"about":[{"href":"https:\/\/bemfeitos.com.br\/index.php\/wp-json\/wp\/v2\/types\/product"}],"replies":[{"embeddable":true,"href":"https:\/\/bemfeitos.com.br\/index.php\/wp-json\/wp\/v2\/comments?post=947"}],"version-history":[{"count":1,"href":"https:\/\/bemfeitos.com.br\/index.php\/wp-json\/wp\/v2\/product\/947\/revisions"}],"predecessor-version":[{"id":953,"href":"https:\/\/bemfeitos.com.br\/index.php\/wp-json\/wp\/v2\/product\/947\/revisions\/953"}],"wp:featuredmedia":[{"embeddable":true,"href":"https:\/\/bemfeitos.com.br\/index.php\/wp-json\/wp\/v2\/media\/948"}],"wp:attachment":[{"href":"https:\/\/bemfeitos.com.br\/index.php\/wp-json\/wp\/v2\/media?parent=947"}],"wp:term":[{"taxonomy":"product_cat","embeddable":true,"href":"https:\/\/bemfeitos.com.br\/index.php\/wp-json\/wp\/v2\/product_cat?post=947"},{"taxonomy":"product_tag","embeddable":true,"href":"https:\/\/bemfeitos.com.br\/index.php\/wp-json\/wp\/v2\/product_tag?post=947"}],"curies":[{"name":"wp","href":"https:\/\/api.w.org\/{rel}","templated":true}]}}