{"id":949,"date":"2023-09-16T17:19:52","date_gmt":"2023-09-16T20:19:52","guid":{"rendered":"https:\/\/bemfeitos.com.br\/?post_type=product&#038;p=949"},"modified":"2024-03-07T12:51:36","modified_gmt":"2024-03-07T15:51:36","slug":"refil-pautado-grande-90g-para-caderno-inteligente","status":"publish","type":"product","link":"https:\/\/bemfeitos.com.br\/index.php\/product\/refil-pautado-grande-90g-para-caderno-inteligente\/","title":{"rendered":"Refil pautado 90g para caderno inteligente"},"content":{"rendered":"<p>O refil pautado do Caderno Inteligente que possui um sistema pr\u00e1tico e inovador, permite que seu caderno fique sempre novo, n\u00e3o importa o quanto voc\u00ea escreva!<\/p>\n<p>Este refil cont\u00e9m 50 folhas 90g dispon\u00edvel no tamanho Grande e M\u00e9dio.<\/p>\n<p>&nbsp;<\/p>\n<p><a href=\"https:\/\/bemfeitos.com.br\">Bem-Feito Presentes e Papelaria<\/a><\/p>\n","protected":false},"excerpt":{"rendered":"<p>Refil pautado para Caderno Inteligente permite que voc\u00ea reabaste\u00e7a o seu caderno com p\u00e1ginas novinhas.<\/p>\n<p>Querendo pode adquirir <a href=\"https:\/\/bemfeitos.com.br\/index.php\/product\/refil-liso-gr\u2026erno-inteligente\/\">aqui<\/a> o refil liso.<\/p>\n","protected":false},"featured_media":952,"comment_status":"open","ping_status":"closed","template":"","meta":{"_monsterinsights_skip_tracking":false,"_monsterinsights_sitenote_active":false,"_monsterinsights_sitenote_note":"","_monsterinsights_sitenote_category":0,"site-sidebar-layout":"default","site-content-layout":"","ast-site-content-layout":"default","site-content-style":"default","site-sidebar-style":"default","ast-global-header-display":"","ast-banner-title-visibility":"","ast-main-header-display":"","ast-hfb-above-header-display":"","ast-hfb-below-header-display":"","ast-hfb-mobile-header-display":"","site-post-title":"","ast-breadcrumbs-content":"","ast-featured-img":"","footer-sml-layout":"","theme-transparent-header-meta":"default","adv-header-id-meta":"","stick-header-meta":"","header-above-stick-meta":"","header-main-stick-meta":"","header-below-stick-meta":"","astra-migrate-meta-layouts":"set"},"product_cat":[17],"product_tag":[48],"class_list":{"0":"post-949","1":"product","2":"type-product","3":"status-publish","4":"has-post-thumbnail","6":"product_cat-acessorios","7":"product_tag-caderno-inteligente","8":"desktop-align-left","9":"tablet-align-left","10":"mobile-align-left","12":"first","13":"instock","14":"purchasable","15":"product-type-variable"},"aioseo_notices":[],"_links":{"self":[{"href":"https:\/\/bemfeitos.com.br\/index.php\/wp-json\/wp\/v2\/product\/949"}],"collection":[{"href":"https:\/\/bemfeitos.com.br\/index.php\/wp-json\/wp\/v2\/product"}],"about":[{"href":"https:\/\/bemfeitos.com.br\/index.php\/wp-json\/wp\/v2\/types\/product"}],"replies":[{"embeddable":true,"href":"https:\/\/bemfeitos.com.br\/index.php\/wp-json\/wp\/v2\/comments?post=949"}],"version-history":[{"count":0,"href":"https:\/\/bemfeitos.com.br\/index.php\/wp-json\/wp\/v2\/product\/949\/revisions"}],"wp:featuredmedia":[{"embeddable":true,"href":"https:\/\/bemfeitos.com.br\/index.php\/wp-json\/wp\/v2\/media\/952"}],"wp:attachment":[{"href":"https:\/\/bemfeitos.com.br\/index.php\/wp-json\/wp\/v2\/media?parent=949"}],"wp:term":[{"taxonomy":"product_cat","embeddable":true,"href":"https:\/\/bemfeitos.com.br\/index.php\/wp-json\/wp\/v2\/product_cat?post=949"},{"taxonomy":"product_tag","embeddable":true,"href":"https:\/\/bemfeitos.com.br\/index.php\/wp-json\/wp\/v2\/product_tag?post=949"}],"curies":[{"name":"wp","href":"https:\/\/api.w.org\/{rel}","templated":true}]}}