{"id":984,"date":"2023-09-21T14:16:11","date_gmt":"2023-09-21T17:16:11","guid":{"rendered":"https:\/\/bemfeitos.com.br\/?post_type=product&#038;p=984"},"modified":"2023-09-26T01:56:38","modified_gmt":"2023-09-26T04:56:38","slug":"lapis-cartonado-personalizado","status":"publish","type":"product","link":"https:\/\/bemfeitos.com.br\/index.php\/product\/lapis-cartonado-personalizado\/","title":{"rendered":"L\u00e1pis Cartonado Personalizado &#8211; Dia dos professores"},"content":{"rendered":"<p>Dia dos Professores! Surpreenda com esse super presente personalizado.<\/p>\n<p>L\u00e1pis cartonado com frase personalizada + blocos adesivos + r\u00e9gua com 8 marca p\u00e1ginas adesivas.<\/p>\n<p>Observa\u00e7\u00f5es: b<span style=\"font-size: 16px;\">loco adesivo em cores variadas &#8211; <\/span><span style=\"font-size: 16px;\">lamina\u00e7\u00e3o bopp &#8211; <\/span><span style=\"font-size: 16px;\">mensagem personalizada.<\/span><\/p>\n<p>Ao final de sua compra, inclua sua frase (ATEN\u00c7\u00c3O A GRAFIA DE NOMES) no campo &#8220;Observa\u00e7\u00e3o do pedido&#8221;.<\/p>\n<p>&nbsp;<\/p>\n<p><a href=\"https:\/\/bemfeitos.com.br\">Bem-Feito Presentes e Papelaria<\/a><\/p>\n","protected":false},"excerpt":{"rendered":"<p>Excelente presente personalizado para o dia dos professores l\u00e1pis cartonado com frase personalizada + blocos adesivos + r\u00e9gua com 8 marca p\u00e1ginas adesivas.<\/p>\n","protected":false},"featured_media":987,"comment_status":"open","ping_status":"closed","template":"","meta":{"_monsterinsights_skip_tracking":false,"_monsterinsights_sitenote_active":false,"_monsterinsights_sitenote_note":"","_monsterinsights_sitenote_category":0,"site-sidebar-layout":"default","site-content-layout":"","ast-site-content-layout":"default","site-content-style":"default","site-sidebar-style":"default","ast-global-header-display":"","ast-banner-title-visibility":"","ast-main-header-display":"","ast-hfb-above-header-display":"","ast-hfb-below-header-display":"","ast-hfb-mobile-header-display":"","site-post-title":"","ast-breadcrumbs-content":"","ast-featured-img":"","footer-sml-layout":"","theme-transparent-header-meta":"default","adv-header-id-meta":"","stick-header-meta":"","header-above-stick-meta":"","header-main-stick-meta":"","header-below-stick-meta":"","astra-migrate-meta-layouts":"set"},"product_cat":[50],"product_tag":[],"class_list":{"0":"post-984","1":"product","2":"type-product","3":"status-publish","4":"has-post-thumbnail","6":"product_cat-dia-dos-professores","7":"desktop-align-left","8":"tablet-align-left","9":"mobile-align-left","11":"first","12":"instock","13":"purchasable","14":"product-type-simple"},"aioseo_notices":[],"_links":{"self":[{"href":"https:\/\/bemfeitos.com.br\/index.php\/wp-json\/wp\/v2\/product\/984"}],"collection":[{"href":"https:\/\/bemfeitos.com.br\/index.php\/wp-json\/wp\/v2\/product"}],"about":[{"href":"https:\/\/bemfeitos.com.br\/index.php\/wp-json\/wp\/v2\/types\/product"}],"replies":[{"embeddable":true,"href":"https:\/\/bemfeitos.com.br\/index.php\/wp-json\/wp\/v2\/comments?post=984"}],"version-history":[{"count":1,"href":"https:\/\/bemfeitos.com.br\/index.php\/wp-json\/wp\/v2\/product\/984\/revisions"}],"predecessor-version":[{"id":988,"href":"https:\/\/bemfeitos.com.br\/index.php\/wp-json\/wp\/v2\/product\/984\/revisions\/988"}],"wp:featuredmedia":[{"embeddable":true,"href":"https:\/\/bemfeitos.com.br\/index.php\/wp-json\/wp\/v2\/media\/987"}],"wp:attachment":[{"href":"https:\/\/bemfeitos.com.br\/index.php\/wp-json\/wp\/v2\/media?parent=984"}],"wp:term":[{"taxonomy":"product_cat","embeddable":true,"href":"https:\/\/bemfeitos.com.br\/index.php\/wp-json\/wp\/v2\/product_cat?post=984"},{"taxonomy":"product_tag","embeddable":true,"href":"https:\/\/bemfeitos.com.br\/index.php\/wp-json\/wp\/v2\/product_tag?post=984"}],"curies":[{"name":"wp","href":"https:\/\/api.w.org\/{rel}","templated":true}]}}