{"id":997,"date":"2023-09-21T16:07:51","date_gmt":"2023-09-21T19:07:51","guid":{"rendered":"https:\/\/bemfeitos.com.br\/?post_type=product&#038;p=997"},"modified":"2023-09-30T13:14:22","modified_gmt":"2023-09-30T16:14:22","slug":"kit-melhor-professora-do-mundo","status":"publish","type":"product","link":"https:\/\/bemfeitos.com.br\/index.php\/product\/kit-melhor-professora-do-mundo\/","title":{"rendered":"Kit Melhor Professora do Mundo"},"content":{"rendered":"<p>Todo mundo tem uma professora que marcou a sua vida e por isso preparamos esse kit para que voc\u00ea possa presente\u00e1-la nessa data t\u00e3o especial.<\/p>\n<p>Kit Presente Dia dos Professores<\/p>\n<p>Kit contendo marca p\u00e1gina com calend\u00e1rio, bloco 10&#215;7 e caneta Cis YOLO 0.7 verde<\/p>\n<p>Bloco com folhas lisas com aproximadamente 80 folhas.<\/p>\n<p>&nbsp;<\/p>\n<p><a href=\"https:\/\/bemfeitos.com.br\">Bem-Feito Presentes e Papelaria<\/a><\/p>\n","protected":false},"excerpt":{"rendered":"<p>Presenteie sua professora com esse kit charmoso, bonito e \u00fatil. Temos certeza de que ela ir\u00e1 amar!<\/p>\n","protected":false},"featured_media":998,"comment_status":"open","ping_status":"closed","template":"","meta":{"_monsterinsights_skip_tracking":false,"_monsterinsights_sitenote_active":false,"_monsterinsights_sitenote_note":"","_monsterinsights_sitenote_category":0,"site-sidebar-layout":"default","site-content-layout":"","ast-site-content-layout":"default","site-content-style":"default","site-sidebar-style":"default","ast-global-header-display":"","ast-banner-title-visibility":"","ast-main-header-display":"","ast-hfb-above-header-display":"","ast-hfb-below-header-display":"","ast-hfb-mobile-header-display":"","site-post-title":"","ast-breadcrumbs-content":"","ast-featured-img":"","footer-sml-layout":"","theme-transparent-header-meta":"default","adv-header-id-meta":"","stick-header-meta":"","header-above-stick-meta":"","header-main-stick-meta":"","header-below-stick-meta":"","astra-migrate-meta-layouts":"set"},"product_cat":[50],"product_tag":[],"class_list":{"0":"post-997","1":"product","2":"type-product","3":"status-publish","4":"has-post-thumbnail","6":"product_cat-dia-dos-professores","7":"desktop-align-left","8":"tablet-align-left","9":"mobile-align-left","11":"first","12":"instock","13":"purchasable","14":"product-type-simple"},"aioseo_notices":[],"_links":{"self":[{"href":"https:\/\/bemfeitos.com.br\/index.php\/wp-json\/wp\/v2\/product\/997"}],"collection":[{"href":"https:\/\/bemfeitos.com.br\/index.php\/wp-json\/wp\/v2\/product"}],"about":[{"href":"https:\/\/bemfeitos.com.br\/index.php\/wp-json\/wp\/v2\/types\/product"}],"replies":[{"embeddable":true,"href":"https:\/\/bemfeitos.com.br\/index.php\/wp-json\/wp\/v2\/comments?post=997"}],"version-history":[{"count":1,"href":"https:\/\/bemfeitos.com.br\/index.php\/wp-json\/wp\/v2\/product\/997\/revisions"}],"predecessor-version":[{"id":1129,"href":"https:\/\/bemfeitos.com.br\/index.php\/wp-json\/wp\/v2\/product\/997\/revisions\/1129"}],"wp:featuredmedia":[{"embeddable":true,"href":"https:\/\/bemfeitos.com.br\/index.php\/wp-json\/wp\/v2\/media\/998"}],"wp:attachment":[{"href":"https:\/\/bemfeitos.com.br\/index.php\/wp-json\/wp\/v2\/media?parent=997"}],"wp:term":[{"taxonomy":"product_cat","embeddable":true,"href":"https:\/\/bemfeitos.com.br\/index.php\/wp-json\/wp\/v2\/product_cat?post=997"},{"taxonomy":"product_tag","embeddable":true,"href":"https:\/\/bemfeitos.com.br\/index.php\/wp-json\/wp\/v2\/product_tag?post=997"}],"curies":[{"name":"wp","href":"https:\/\/api.w.org\/{rel}","templated":true}]}}